{"id":1048,"date":"2018-07-26T03:59:56","date_gmt":"2018-07-26T01:59:56","guid":{"rendered":"https:\/\/saintmalo-hotel-elizabeth.com\/?page_id=1048"},"modified":"2018-07-26T04:06:31","modified_gmt":"2018-07-26T02:06:31","slug":"politique-de-confidentialite","status":"publish","type":"page","link":"https:\/\/saintmalo-hotel-elizabeth.com\/de\/datenschutzrichtlinie\/","title":{"rendered":"Datenschutzrichtlinie"},"content":{"rendered":"<ol>\n<li><b>PERS\u00d6NLICHE DATEN<\/b><\/li>\n<\/ol>\n<p>Grunds\u00e4tzlich k\u00f6nnen Sie die Website des H\u00f4tel Saint Malo Elizabeth besuchen, ohne Angaben zu Ihrer Person zu machen. In keinem Fall sind Sie dazu verpflichtet, diese Informationen an das H\u00f4tel Saint Malo Elizabeth weiterzugeben<\/p>\n<p>Im Falle einer Ablehnung k\u00f6nnen Sie jedoch m\u00f6glicherweise bestimmte von Ihnen angeforderte Informationen oder Dienstleistungen nicht in Anspruch nehmen. Daher kann das H\u00f4tel Saint Malo Elizabeth Sie in bestimmten F\u00e4llen auffordern, Ihren Namen, Vornamen, Ihre E-Mail-Adresse, Ihre Telefonnummer, Ihr Unternehmen und Ihre Position anzugeben (im Folgenden Ihre \u201epers\u00f6nlichen Daten\u201c). Durch die Bereitstellung dieser Informationen erkl\u00e4ren Sie sich ausdr\u00fccklich damit einverstanden, dass diese vom H\u00f4tel Saint Malo Elizabeth f\u00fcr die in Punkt 2 unten genannten Zwecke sowie f\u00fcr die am Ende jedes Formulars genannten Zwecke verarbeitet werden.<\/p>\n<p>Gem\u00e4\u00df der vom Europ\u00e4ischen Parlament am 14. April 2016 verabschiedeten Allgemeinen Datenschutzverordnung und dem Datenschutzgesetz vom 6. Januar 1978 in der ge\u00e4nderten Fassung informiert Sie das H\u00f4tel Saint Malo Elizabeth \u00fcber folgende Punkte:<\/p>\n<ul>\n<li><b>1. Identit\u00e4t des Datenverantwortlichen<\/b><\/li>\n<\/ul>\n<p>Der Datenverantwortliche ist die Firma H\u00f4tel Web-Design<\/p>\n<p>&nbsp;<\/p>\n<ul>\n<li><b>2.<\/b>\u00a0<b>Zwecke der Verarbeitung<\/b><\/li>\n<\/ul>\n<p>Das H\u00f4tel Saint Malo Elizabeth kann Ihre personenbezogenen Daten verarbeiten:<\/p>\n<p>(a) zum Zwecke der Bereitstellung der von Ihnen gew\u00fcnschten Informationen oder Dienstleistungen (insbesondere: Zusendung des Newsletters); und oder<\/p>\n<p>(b) zum Zweck der Sammlung von Informationen, die es uns erm\u00f6glichen, unsere Website, unsere Produkte und Dienstleistungen zu verbessern (insbesondere durch Cookies); und oder<\/p>\n<p>(c) um Sie \u00fcber verschiedene Ereignisse im Zusammenhang mit dem H\u00f4tel Saint Malo Elizabeth kontaktieren zu k\u00f6nnen, insbesondere \u00fcber die Aktualisierung seiner kommerziellen Angebote.<\/p>\n<ul>\n<li><b>3.<\/b>\u00a0<b>Empf\u00e4nger<\/b><\/li>\n<\/ul>\n<p>Nur das H\u00f4tel Saint Malo Elizabeth ist der Empf\u00e4nger Ihrer pers\u00f6nlichen Daten. Diese werden, unabh\u00e4ngig davon, ob sie einzeln oder in zusammengefasster Form vorliegen, niemals an Dritte weitergegeben, ungeachtet der vom H\u00f4tel Saint Malo Elizabeth eingesetzten Subunternehmer (weitere Informationen hierzu finden Sie unter Punkt 7 unten). Weder das H\u00f4tel Saint Malo Elizabeth noch einer seiner Subunternehmer verkaufen die personenbezogenen Daten von Besuchern und Nutzern seiner Website.<\/p>\n<ul>\n<li><b>4.<\/b>\u00a0<b>Die Dauer des Gespr\u00e4chs<\/b><\/li>\n<\/ul>\n<p>Ihre personenbezogenen Daten werden vom H\u00f4tel Saint Malo Elizabeth nur f\u00fcr den Zeitraum gespeichert, der dem unter Punkt 2 genannten Zweck der Erhebung entspricht und in keinem Fall 24 Monate \u00fcberschreiten darf.<\/p>\n<ul>\n<li><b>5. Computerrechte und -freiheiten<\/b><\/li>\n<\/ul>\n<p>Sie haben die folgenden Rechte bez\u00fcglich Ihrer personenbezogenen Daten, die Sie aus\u00fcben k\u00f6nnen, indem Sie uns \u00fcber das Formular schreiben<\/p>\n<ul>\n<li><b>Recht auf Zugang und Kommunikation der Daten<\/b><\/li>\n<\/ul>\n<p>Sie haben das Recht, auf die Sie betreffenden personenbezogenen Daten zuzugreifen.<\/p>\n<p>Aufgrund der dem H\u00f4tel Saint Malo Elizabeth obliegenden Verpflichtung zur Sicherheit und Vertraulichkeit bei der Verarbeitung personenbezogener Daten werden Sie jedoch dar\u00fcber informiert, dass Ihre Anfrage nur unter der Voraussetzung bearbeitet wird, dass Sie einen Identit\u00e4tsnachweis erbringen, insbesondere durch Vorlage eines Scans Ihres Personalausweises Ihr g\u00fcltiges Ausweisdokument oder eine unterschriebene Fotokopie Ihres g\u00fcltigen Ausweisdokuments.<\/p>\n<p>Das H\u00f4tel Saint Malo Elizabeth teilt Ihnen mit, dass es gegebenenfalls berechtigt ist, Einw\u00e4nde gegen Anfragen zu erheben, die offensichtlich missbr\u00e4uchlich sind (aufgrund ihrer Anzahl, Wiederholung oder Systematik).<\/p>\n<p>Du wirst finden\u00a0<a href=\"https:\/\/www.cnil.fr\/fr\/modele\/courrier\/exercer-son-droit-dacces\">indem Sie auf den folgenden Link klicken<\/a>\u00a0ein Musterbrief, der von der Nationalen Kommission f\u00fcr Informationstechnologie und Freiheiten (die \u201eCNIL\u201c) entwickelt wurde.<\/p>\n<p><a href=\"https:\/\/www.cnil.fr\/fr\/modele\/courrier\/exercer-son-droit-dacces\">https:\/\/www.cnil.fr\/fr\/modele\/courrier\/exercer-son-droit-dacces<\/a><\/p>\n<p>&nbsp;<\/p>\n<ul>\n<li><b>Recht auf Berichtigung der Daten<\/b><\/li>\n<\/ul>\n<p>Im Rahmen dieses Rechts ist es Ihnen gesetzlich gestattet, die Berichtigung, Aktualisierung, Sperrung oder sogar L\u00f6schung der Sie betreffenden Daten zu verlangen, die sich als unrichtig, fehlerhaft, unvollst\u00e4ndig oder veraltet erweisen k\u00f6nnten.<\/p>\n<p><a href=\"https:\/\/www.cnil.fr\/fr\/modele\/courrier\/rectifier-des-donnees-inexactes-obsoletes-ou-perimees\">https:\/\/www.cnil.fr\/fr\/modele\/courrier\/rectifier-des-donnees-inexactes-obsoletes-ou-perimees<\/a><\/p>\n<p>&nbsp;<\/p>\n<p><b>Widerspruchsrecht<\/b><\/p>\n<p>Die Aus\u00fcbung dieses Rechts ist nur in einer der beiden folgenden Situationen m\u00f6glich:<\/p>\n<ol>\n<li>Wenn die Aus\u00fcbung dieses Rechts auf legitimen Gr\u00fcnden beruht; Oder<\/li>\n<li>Wenn die Aus\u00fcbung dieses Rechts darauf abzielt, zu verhindern, dass die erhobenen Daten f\u00fcr kommerzielle Prospektionszwecke verwendet werden.<\/li>\n<\/ol>\n<p>Um Sie bei Ihrem Verfahren zu unterst\u00fctzen, insbesondere wenn Sie Ihr Widerspruchsrecht durch eine schriftliche Anfrage an die unter Punkt 1 angegebene Postanschrift aus\u00fcben m\u00f6chten, finden Sie hier:\u00a0<a href=\"https:\/\/www.cnil.fr\/fr\/modele\/courrier\/rectifier-des-donnees-inexactes-obsoletes-ou-perimees\">indem Sie auf den folgenden Link klicken<\/a>\u00a0ein von der CNIL entwickeltes Buchstabenmodell.<\/p>\n<p><a href=\"https:\/\/www.cnil.fr\/fr\/modele\/courrier\/supprimer-des-informations-vous-concernant-dun-site-internet\">https:\/\/www.cnil.fr\/fr\/modele\/courrier\/supprimer-des-informations-vous-concernant-dun-site-internet<\/a><\/p>\n<ul>\n<li><b>6. Reaktionszeiten<\/b><\/li>\n<\/ul>\n<p>Das H\u00f4tel Saint Malo Elizabeth verpflichtet sich, auf Ihre Anfrage nach Zugang, Berichtigung oder Widerspruch oder jede andere zus\u00e4tzliche Anfrage nach Informationen innerhalb einer angemessenen Frist, die 1 Monat nach Eingang Ihrer Anfrage nicht \u00fcberschreiten darf, zu antworten.<\/p>\n<ul>\n<li><b>7. Autorisierte Dienstleister und \u00dcbermittlung in ein Drittland der Europ\u00e4ischen Union<\/b><\/li>\n<\/ul>\n<p>Das H\u00f4tel Saint Malo Elizabeth informiert Sie dar\u00fcber, dass es seine autorisierten Dienstleister einsetzt, um die Erhebung und Verarbeitung der Daten, die Sie uns mitgeteilt haben, zu erleichtern. Diese Dienstleister k\u00f6nnen ihren Sitz au\u00dferhalb der Europ\u00e4ischen Union haben und \u00fcber die verschiedenen auf der Website vorhandenen Formulare die erhobenen Daten \u00fcbermitteln (mit Ausnahme des Formulars, das Ihnen die Aus\u00fcbung Ihrer Datenschutzrechte erm\u00f6glicht und das vom Hotel Saint Malo Elizabeth angeboten und genutzt wird). .<\/p>\n<p>Das H\u00f4tel Saint Malo Elizabeth hat zuvor sichergestellt, dass seine Dienstleister angemessene Garantien umgesetzt haben und dass strenge Bedingungen hinsichtlich Vertraulichkeit, Nutzung und Schutz der Daten eingehalten werden. Dabei wurde insbesondere darauf geachtet, ob eine Rechtsgrundlage f\u00fcr die Durchf\u00fchrung einer Daten\u00fcbermittlung in ein Drittland besteht. Daher unterliegt einer unserer Dienstleister den internen Unternehmensregeln (oder \u201e\u00a0<i>Verbindliche Unternehmensregeln<\/i>\u00a0&quot;), die 2016 von der CNIL genehmigt wurden, w\u00e4hrend die anderen nicht nur den Standardvertragsklauseln, sondern auch dem Privacy Shield unterliegen.<\/p>\n<ul>\n<li><b>8. Beschwerde bei der zust\u00e4ndigen Beh\u00f6rde<\/b><\/li>\n<\/ul>\n<p>Wenn Sie der Meinung sind, dass das H\u00f4tel Saint Malo Elizabeth seinen Verpflichtungen in Bezug auf Ihre personenbezogenen Daten nicht nachkommt, k\u00f6nnen Sie eine Beschwerde oder einen Antrag an die zust\u00e4ndige Beh\u00f6rde richten. In Frankreich ist die CNIL die zust\u00e4ndige Beh\u00f6rde, an die Sie einen Antrag elektronisch senden k\u00f6nnen, indem Sie auf den folgenden Link klicken:\u00a0<a href=\"https:\/\/www.cnil.fr\/fr\/plaintes\/internet\">https:\/\/www.cnil.fr\/fr\/plaintes\/internet<\/a>.<\/p>\n<ol>\n<li><b>COOKIE-RICHTLINIE<\/b><\/li>\n<\/ol>\n<p>Wenn Sie sich zum ersten Mal mit der Website des H\u00f4tel Saint Malo Elizabeth verbinden, werden Sie durch ein Banner am unteren Bildschirmrand darauf hingewiesen, dass Informationen zu Ihrem Surfverhalten in Dateien namens \u201eCookies\u201c aufgezeichnet werden k\u00f6nnen. Unsere Richtlinie zur Cookie-Nutzung erm\u00f6glicht es Ihnen, die Bestimmungen, die wir beim Surfen auf unserer Website umsetzen, besser zu verstehen. Es informiert Sie insbesondere \u00fcber alle auf unserer Website vorhandenen Cookies, deren Zweck (Teil I.) und zeigt Ihnen das Verfahren zur Konfiguration dieser Cookies auf (Teil II.).<\/p>\n<ul>\n<li><b>1. Allgemeine Informationen zu den auf der Website des H\u00f4tel Saint Malo Elizabeth vorhandenen Cookies<\/b><\/li>\n<\/ul>\n<p>Das H\u00f4tel Saint Malo Elizabeth kann als Herausgeber dieser Website ein Cookie auf der Festplatte Ihres Endger\u00e4ts (Computer, Tablet, Mobiltelefon usw.) installieren, um eine reibungslose und optimale Navigation auf unserer Website zu gew\u00e4hrleisten.<\/p>\n<p>\u201eCookies\u201c sind kleine Textdateien begrenzter Gr\u00f6\u00dfe, die es uns erm\u00f6glichen, Ihren Computer, Ihr Tablet oder Ihr Mobiltelefon zu erkennen, um die von uns angebotenen Dienste f\u00fcr Sie zu personalisieren.<\/p>\n<p>Die durch Cookies gesammelten Informationen lassen Sie in keiner Weise namentlich identifizieren. Sie werden ausschlie\u00dflich f\u00fcr unsere eigenen Zwecke verwendet, um die Interaktivit\u00e4t und Leistung unserer Website zu verbessern und Ihnen auf Ihre Interessen zugeschnittene Inhalte zukommen zu lassen. Keine dieser Informationen wird an Dritte weitergegeben, es sei denn, das H\u00f4tel Saint Malo Elizabeth hat zuvor Ihr Einverst\u00e4ndnis eingeholt oder die Offenlegung dieser Informationen ist gesetzlich, durch Anordnung eines Gerichts oder einer zur Kenntnisnahme befugten Verwaltungs- oder Justizbeh\u00f6rde erforderlich.<\/p>\n<p>Um Sie besser \u00fcber die Informationen zu informieren, die Cookies identifizieren, finden Sie unten eine Tabelle mit den verschiedenen Arten von Cookies, die auf der Website des H\u00f4tel Saint Malo Elizabeth verwendet werden k\u00f6nnen, mit ihrem Namen, ihrem Zweck und ihrer Dauer. Aufbewahrung.<\/p>\n<ul>\n<li><b>2. Konfigurieren Ihrer Cookie-Einstellungen<\/b><\/li>\n<\/ul>\n<p>Sie k\u00f6nnen die Hinterlegung von Cookies jederzeit akzeptieren oder ablehnen<\/p>\n<p>Wenn Sie sich zum ersten Mal mit der Website des H\u00f4tel Saint Malo Elizabeth verbinden, erscheint unten auf Ihrem Bildschirm ein Banner mit kurzen Informationen zur Hinterlegung von Cookies und \u00e4hnlichen Technologien. Dieses Banner weist Sie darauf hin, dass Sie durch die weitere Nutzung der Website des H\u00f4tel Saint Malo Elizabeth (z. B. durch Laden einer neuen Seite oder Klicken auf verschiedene Elemente der Website) die Speicherung von Cookies auf Ihrem Endger\u00e4t akzeptieren. Als Einwilligung zur Speicherung von Cookies erkl\u00e4ren Sie auch, dass Sie auf das \u201eX\u201c-Symbol rechts neben dem Banner am unteren Bildschirmrand klicken.<\/p>\n<p>Abh\u00e4ngig von der Art des betreffenden Cookies kann die Einholung Ihrer Einwilligung zur Speicherung und zum Auslesen von Cookies auf Ihrem Endger\u00e4t zwingend erforderlich sein.<\/p>\n<ol>\n<li>Von der Einwilligung ausgenommene Cookies<\/li>\n<\/ol>\n<p>Gem\u00e4\u00df den Empfehlungen der Nationalen Kommission f\u00fcr Informationstechnologie und Freiheiten (CNIL) sind bestimmte Cookies von der vorherigen Einholung Ihrer Einwilligung ausgenommen, sofern sie f\u00fcr den Betrieb der Website unbedingt erforderlich sind oder ausschlie\u00dflich der Aktivierung dienen oder die Kommunikation auf elektronischem Wege zu erleichtern. Dazu geh\u00f6ren Sitzungs-ID, Authentifizierung, Load-Balancing-Sitzungscookies sowie Cookies zur Personalisierung Ihrer Benutzeroberfl\u00e4che. Diese Cookies unterliegen vollst\u00e4ndig dieser Richtlinie, soweit sie vom H\u00f4tel Saint Malo Elizabeth ausgegeben und verwaltet werden.<\/p>\n<ol>\n<li>F\u00fcr Cookies ist die vorherige Einholung Ihrer Einwilligung erforderlich<\/li>\n<\/ol>\n<p>Diese Anforderung betrifft von Dritten ausgegebene Cookies, die insofern als \u201epersistent\u201c gelten, als sie auf Ihrem Endger\u00e4t verbleiben, bis sie gel\u00f6scht werden oder ablaufen.<\/p>\n<p>Da solche Cookies von Dritten ausgegeben werden, unterliegen deren Verwendung und Hinterlegung deren eigenen Datenschutzrichtlinien, einen Link zu der Sie unten finden. Zu dieser Cookie-Familie geh\u00f6ren Cookies zur Zielgruppenmessung (insbesondere Google Analytics), Werbe-Cookies (die das H\u00f4tel Saint Malo Elizabeth nicht verwendet) sowie Cookies zum Teilen in sozialen Netzwerken (insbesondere von Facebook, YouTube, Twitter und LinkedIn).<\/p>\n<p>Cookies zur Zielgruppenmessung erstellen Statistiken \u00fcber die H\u00e4ufigkeit und Nutzung verschiedener Elemente der Website (z. B. die Inhalte\/Seiten, die Sie besucht haben). Diese Daten tragen zur Verbesserung der Ergonomie der Website des H\u00f4tel Saint Malo Elizabeth bei. Auf dieser Website wird ein Tool zur Zielgruppenmessung eingesetzt:<\/p>\n<p>Google Analytics, dessen Cookie-Richtlinie Sie einsehen k\u00f6nnen, indem Sie auf den folgenden Link klicken:\u00a0<a href=\"https:\/\/policies.google.com\/technologies\/cookies?hl=fr%C2%A0%C2%A0\" target=\"_blank\" rel=\"noopener\">https:\/\/policies.google.com\/technologies\/cookies?hl=fr\u00a0\u00a0<\/a><\/p>\n<p>Cookies zum Teilen in sozialen Netzwerken werden vom Herausgeber des betreffenden sozialen Netzwerks ausgegeben und verwaltet. Vorbehaltlich Ihrer Zustimmung erm\u00f6glichen Ihnen diese Cookies das einfache Teilen eines Teils der auf der Website des H\u00f4tel Saint Malo Elizabeth ver\u00f6ffentlichten Inhalte, insbesondere \u00fcber eine \u201eTeilen\u201c-Schaltfl\u00e4che der Anwendung, je nach dem betreffenden sozialen Netzwerk. Auf der Website des H\u00f4tel Saint Malo Elizabeth gibt es vier Arten von Cookies zum Teilen in sozialen Netzwerken:<\/p>\n<p><b>Facebook<\/b>, deren Cookie-Richtlinie Sie einsehen k\u00f6nnen, indem Sie auf den folgenden Link klicken:\u00a0<a href=\"https:\/\/fr-fr.facebook.com\/policies\/cookies\/\">https:\/\/fr-fr.facebook.com\/policies\/cookies\/<\/a><\/p>\n<p><b>LinkedIn<\/b>, deren Cookie-Richtlinie Sie finden, wenn Sie auf den folgenden Link klicken:\u00a0<a href=\"https:\/\/www.linkedin.com\/legal\/cookie-policy?_l=fr_FR\">https:\/\/www.linkedin.com\/legal\/cookie-policy?_l=fr_FR<\/a><\/p>\n<p><b>Twitter<\/b>Hier finden Sie die Optionen zur Steuerung oder Einschr\u00e4nkung der Verwendung von Cookies sowie die Cookie-Nutzungsrichtlinie:\u00a0<a href=\"https:\/\/support.twitter.com\/articles\/20170518\">https:\/\/support.twitter.com\/articles\/20170518#<\/a><\/p>\n<p><b>Youtube<\/b>Hier finden Sie die notwendige Hilfe zum L\u00f6schen von Cookies aus dem Google Chrome-Browser, indem Sie auf den folgenden Link klicken:\u00a0<a href=\"https:\/\/support.google.com\/youtube\/answer\/32050?hl=fr\">https:\/\/support.google.com\/youtube\/answer\/32050?hl=fr<\/a>\u00a0sondern auch die vollst\u00e4ndige Cookie-Richtlinie unter folgendem Link:\u00a0<a href=\"https:\/\/www.google.fr\/intl\/fr\/policies\/technologies\/cookies\/\">https:\/\/www.google.fr\/intl\/fr\/policies\/technologies\/cookies\/<\/a><\/p>\n<ul>\n<li><strong>Ihnen stehen verschiedene Tools zum Setzen von Cookies zur Verf\u00fcgung.<\/strong><\/li>\n<\/ul>\n<p>Die meisten Internetbrowser sind standardm\u00e4\u00dfig so konfiguriert, dass die Hinterlegung von Cookies zul\u00e4ssig ist. Ihr Browser bietet Ihnen die M\u00f6glichkeit, diese Standardeinstellungen so zu \u00e4ndern, dass alle Cookies systematisch abgelehnt werden oder je nach Herausgeber nur ein Teil der Cookies akzeptiert oder abgelehnt wird.<\/p>\n<p>BITTE BEACHTEN SIE: Wir machen Sie darauf aufmerksam, dass die Ablehnung der Speicherung von Cookies auf Ihrem Endger\u00e4t dennoch Ihr Benutzererlebnis sowie Ihren Zugang zu bestimmten Diensten oder Funktionen dieser Website beeintr\u00e4chtigen kann. Gegebenenfalls lehnt das H\u00f4tel Saint Malo Elizabeth jegliche Verantwortung f\u00fcr die Folgen ab, die sich aus der Verschlechterung Ihrer Browserbedingungen ergeben, die sich aus Ihrer Entscheidung ergeben, die f\u00fcr den Betrieb der Website erforderlichen Cookies abzulehnen, zu l\u00f6schen oder zu blockieren. Diese Folgen k\u00f6nnen keinen Schaden darstellen und es besteht f\u00fcr Sie kein Anspruch auf Schadensersatz.<\/p>\n<p>Ihr Browser bietet Ihnen auch die M\u00f6glichkeit, vorhandene Cookies auf Ihrem Endger\u00e4t zu l\u00f6schen oder Sie zu benachrichtigen, wenn voraussichtlich neue Cookies auf Ihrem Endger\u00e4t platziert werden. Diese Einstellungen haben keinen Einfluss auf Ihr Surfverhalten, f\u00fchren jedoch dazu, dass Sie alle Vorteile des Cookies verlieren.<\/p>\n<p>Bitte beachten Sie unten die verschiedenen Tools, die Ihnen zur Verf\u00fcgung stehen, damit Sie die auf Ihrem Endger\u00e4t platzierten Cookies konfigurieren k\u00f6nnen.<\/p>","protected":false},"excerpt":{"rendered":"<p>PERS\u00d6NLICHE DATEN Im Allgemeinen k\u00f6nnen Sie die Website des H\u00f4tel Saint Malo Elizabeth besuchen, ohne Angaben zu Ihrer Person zu machen. In keinem Fall sind Sie dazu verpflichtet, diese Informationen an das H\u00f4tel Saint Malo Elizabeth weiterzugeben. Im Falle einer Weigerung k\u00f6nnen Sie jedoch m\u00f6glicherweise bestimmte von Ihnen angeforderte Informationen oder Dienstleistungen nicht in Anspruch nehmen. Daher kann das H\u00f4tel Saint Malo Elizabeth Sie in bestimmten F\u00e4llen auffordern, Ihren Namen, Vornamen, Ihre E-Mail-Adresse, Ihre Telefonnummer, Ihr Unternehmen und Ihre Position anzugeben (im Folgenden Ihre \u201epers\u00f6nlichen Daten\u201c). Durch die Bereitstellung dieser Informationen erkl\u00e4ren Sie sich ausdr\u00fccklich damit einverstanden, dass diese vom H\u00f4tel Saint Malo Elizabeth f\u00fcr die in Punkt 2 unten genannten Zwecke sowie f\u00fcr die am Ende jedes Formulars genannten Zwecke verarbeitet werden. Gem\u00e4\u00df der vom Europ\u00e4ischen Parlament am 14. April 2016 verabschiedeten Allgemeinen Datenschutzverordnung und dem Datenschutzgesetz vom 6. Januar 1978 in der ge\u00e4nderten Fassung informiert Sie das H\u00f4tel Saint Malo Elizabeth \u00fcber die folgenden Punkte: 1. Identit\u00e4t des Datenverantwortlichen Der Datenverantwortliche ist das Unternehmen H\u00f4tel Web-Design 2. Zwecke der Verarbeitung H\u00f4tel Saint Malo Elizabeth [\u2026]<\/p>","protected":false},"author":2,"featured_media":0,"parent":0,"menu_order":0,"comment_status":"closed","ping_status":"closed","template":"","meta":{"footnotes":""},"class_list":["post-1048","page","type-page","status-publish","hentry"],"yoast_head":"<!-- This site is optimized with the Yoast SEO plugin v22.9 - https:\/\/yoast.com\/wordpress\/plugins\/seo\/ -->\n<title>Politique de confidentialit\u00e9 - H\u00f4tel Elizabeth Saint-Malo<\/title>\n<meta name=\"description\" content=\"H\u00f4tel \u00e0 Saint-Malo, h\u00e9bergement intra muros proche commerces. Chambres \u00e0 Saint Malo\" \/>\n<meta name=\"robots\" content=\"index, follow, max-snippet:-1, max-image-preview:large, max-video-preview:-1\" \/>\n<link rel=\"canonical\" href=\"https:\/\/saintmalo-hotel-elizabeth.com\/de\/datenschutzrichtlinie\/\" \/>\n<meta property=\"og:locale\" content=\"de_DE\" \/>\n<meta property=\"og:type\" content=\"article\" \/>\n<meta property=\"og:title\" content=\"Politique de confidentialit\u00e9 - H\u00f4tel Elizabeth Saint-Malo\" \/>\n<meta property=\"og:description\" content=\"H\u00f4tel \u00e0 Saint-Malo, h\u00e9bergement intra muros proche commerces. Chambres \u00e0 Saint Malo\" \/>\n<meta property=\"og:url\" content=\"https:\/\/saintmalo-hotel-elizabeth.com\/de\/datenschutzrichtlinie\/\" \/>\n<meta property=\"og:site_name\" content=\"H\u00f4tel Elizabeth Saint-Malo\" \/>\n<meta property=\"article:modified_time\" content=\"2018-07-26T02:06:31+00:00\" \/>\n<meta name=\"twitter:card\" content=\"summary_large_image\" \/>\n<meta name=\"twitter:label1\" content=\"Gesch\u00e4tzte Lesezeit\" \/>\n\t<meta name=\"twitter:data1\" content=\"13\u00a0Minuten\" \/>\n<script type=\"application\/ld+json\" class=\"yoast-schema-graph\">{\"@context\":\"https:\/\/schema.org\",\"@graph\":[{\"@type\":\"WebPage\",\"@id\":\"https:\/\/saintmalo-hotel-elizabeth.com\/politique-de-confidentialite\/\",\"url\":\"https:\/\/saintmalo-hotel-elizabeth.com\/politique-de-confidentialite\/\",\"name\":\"Politique de confidentialit\u00e9 - H\u00f4tel Elizabeth Saint-Malo\",\"isPartOf\":{\"@id\":\"https:\/\/saintmalo-hotel-elizabeth.com\/#website\"},\"datePublished\":\"2018-07-26T01:59:56+00:00\",\"dateModified\":\"2018-07-26T02:06:31+00:00\",\"description\":\"H\u00f4tel \u00e0 Saint-Malo, h\u00e9bergement intra muros proche commerces. Chambres \u00e0 Saint Malo\",\"breadcrumb\":{\"@id\":\"https:\/\/saintmalo-hotel-elizabeth.com\/politique-de-confidentialite\/#breadcrumb\"},\"inLanguage\":\"de\",\"potentialAction\":[{\"@type\":\"ReadAction\",\"target\":[\"https:\/\/saintmalo-hotel-elizabeth.com\/politique-de-confidentialite\/\"]}]},{\"@type\":\"BreadcrumbList\",\"@id\":\"https:\/\/saintmalo-hotel-elizabeth.com\/politique-de-confidentialite\/#breadcrumb\",\"itemListElement\":[{\"@type\":\"ListItem\",\"position\":1,\"name\":\"Accueil\",\"item\":\"https:\/\/saintmalo-hotel-elizabeth.com\/\"},{\"@type\":\"ListItem\",\"position\":2,\"name\":\"Politique de confidentialit\u00e9\"}]},{\"@type\":\"WebSite\",\"@id\":\"https:\/\/saintmalo-hotel-elizabeth.com\/#website\",\"url\":\"https:\/\/saintmalo-hotel-elizabeth.com\/\",\"name\":\"H\u00f4tel Elizabeth Saint-Malo\",\"description\":\"H\u00f4tel centenaire au coeur de Saint-Malo, en bretagne\",\"potentialAction\":[{\"@type\":\"SearchAction\",\"target\":{\"@type\":\"EntryPoint\",\"urlTemplate\":\"https:\/\/saintmalo-hotel-elizabeth.com\/?s={search_term_string}\"},\"query-input\":\"required name=search_term_string\"}],\"inLanguage\":\"de\"}]}<\/script>\n<!-- \/ Yoast SEO plugin. -->","yoast_head_json":{"title":"Politique de confidentialit\u00e9 - H\u00f4tel Elizabeth Saint-Malo","description":"H\u00f4tel \u00e0 Saint-Malo, h\u00e9bergement intra muros proche commerces. Chambres \u00e0 Saint Malo","robots":{"index":"index","follow":"follow","max-snippet":"max-snippet:-1","max-image-preview":"max-image-preview:large","max-video-preview":"max-video-preview:-1"},"canonical":"https:\/\/saintmalo-hotel-elizabeth.com\/de\/datenschutzrichtlinie\/","og_locale":"de_DE","og_type":"article","og_title":"Politique de confidentialit\u00e9 - H\u00f4tel Elizabeth Saint-Malo","og_description":"H\u00f4tel \u00e0 Saint-Malo, h\u00e9bergement intra muros proche commerces. Chambres \u00e0 Saint Malo","og_url":"https:\/\/saintmalo-hotel-elizabeth.com\/de\/datenschutzrichtlinie\/","og_site_name":"H\u00f4tel Elizabeth Saint-Malo","article_modified_time":"2018-07-26T02:06:31+00:00","twitter_card":"summary_large_image","twitter_misc":{"Gesch\u00e4tzte Lesezeit":"13\u00a0Minuten"},"schema":{"@context":"https:\/\/schema.org","@graph":[{"@type":"WebPage","@id":"https:\/\/saintmalo-hotel-elizabeth.com\/politique-de-confidentialite\/","url":"https:\/\/saintmalo-hotel-elizabeth.com\/politique-de-confidentialite\/","name":"Politique de confidentialit\u00e9 - H\u00f4tel Elizabeth Saint-Malo","isPartOf":{"@id":"https:\/\/saintmalo-hotel-elizabeth.com\/#website"},"datePublished":"2018-07-26T01:59:56+00:00","dateModified":"2018-07-26T02:06:31+00:00","description":"H\u00f4tel \u00e0 Saint-Malo, h\u00e9bergement intra muros proche commerces. Chambres \u00e0 Saint Malo","breadcrumb":{"@id":"https:\/\/saintmalo-hotel-elizabeth.com\/politique-de-confidentialite\/#breadcrumb"},"inLanguage":"de","potentialAction":[{"@type":"ReadAction","target":["https:\/\/saintmalo-hotel-elizabeth.com\/politique-de-confidentialite\/"]}]},{"@type":"BreadcrumbList","@id":"https:\/\/saintmalo-hotel-elizabeth.com\/politique-de-confidentialite\/#breadcrumb","itemListElement":[{"@type":"ListItem","position":1,"name":"Accueil","item":"https:\/\/saintmalo-hotel-elizabeth.com\/"},{"@type":"ListItem","position":2,"name":"Politique de confidentialit\u00e9"}]},{"@type":"WebSite","@id":"https:\/\/saintmalo-hotel-elizabeth.com\/#website","url":"https:\/\/saintmalo-hotel-elizabeth.com\/","name":"H\u00f4tel Elizabeth Saint-Malo","description":"H\u00f4tel centenaire au coeur de Saint-Malo, en bretagne","potentialAction":[{"@type":"SearchAction","target":{"@type":"EntryPoint","urlTemplate":"https:\/\/saintmalo-hotel-elizabeth.com\/?s={search_term_string}"},"query-input":"required name=search_term_string"}],"inLanguage":"de"}]}},"_links":{"self":[{"href":"https:\/\/saintmalo-hotel-elizabeth.com\/de\/wp-json\/wp\/v2\/pages\/1048","targetHints":{"allow":["GET"]}}],"collection":[{"href":"https:\/\/saintmalo-hotel-elizabeth.com\/de\/wp-json\/wp\/v2\/pages"}],"about":[{"href":"https:\/\/saintmalo-hotel-elizabeth.com\/de\/wp-json\/wp\/v2\/types\/page"}],"author":[{"embeddable":true,"href":"https:\/\/saintmalo-hotel-elizabeth.com\/de\/wp-json\/wp\/v2\/users\/2"}],"replies":[{"embeddable":true,"href":"https:\/\/saintmalo-hotel-elizabeth.com\/de\/wp-json\/wp\/v2\/comments?post=1048"}],"version-history":[{"count":0,"href":"https:\/\/saintmalo-hotel-elizabeth.com\/de\/wp-json\/wp\/v2\/pages\/1048\/revisions"}],"wp:attachment":[{"href":"https:\/\/saintmalo-hotel-elizabeth.com\/de\/wp-json\/wp\/v2\/media?parent=1048"}],"curies":[{"name":"wp","href":"https:\/\/api.w.org\/{rel}","templated":true}]}}