{"id":310,"date":"2013-12-23T10:45:13","date_gmt":"2013-12-23T10:45:13","guid":{"rendered":"http:\/\/localhost\/wpnation\/?page_id=310"},"modified":"2024-05-13T18:32:58","modified_gmt":"2024-05-13T16:32:58","slug":"saint-malo-tourisme","status":"publish","type":"page","link":"https:\/\/saintmalo-hotel-elizabeth.com\/de\/saint-malo-tourismus\/","title":{"rendered":"Geschichte und Tourismus von Saint-Malo"},"content":{"rendered":"<div class=\"wpb-content-wrapper\"><div data-vc-full-width=\"true\" data-vc-full-width-init=\"false\" data-vc-stretch-content=\"true\" class=\"vc_row wpb_row vc_row-fluid parallaxit vc_custom_1715617976581 vc_row-has-fill vc_row-no-padding\"><div class=\"wpb_column vc_column_container vc_col-sm-12\"><div class=\"vc_column-inner\"><div class=\"wpb_wrapper\">\n\t<div class=\"wpb_text_column wpb_content_element\" >\n\t\t<div class=\"wpb_wrapper\">\n\t\t\t<h1><\/h1>\n<p>&nbsp;<\/p>\n<h1 style=\"text-align: center;\"><span style=\"color: #ffffff;\">HEILIGER MALO<\/span><\/h1>\n\n\t\t<\/div>\n\t<\/div>\n<\/div><\/div><\/div><\/div><div class=\"vc_row-full-width vc_clearfix\"><\/div><div class=\"vc_row wpb_row vc_row-fluid vc_custom_1494519365357 vc_column-gap-3\"><div class=\"wpb_column vc_column_container vc_col-sm-12\"><div class=\"vc_column-inner\"><div class=\"wpb_wrapper\">\n\t<div class=\"wpb_text_column wpb_content_element\" >\n\t\t<div class=\"wpb_wrapper\">\n\t\t\t<h2> Geschichte und Aktivit\u00e4ten in Saint-Malo\u00a0<\/h2>\n<p>Vor den Toren der Bretagne, offen am \u00c4rmel, <strong>Saint-Malo<\/strong> ist die wichtigste Hafenstadt an der K\u00fcste der n\u00f6rdlichen Bretagne. Diese im Laufe der Jahrhunderte befestigte Stadt wurde urspr\u00fcnglich auf einer Insel mit felsigem Sockel erbaut. Eine Flutwelle um das 8. Jahrhundert h\u00e4tte sie mit dem Festland verbunden und die Insel in eine Halbinsel verwandelt.<\/p>\n<h3> Was kann man in Saint-Malo unternehmen?\u00a0<\/h3>\n<p><img loading=\"lazy\" decoding=\"async\" class=\"wp-image-1415 size-medium alignleft\" src=\"https:\/\/saintmalo-hotel-elizabeth.com\/wp-content\/uploads\/2024\/05\/Saint-Malo-hotel-elizabeth-ameliegraphie-HD-013-200x300.jpg\" alt=\"\" width=\"200\" height=\"300\" srcset=\"https:\/\/saintmalo-hotel-elizabeth.com\/wp-content\/uploads\/2024\/05\/Saint-Malo-hotel-elizabeth-ameliegraphie-HD-013-200x300.jpg 200w, https:\/\/saintmalo-hotel-elizabeth.com\/wp-content\/uploads\/2024\/05\/Saint-Malo-hotel-elizabeth-ameliegraphie-HD-013-683x1024.jpg 683w, https:\/\/saintmalo-hotel-elizabeth.com\/wp-content\/uploads\/2024\/05\/Saint-Malo-hotel-elizabeth-ameliegraphie-HD-013-768x1152.jpg 768w, https:\/\/saintmalo-hotel-elizabeth.com\/wp-content\/uploads\/2024\/05\/Saint-Malo-hotel-elizabeth-ameliegraphie-HD-013-1024x1536.jpg 1024w, https:\/\/saintmalo-hotel-elizabeth.com\/wp-content\/uploads\/2024\/05\/Saint-Malo-hotel-elizabeth-ameliegraphie-HD-013-1366x2048.jpg 1366w, https:\/\/saintmalo-hotel-elizabeth.com\/wp-content\/uploads\/2024\/05\/Saint-Malo-hotel-elizabeth-ameliegraphie-HD-013-8x12.jpg 8w, https:\/\/saintmalo-hotel-elizabeth.com\/wp-content\/uploads\/2024\/05\/Saint-Malo-hotel-elizabeth-ameliegraphie-HD-013.jpg 1667w\" sizes=\"auto, (max-width: 200px) 100vw, 200px\" \/>Der beste Weg, die Stadt zu entdecken, ist sicherlich zu Fu\u00df! Bevorzugen Sie einen atypischen und ma\u00dfgeschneiderten Besuch? Einige Unternehmen, wie zum Beispiel \u201e\u00a0<a href=\"https:\/\/www.facebook.com\/leschevauxdelamer\" target=\"_blank\" rel=\"noopener noreferrer\">Seepferdchen<\/a>\u201e, bieten Kutschfahrten in die Umgebung an.<\/p>\n<p>Saint-Malo ist nur wenige Quadratkilometer gro\u00df und voller historischer \u00dcberreste. Entdecken Sie die Stadtmauern, die die Stadt \u00fcberragen und einen Blick auf die Schiffe an den Docks bieten. Ein Spaziergang auf den Stadtmauern ist der beste Weg, den diskreten Tumult des innerst\u00e4dtischen Lebens aufzusaugen. Obwohl diese Stadtmauern ihr mittelalterliches Aussehen behalten, wurden sie gr\u00f6\u00dftenteils nach dem Zweiten Weltkrieg erbaut!<\/p>\n\n\t\t<\/div>\n\t<\/div>\n<\/div><\/div><\/div><\/div><div data-vc-full-width=\"true\" data-vc-full-width-init=\"false\" data-vc-stretch-content=\"true\" class=\"vc_row wpb_row vc_row-fluid parallaxit vc_custom_1678366573204 vc_row-has-fill vc_row-no-padding\"><div class=\"wpb_column vc_column_container vc_col-sm-12\"><div class=\"vc_column-inner vc_custom_1559896356025\"><div class=\"wpb_wrapper\">\n\t<div class=\"wpb_text_column wpb_content_element  vc_custom_1559896173426\" >\n\t\t<div class=\"wpb_wrapper\">\n\t\t\t<h1><\/h1>\n<h1 style=\"text-align: center;\"><span style=\"color: #ffffff;\">TOURISMUS<\/span><\/h1>\n\n\t\t<\/div>\n\t<\/div>\n<\/div><\/div><\/div><\/div><div class=\"vc_row-full-width vc_clearfix\"><\/div><div class=\"vc_row wpb_row vc_row-fluid vc_custom_1494519365357 vc_column-gap-3\"><div class=\"wpb_column vc_column_container vc_col-sm-12\"><div class=\"vc_column-inner\"><div class=\"wpb_wrapper\">\n\t<div class=\"wpb_text_column wpb_content_element\" >\n\t\t<div class=\"wpb_wrapper\">\n\t\t\t<p><img loading=\"lazy\" decoding=\"async\" class=\"wp-image-1486 size-medium alignleft\" src=\"https:\/\/saintmalo-hotel-elizabeth.com\/wp-content\/uploads\/2024\/05\/ameliegraphie-025-saint-malo-BD-300x169.jpg\" alt=\"\" width=\"300\" height=\"169\" srcset=\"https:\/\/saintmalo-hotel-elizabeth.com\/wp-content\/uploads\/2024\/05\/ameliegraphie-025-saint-malo-BD-300x169.jpg 300w, https:\/\/saintmalo-hotel-elizabeth.com\/wp-content\/uploads\/2024\/05\/ameliegraphie-025-saint-malo-BD-1024x576.jpg 1024w, https:\/\/saintmalo-hotel-elizabeth.com\/wp-content\/uploads\/2024\/05\/ameliegraphie-025-saint-malo-BD-768x432.jpg 768w, https:\/\/saintmalo-hotel-elizabeth.com\/wp-content\/uploads\/2024\/05\/ameliegraphie-025-saint-malo-BD-1536x864.jpg 1536w, https:\/\/saintmalo-hotel-elizabeth.com\/wp-content\/uploads\/2024\/05\/ameliegraphie-025-saint-malo-BD-18x10.jpg 18w, https:\/\/saintmalo-hotel-elizabeth.com\/wp-content\/uploads\/2024\/05\/ameliegraphie-025-saint-malo-BD.jpg 2000w\" sizes=\"auto, (max-width: 300px) 100vw, 300px\" \/><\/p>\n<p>Ohne seine beeindruckenden Gezeiten w\u00e4re Saint-Malo nicht das, was es ist. Bei Ebbe zeigen die Sandstr\u00e4nde ihre volle Ausdehnung und bieten Zugang zum Fort National sowie zum Fort du Petit B\u00e9. Bei Flut schlagen die Wellen mit einem spektakul\u00e4ren Krachen auf die Stadtmauer und sorgen f\u00fcr die ber\u00fchmten Postkartenfotos.<\/p>\n<p>M\u00f6chten Sie Ihren Entdeckungsweg an der K\u00fcste fortsetzen? Mont Saint-Michel ist weniger als eine Stunde entfernt!<\/p>\n\n\t\t<\/div>\n\t<\/div>\n\n\t<div class=\"wpb_text_column wpb_content_element\" >\n\t\t<div class=\"wpb_wrapper\">\n\t\t\t<p><img loading=\"lazy\" decoding=\"async\" class=\"wp-image-1148 size-medium alignright\" src=\"https:\/\/saintmalo-hotel-elizabeth.com\/wp-content\/uploads\/2023\/03\/4mqayq5dajy-300x225.jpg\" alt=\"Braune Felsformation in der N\u00e4he eines Gew\u00e4ssers unter blauem und wei\u00dfem bew\u00f6lktem Himmel tags\u00fcber\" width=\"300\" height=\"225\" srcset=\"https:\/\/saintmalo-hotel-elizabeth.com\/wp-content\/uploads\/2023\/03\/4mqayq5dajy-300x225.jpg 300w, https:\/\/saintmalo-hotel-elizabeth.com\/wp-content\/uploads\/2023\/03\/4mqayq5dajy-1024x768.jpg 1024w, https:\/\/saintmalo-hotel-elizabeth.com\/wp-content\/uploads\/2023\/03\/4mqayq5dajy-768x576.jpg 768w, https:\/\/saintmalo-hotel-elizabeth.com\/wp-content\/uploads\/2023\/03\/4mqayq5dajy-1536x1152.jpg 1536w, https:\/\/saintmalo-hotel-elizabeth.com\/wp-content\/uploads\/2023\/03\/4mqayq5dajy.jpg 1600w\" sizes=\"auto, (max-width: 300px) 100vw, 300px\" \/><\/p>\n<p>Sind Sie Seefahrer und m\u00f6chten die Stadt vom Wasser aus entdecken? Begeben Sie sich an Bord alter Vintage-Riggs f\u00fcr eine unvergessliche Fahrt. Der Support ist vollst\u00e4ndig, es sind keine Voraussetzungen notwendig. Ausfl\u00fcge bei Sonnenuntergang, f\u00fcr einen Nachmittag oder f\u00fcr den ganzen Tag. Das ideale Geschenk f\u00fcr ein Paar oder eine kleine Gruppe im Urlaub in Saint-Malo.<\/p>\n<p>Treffen am <a href=\"https:\/\/www.etoile-marine.com\/\">Marinestern<\/a>\u00a0F\u00fcr mehr Information<\/p>\n\n\t\t<\/div>\n\t<\/div>\n<\/div><\/div><\/div><\/div>\n<\/div>","protected":false},"excerpt":{"rendered":"&nbsp; SAINT MALO Geschichte und Aktivit\u00e4ten in Saint-Malo Vor den Toren der Bretagne, offen zum \u00c4rmelkanal, ist Saint-Malo die wichtigste Hafenstadt an der K\u00fcste der n\u00f6rdlichen Bretagne. Diese im Laufe der Jahrhunderte befestigte Stadt wurde urspr\u00fcnglich auf einer Insel mit felsigem Sockel erbaut. Eine Flutwelle um das 8. Jahrhundert h\u00e4tte sie mit dem Festland verbunden und die Insel in eine Halbinsel verwandelt. Was man in Saint-Malo unternehmen kann Der beste Weg, die Stadt zu entdecken, ist sicherlich zu Fu\u00df! Bevorzugen Sie einen atypischen und ma\u00dfgeschneiderten Besuch? Einige Unternehmen, wie zum Beispiel \u201eLeshorses of the Sea\u201c, bieten Kutschfahrten in die Umgebung an. Saint-Malo ist nur wenige Quadratkilometer gro\u00df und voller historischer \u00dcberreste. Entdecken Sie die Stadtmauern, die die Stadt \u00fcberragen und einen Blick auf die Schiffe an den Docks bieten. Ein Spaziergang auf den Stadtmauern ist der beste Weg, den diskreten Tumult des innerst\u00e4dtischen Lebens aufzusaugen. Obwohl diese Stadtmauern ihr mittelalterliches Aussehen behalten, wurden sie gr\u00f6\u00dftenteils nach dem Zweiten Weltkrieg erbaut! TOURISMUS Saint-Malo w\u00e4re ohne seine beeindruckenden Gezeiten nicht das, was es ist. Bei Ebbe zeigen die Sandstr\u00e4nde ihre volle Ausdehnung und bieten Zugang zum Fort National sowie zum Fort du Petit B\u00e9. Bei Flut, [...]","protected":false},"author":2,"featured_media":0,"parent":0,"menu_order":0,"comment_status":"open","ping_status":"open","template":"page-fullwidth.php","meta":{"footnotes":""},"class_list":["post-310","page","type-page","status-publish","hentry"],"yoast_head":"<!-- This site is optimized with the Yoast SEO plugin v22.9 - https:\/\/yoast.com\/wordpress\/plugins\/seo\/ -->\n<title>Saint-Malo Histoire &amp; Tourisme - H\u00f4tel Elizabeth Saint-Malo<\/title>\n<meta name=\"description\" content=\"Infos touristiques sur Saint-Malo et les environs. Concernant votre h\u00f4tel, chambres et h\u00e9bergement s&#039;adresser directement \u00e0 nous via le formulaire.\" \/>\n<meta name=\"robots\" content=\"index, follow, max-snippet:-1, max-image-preview:large, max-video-preview:-1\" \/>\n<link rel=\"canonical\" href=\"https:\/\/saintmalo-hotel-elizabeth.com\/de\/saint-malo-tourismus\/\" \/>\n<meta property=\"og:locale\" content=\"de_DE\" \/>\n<meta property=\"og:type\" content=\"article\" \/>\n<meta property=\"og:title\" content=\"Saint-Malo Histoire &amp; Tourisme - H\u00f4tel Elizabeth Saint-Malo\" \/>\n<meta property=\"og:description\" content=\"Infos touristiques sur Saint-Malo et les environs. Concernant votre h\u00f4tel, chambres et h\u00e9bergement s&#039;adresser directement \u00e0 nous via le formulaire.\" \/>\n<meta property=\"og:url\" content=\"https:\/\/saintmalo-hotel-elizabeth.com\/de\/saint-malo-tourismus\/\" \/>\n<meta property=\"og:site_name\" content=\"H\u00f4tel Elizabeth Saint-Malo\" \/>\n<meta property=\"article:modified_time\" content=\"2024-05-13T16:32:58+00:00\" \/>\n<meta property=\"og:image\" content=\"https:\/\/saintmalo-hotel-elizabeth.com\/wp-content\/uploads\/2024\/05\/Saint-Malo-hotel-elizabeth-ameliegraphie-HD-013-200x300.jpg\" \/>\n<meta name=\"twitter:card\" content=\"summary_large_image\" \/>\n<meta name=\"twitter:label1\" content=\"Gesch\u00e4tzte Lesezeit\" \/>\n\t<meta name=\"twitter:data1\" content=\"3\u00a0Minuten\" \/>\n<script type=\"application\/ld+json\" class=\"yoast-schema-graph\">{\"@context\":\"https:\/\/schema.org\",\"@graph\":[{\"@type\":\"WebPage\",\"@id\":\"https:\/\/saintmalo-hotel-elizabeth.com\/saint-malo-tourisme\/\",\"url\":\"https:\/\/saintmalo-hotel-elizabeth.com\/saint-malo-tourisme\/\",\"name\":\"Saint-Malo Histoire & Tourisme - H\u00f4tel Elizabeth Saint-Malo\",\"isPartOf\":{\"@id\":\"https:\/\/saintmalo-hotel-elizabeth.com\/#website\"},\"primaryImageOfPage\":{\"@id\":\"https:\/\/saintmalo-hotel-elizabeth.com\/saint-malo-tourisme\/#primaryimage\"},\"image\":{\"@id\":\"https:\/\/saintmalo-hotel-elizabeth.com\/saint-malo-tourisme\/#primaryimage\"},\"thumbnailUrl\":\"https:\/\/saintmalo-hotel-elizabeth.com\/wp-content\/uploads\/2024\/05\/Saint-Malo-hotel-elizabeth-ameliegraphie-HD-013-200x300.jpg\",\"datePublished\":\"2013-12-23T10:45:13+00:00\",\"dateModified\":\"2024-05-13T16:32:58+00:00\",\"description\":\"Infos touristiques sur Saint-Malo et les environs. Concernant votre h\u00f4tel, chambres et h\u00e9bergement s'adresser directement \u00e0 nous via le formulaire.\",\"breadcrumb\":{\"@id\":\"https:\/\/saintmalo-hotel-elizabeth.com\/saint-malo-tourisme\/#breadcrumb\"},\"inLanguage\":\"de\",\"potentialAction\":[{\"@type\":\"ReadAction\",\"target\":[\"https:\/\/saintmalo-hotel-elizabeth.com\/saint-malo-tourisme\/\"]}]},{\"@type\":\"ImageObject\",\"inLanguage\":\"de\",\"@id\":\"https:\/\/saintmalo-hotel-elizabeth.com\/saint-malo-tourisme\/#primaryimage\",\"url\":\"https:\/\/saintmalo-hotel-elizabeth.com\/wp-content\/uploads\/2024\/05\/Saint-Malo-hotel-elizabeth-ameliegraphie-HD-013-200x300.jpg\",\"contentUrl\":\"https:\/\/saintmalo-hotel-elizabeth.com\/wp-content\/uploads\/2024\/05\/Saint-Malo-hotel-elizabeth-ameliegraphie-HD-013-200x300.jpg\"},{\"@type\":\"BreadcrumbList\",\"@id\":\"https:\/\/saintmalo-hotel-elizabeth.com\/saint-malo-tourisme\/#breadcrumb\",\"itemListElement\":[{\"@type\":\"ListItem\",\"position\":1,\"name\":\"Accueil\",\"item\":\"https:\/\/saintmalo-hotel-elizabeth.com\/\"},{\"@type\":\"ListItem\",\"position\":2,\"name\":\"Saint-Malo Histoire &#038; Tourisme\"}]},{\"@type\":\"WebSite\",\"@id\":\"https:\/\/saintmalo-hotel-elizabeth.com\/#website\",\"url\":\"https:\/\/saintmalo-hotel-elizabeth.com\/\",\"name\":\"H\u00f4tel Elizabeth Saint-Malo\",\"description\":\"H\u00f4tel centenaire au coeur de Saint-Malo, en bretagne\",\"potentialAction\":[{\"@type\":\"SearchAction\",\"target\":{\"@type\":\"EntryPoint\",\"urlTemplate\":\"https:\/\/saintmalo-hotel-elizabeth.com\/?s={search_term_string}\"},\"query-input\":\"required name=search_term_string\"}],\"inLanguage\":\"de\"}]}<\/script>\n<!-- \/ Yoast SEO plugin. -->","yoast_head_json":{"title":"Saint-Malo Histoire & Tourisme - H\u00f4tel Elizabeth Saint-Malo","description":"Infos touristiques sur Saint-Malo et les environs. Concernant votre h\u00f4tel, chambres et h\u00e9bergement s'adresser directement \u00e0 nous via le formulaire.","robots":{"index":"index","follow":"follow","max-snippet":"max-snippet:-1","max-image-preview":"max-image-preview:large","max-video-preview":"max-video-preview:-1"},"canonical":"https:\/\/saintmalo-hotel-elizabeth.com\/de\/saint-malo-tourismus\/","og_locale":"de_DE","og_type":"article","og_title":"Saint-Malo Histoire & Tourisme - H\u00f4tel Elizabeth Saint-Malo","og_description":"Infos touristiques sur Saint-Malo et les environs. Concernant votre h\u00f4tel, chambres et h\u00e9bergement s'adresser directement \u00e0 nous via le formulaire.","og_url":"https:\/\/saintmalo-hotel-elizabeth.com\/de\/saint-malo-tourismus\/","og_site_name":"H\u00f4tel Elizabeth Saint-Malo","article_modified_time":"2024-05-13T16:32:58+00:00","og_image":[{"url":"https:\/\/saintmalo-hotel-elizabeth.com\/wp-content\/uploads\/2024\/05\/Saint-Malo-hotel-elizabeth-ameliegraphie-HD-013-200x300.jpg"}],"twitter_card":"summary_large_image","twitter_misc":{"Gesch\u00e4tzte Lesezeit":"3\u00a0Minuten"},"schema":{"@context":"https:\/\/schema.org","@graph":[{"@type":"WebPage","@id":"https:\/\/saintmalo-hotel-elizabeth.com\/saint-malo-tourisme\/","url":"https:\/\/saintmalo-hotel-elizabeth.com\/saint-malo-tourisme\/","name":"Saint-Malo Histoire & Tourisme - H\u00f4tel Elizabeth Saint-Malo","isPartOf":{"@id":"https:\/\/saintmalo-hotel-elizabeth.com\/#website"},"primaryImageOfPage":{"@id":"https:\/\/saintmalo-hotel-elizabeth.com\/saint-malo-tourisme\/#primaryimage"},"image":{"@id":"https:\/\/saintmalo-hotel-elizabeth.com\/saint-malo-tourisme\/#primaryimage"},"thumbnailUrl":"https:\/\/saintmalo-hotel-elizabeth.com\/wp-content\/uploads\/2024\/05\/Saint-Malo-hotel-elizabeth-ameliegraphie-HD-013-200x300.jpg","datePublished":"2013-12-23T10:45:13+00:00","dateModified":"2024-05-13T16:32:58+00:00","description":"Infos touristiques sur Saint-Malo et les environs. Concernant votre h\u00f4tel, chambres et h\u00e9bergement s'adresser directement \u00e0 nous via le formulaire.","breadcrumb":{"@id":"https:\/\/saintmalo-hotel-elizabeth.com\/saint-malo-tourisme\/#breadcrumb"},"inLanguage":"de","potentialAction":[{"@type":"ReadAction","target":["https:\/\/saintmalo-hotel-elizabeth.com\/saint-malo-tourisme\/"]}]},{"@type":"ImageObject","inLanguage":"de","@id":"https:\/\/saintmalo-hotel-elizabeth.com\/saint-malo-tourisme\/#primaryimage","url":"https:\/\/saintmalo-hotel-elizabeth.com\/wp-content\/uploads\/2024\/05\/Saint-Malo-hotel-elizabeth-ameliegraphie-HD-013-200x300.jpg","contentUrl":"https:\/\/saintmalo-hotel-elizabeth.com\/wp-content\/uploads\/2024\/05\/Saint-Malo-hotel-elizabeth-ameliegraphie-HD-013-200x300.jpg"},{"@type":"BreadcrumbList","@id":"https:\/\/saintmalo-hotel-elizabeth.com\/saint-malo-tourisme\/#breadcrumb","itemListElement":[{"@type":"ListItem","position":1,"name":"Accueil","item":"https:\/\/saintmalo-hotel-elizabeth.com\/"},{"@type":"ListItem","position":2,"name":"Saint-Malo Histoire &#038; Tourisme"}]},{"@type":"WebSite","@id":"https:\/\/saintmalo-hotel-elizabeth.com\/#website","url":"https:\/\/saintmalo-hotel-elizabeth.com\/","name":"H\u00f4tel Elizabeth Saint-Malo","description":"H\u00f4tel centenaire au coeur de Saint-Malo, en bretagne","potentialAction":[{"@type":"SearchAction","target":{"@type":"EntryPoint","urlTemplate":"https:\/\/saintmalo-hotel-elizabeth.com\/?s={search_term_string}"},"query-input":"required name=search_term_string"}],"inLanguage":"de"}]}},"_links":{"self":[{"href":"https:\/\/saintmalo-hotel-elizabeth.com\/de\/wp-json\/wp\/v2\/pages\/310","targetHints":{"allow":["GET"]}}],"collection":[{"href":"https:\/\/saintmalo-hotel-elizabeth.com\/de\/wp-json\/wp\/v2\/pages"}],"about":[{"href":"https:\/\/saintmalo-hotel-elizabeth.com\/de\/wp-json\/wp\/v2\/types\/page"}],"author":[{"embeddable":true,"href":"https:\/\/saintmalo-hotel-elizabeth.com\/de\/wp-json\/wp\/v2\/users\/2"}],"replies":[{"embeddable":true,"href":"https:\/\/saintmalo-hotel-elizabeth.com\/de\/wp-json\/wp\/v2\/comments?post=310"}],"version-history":[{"count":0,"href":"https:\/\/saintmalo-hotel-elizabeth.com\/de\/wp-json\/wp\/v2\/pages\/310\/revisions"}],"wp:attachment":[{"href":"https:\/\/saintmalo-hotel-elizabeth.com\/de\/wp-json\/wp\/v2\/media?parent=310"}],"curies":[{"name":"wp","href":"https:\/\/api.w.org\/{rel}","templated":true}]}}