{"id":523,"date":"2014-02-06T12:43:59","date_gmt":"2014-02-06T12:43:59","guid":{"rendered":"http:\/\/raybreaker-theme.com\/wpnationimp\/?page_id=2"},"modified":"2026-02-19T16:52:08","modified_gmt":"2026-02-19T15:52:08","slug":"mentions-legales","status":"publish","type":"page","link":"https:\/\/saintmalo-hotel-elizabeth.com\/de\/impressum\/","title":{"rendered":"Impressum"},"content":{"rendered":"<div class=\"wpb-content-wrapper\"><div class=\"vc_row wpb_row vc_row-fluid\"><div class=\"wpb_column vc_column_container vc_col-sm-12\"><div class=\"vc_column-inner\"><div class=\"wpb_wrapper\">\n\t<div class=\"wpb_text_column wpb_content_element\" >\n\t\t<div class=\"wpb_wrapper\">\n\t\t\t<p>AGB<\/p>\n<p>Klausel 1 \u2013 Verf\u00fcgbarkeit und technischer Fehler<\/p>\n<p>Verf\u00fcgbarkeitsklausel<\/p>\n<p>Reservierungen erfolgen vorbehaltlich der tats\u00e4chlichen Verf\u00fcgbarkeit der Zimmer.<br \/>\nIm Falle eines technischen Fehlers, einer Funktionsst\u00f6rung des Reservierungssystems oder einer doppelten Zuteilung, die au\u00dferhalb des Einflussbereichs der Einrichtung liegt, beh\u00e4lt sich das Hotel die M\u00f6glichkeit vor, die betreffende Reservierung zu stornieren.<br \/>\nIn diesem Fall werden dem Kunden die gezahlten Betr\u00e4ge vollst\u00e4ndig erstattet, ohne dass eine zus\u00e4tzliche Entsch\u00e4digung verlangt werden kann.<\/p>\n<p>Klausel 2 \u2013 Au\u00dfergew\u00f6hnliche \u00c4nderung durch die Einrichtung<\/p>\n<p>Bei au\u00dfergew\u00f6hnlichen Umst\u00e4nden, die die Organisation der Einrichtung beeintr\u00e4chtigen (schwerwiegender technischer Vorfall, beh\u00f6rdliche Schlie\u00dfung, Unm\u00f6glichkeit des Betriebs), kann das Hotel eine \u00c4nderung oder die Stornierung der Reservierung vorschlagen.<br \/>\nDer Kunde kann dann zwischen der vollst\u00e4ndigen R\u00fcckerstattung oder einer vom Hotel angebotenen Alternativl\u00f6sung w\u00e4hlen.<\/p>\n<p>Klausel 3 \u2013 Au\u00dfergew\u00f6hnliche Tarife bei Gro\u00dfveranstaltungen<\/p>\n<p>W\u00e4hrend Zeitr\u00e4umen von Gro\u00dfveranstaltungen (Festivals, Segelwettbewerbe, internationale Veranstaltungen) k\u00f6nnen die Tarife innerhalb von 72 Stunden nach der Reservierung der endg\u00fcltigen Best\u00e4tigung durch die Einrichtung unterliegen.<br \/>\nBei fehlender ausdr\u00fccklicher Best\u00e4tigung kann die Reservierung f\u00fcr den Kunden kostenfrei storniert werden.<\/p>\n<div class=\"yj6qo\">\n<\/div>\n<p>In Anwendung des franz\u00f6sischen Gesetzbuchs \u00fcber geistiges Eigentum (Urheberrecht) unterliegen die Vervielf\u00e4ltigung f\u00fcr einen anderen als privaten Gebrauch, der Verkauf, die Verbreitung, die Ver\u00f6ffentlichung, die Anpassung oder die Kommunikation, teilweise oder vollst\u00e4ndig, der Daten (Pr\u00e4sentation, Gestaltung der Website, Fotos, Texte und Illustrationen, die durch das Urheberrecht gesch\u00fctzt sind) strikt der vorherigen schriftlichen Genehmigung der Rechteinhaber, de facto des Webmasters der Internetseite: info @ hotel-webdesign.com<\/p>\n<p>Erstellung der Seite:<\/p>\n<p><a href=\"https:\/\/hotel-webdesign.com\/\">Hotel-Webdesign<\/a><\/p>\n<p><a href=\"https:\/\/www.france-webdesign.com\/\">Website-Erstellung f\u00fcr KMU &amp; Handwerker<\/a><\/p>\n<p>Durch den Zugriff auf diese Website werden Sie dar\u00fcber informiert, dass die Nutzung des Internets die Einhaltung einer Reihe von Gesetzen erfordert, die sich insbesondere auf das Urheberrecht und das Datenschutzgesetz beziehen.<br \/>\nSARL JOLINE und Hotel Webdesign k\u00f6nnen keine Haftung f\u00fcr Fehler oder Auslassungen \u00fcbernehmen. Der Herausgeber beh\u00e4lt sich au\u00dferdem das Recht vor, die Daten auf der Website jederzeit zu \u00e4ndern und zu aktualisieren.<\/p>\n<p><b><strong>Firmenname der Betreibergesellschaft:<\/strong><\/b>SARL JOLINE<b><br \/>\n<strong>Email :<\/strong> <\/b>contact@saintmalo-hotel-elizabeth.com<b><br \/>\n<strong>Telefon :<\/strong> <\/b>+33 2 99 56 24 98<b><br \/>\n<\/b><b><strong>Nummer Siret: <\/strong><\/b>49782338500016<b><br \/>\n<\/b><b>Aktienkapital:\u00a0<\/b>15000\u20ac<\/p>\n<p><b><br \/>\n<strong>COMPUTER UND FREIHEIT<br \/>\n<\/strong><\/b>Jeder Benutzer, der direkt oder indirekt personenbezogene Daten \u00fcbermittelt hat, hat gem\u00e4\u00df dem Gesetz Nr. 7817 vom 01.06.1978 (Informatique et Libert\u00e9s) beim Administrator der Website ein Recht auf Zugang und Berichtigung.<\/p>\n<p>&nbsp;<\/p>\n<p><b>Hyperlinks<br \/>\n<\/b>Websites au\u00dferhalb von SARL JOLINE, die \u00fcber einen Hypertext-Link zu dieser Website verf\u00fcgen, unterliegen nicht der Kontrolle von SARL JOLINE und lehnt daher jegliche Verantwortung f\u00fcr deren Inhalt ab. F\u00fcr deren Nutzung ist allein der Nutzer verantwortlich.<\/p>\n<p>&nbsp;<\/p>\n<p><strong>Verantwortlich f\u00fcr die Ver\u00f6ffentlichung<\/strong>:<br \/>\nSARL JOLINE<\/p>\n<p>&nbsp;<\/p>\n<p><strong>Gastgeber<\/strong>:<br \/>\nOVH \u2013 2 rue Kellermann BP 80157<br \/>\n59100 Roubaix<br \/>\nTelefon: 1007<\/p>\n<p><a href=\"https:\/\/hotel-webdesign.com\">Erstellung einer Hotel-Website<\/a> | <a href=\"https:\/\/hotel-webdesign.com\">Hotel-Webdesign <\/a> | <a href=\"https:\/\/france-webdesign.com\/\">Frankreich Webdesign<\/a> | <a href=\"https:\/\/www.wordpress-maintenance.org\/\">WordPress-Wartung<\/a> | <a href=\"https:\/\/www.referencement-annuaire.fr\/\">Business-SEO<\/a><\/p>\n\n\t\t<\/div>\n\t<\/div>\n<\/div><\/div><\/div><\/div>\n<\/div>","protected":false},"excerpt":{"rendered":"AGB Klausel 1 \u2013 Verf\u00fcgbarkeit und technischer Fehler Verf\u00fcgbarkeitsklausel Reservierungen erfolgen vorbehaltlich der tats\u00e4chlichen Verf\u00fcgbarkeit der Zimmer. Im Falle eines technischen Fehlers, einer Fehlfunktion des Reservierungssystems oder einer Doppelzuweisung, die au\u00dferhalb des Einflussbereichs der Einrichtung liegt, beh\u00e4lt sich das Hotel die M\u00f6glichkeit vor, die betreffende Reservierung zu stornieren. In diesem Fall wird dem Kunden der gezahlte Betrag vollst\u00e4ndig zur\u00fcckerstattet, ohne dass eine zus\u00e4tzliche Entsch\u00e4digung verlangt werden kann. Klausel 2 \u2013 Au\u00dfergew\u00f6hnliche \u00c4nderung durch die Einrichtung Bei au\u00dfergew\u00f6hnlichen Umst\u00e4nden, die die Organisation der Einrichtung beeintr\u00e4chtigen (schwerwiegender technischer Vorfall, beh\u00f6rdliche Schlie\u00dfung, Unm\u00f6glichkeit des Betriebs), kann das Hotel eine \u00c4nderung oder die Stornierung der Reservierung vorschlagen. Der Kunde kann dann zwischen einer vollst\u00e4ndigen R\u00fcckerstattung oder einer vom Hotel vorgeschlagenen alternativen L\u00f6sung w\u00e4hlen. Klausel 3 \u2013 Au\u00dfergew\u00f6hnliche Tarife bei Gro\u00dfveranstaltungen W\u00e4hrend Zeitr\u00e4umen mit Gro\u00dfveranstaltungen (Festivals, nautische Wettbewerbe, internationale Veranstaltungen) k\u00f6nnen die Tarife innerhalb von 72 Stunden nach der Reservierung der endg\u00fcltigen Best\u00e4tigung durch die Einrichtung unterliegen. Ohne ausdr\u00fcckliche Best\u00e4tigung kann die Reservierung f\u00fcr den Kunden kostenfrei storniert werden. In Anwendung des Franz\u00f6sischen Gesetzbuchs \u00fcber geistiges Eigentum (Urheberrecht) ist die Vervielf\u00e4ltigung f\u00fcr einen anderen als privaten Gebrauch, der Verkauf, die Verbreitung, die Ver\u00f6ffentlichung, die Anpassung oder die Mitteilung, teilweise oder [...]","protected":false},"author":2,"featured_media":0,"parent":0,"menu_order":0,"comment_status":"closed","ping_status":"closed","template":"","meta":{"footnotes":""},"class_list":["post-523","page","type-page","status-publish","hentry"],"yoast_head":"<!-- This site is optimized with the Yoast SEO plugin v22.9 - https:\/\/yoast.com\/wordpress\/plugins\/seo\/ -->\n<title>Mentions legales - H\u00f4tel Elizabeth Saint-Malo<\/title>\n<meta name=\"description\" content=\"H\u00f4tel \u00e0 Saint-Malo, h\u00e9bergement intra muros proche commerces. Chambres \u00e0 Saint Malo\" \/>\n<meta name=\"robots\" content=\"index, follow, max-snippet:-1, max-image-preview:large, max-video-preview:-1\" \/>\n<link rel=\"canonical\" href=\"https:\/\/saintmalo-hotel-elizabeth.com\/de\/impressum\/\" \/>\n<meta property=\"og:locale\" content=\"de_DE\" \/>\n<meta property=\"og:type\" content=\"article\" \/>\n<meta property=\"og:title\" content=\"Mentions legales - H\u00f4tel Elizabeth Saint-Malo\" \/>\n<meta property=\"og:description\" content=\"H\u00f4tel \u00e0 Saint-Malo, h\u00e9bergement intra muros proche commerces. Chambres \u00e0 Saint Malo\" \/>\n<meta property=\"og:url\" content=\"https:\/\/saintmalo-hotel-elizabeth.com\/de\/impressum\/\" \/>\n<meta property=\"og:site_name\" content=\"H\u00f4tel Elizabeth Saint-Malo\" \/>\n<meta property=\"article:modified_time\" content=\"2026-02-19T15:52:08+00:00\" \/>\n<meta name=\"twitter:card\" content=\"summary_large_image\" \/>\n<meta name=\"twitter:label1\" content=\"Gesch\u00e4tzte Lesezeit\" \/>\n\t<meta name=\"twitter:data1\" content=\"3\u00a0Minuten\" \/>\n<script type=\"application\/ld+json\" class=\"yoast-schema-graph\">{\"@context\":\"https:\/\/schema.org\",\"@graph\":[{\"@type\":\"WebPage\",\"@id\":\"https:\/\/saintmalo-hotel-elizabeth.com\/mentions-legales\/\",\"url\":\"https:\/\/saintmalo-hotel-elizabeth.com\/mentions-legales\/\",\"name\":\"Mentions legales - H\u00f4tel Elizabeth Saint-Malo\",\"isPartOf\":{\"@id\":\"https:\/\/saintmalo-hotel-elizabeth.com\/#website\"},\"datePublished\":\"2014-02-06T12:43:59+00:00\",\"dateModified\":\"2026-02-19T15:52:08+00:00\",\"description\":\"H\u00f4tel \u00e0 Saint-Malo, h\u00e9bergement intra muros proche commerces. Chambres \u00e0 Saint Malo\",\"breadcrumb\":{\"@id\":\"https:\/\/saintmalo-hotel-elizabeth.com\/mentions-legales\/#breadcrumb\"},\"inLanguage\":\"de\",\"potentialAction\":[{\"@type\":\"ReadAction\",\"target\":[\"https:\/\/saintmalo-hotel-elizabeth.com\/mentions-legales\/\"]}]},{\"@type\":\"BreadcrumbList\",\"@id\":\"https:\/\/saintmalo-hotel-elizabeth.com\/mentions-legales\/#breadcrumb\",\"itemListElement\":[{\"@type\":\"ListItem\",\"position\":1,\"name\":\"Accueil\",\"item\":\"https:\/\/saintmalo-hotel-elizabeth.com\/\"},{\"@type\":\"ListItem\",\"position\":2,\"name\":\"Mentions legales\"}]},{\"@type\":\"WebSite\",\"@id\":\"https:\/\/saintmalo-hotel-elizabeth.com\/#website\",\"url\":\"https:\/\/saintmalo-hotel-elizabeth.com\/\",\"name\":\"H\u00f4tel Elizabeth Saint-Malo\",\"description\":\"H\u00f4tel centenaire au coeur de Saint-Malo, en bretagne\",\"potentialAction\":[{\"@type\":\"SearchAction\",\"target\":{\"@type\":\"EntryPoint\",\"urlTemplate\":\"https:\/\/saintmalo-hotel-elizabeth.com\/?s={search_term_string}\"},\"query-input\":\"required name=search_term_string\"}],\"inLanguage\":\"de\"}]}<\/script>\n<!-- \/ Yoast SEO plugin. -->","yoast_head_json":{"title":"Mentions legales - H\u00f4tel Elizabeth Saint-Malo","description":"H\u00f4tel \u00e0 Saint-Malo, h\u00e9bergement intra muros proche commerces. Chambres \u00e0 Saint Malo","robots":{"index":"index","follow":"follow","max-snippet":"max-snippet:-1","max-image-preview":"max-image-preview:large","max-video-preview":"max-video-preview:-1"},"canonical":"https:\/\/saintmalo-hotel-elizabeth.com\/de\/impressum\/","og_locale":"de_DE","og_type":"article","og_title":"Mentions legales - H\u00f4tel Elizabeth Saint-Malo","og_description":"H\u00f4tel \u00e0 Saint-Malo, h\u00e9bergement intra muros proche commerces. Chambres \u00e0 Saint Malo","og_url":"https:\/\/saintmalo-hotel-elizabeth.com\/de\/impressum\/","og_site_name":"H\u00f4tel Elizabeth Saint-Malo","article_modified_time":"2026-02-19T15:52:08+00:00","twitter_card":"summary_large_image","twitter_misc":{"Gesch\u00e4tzte Lesezeit":"3\u00a0Minuten"},"schema":{"@context":"https:\/\/schema.org","@graph":[{"@type":"WebPage","@id":"https:\/\/saintmalo-hotel-elizabeth.com\/mentions-legales\/","url":"https:\/\/saintmalo-hotel-elizabeth.com\/mentions-legales\/","name":"Mentions legales - H\u00f4tel Elizabeth Saint-Malo","isPartOf":{"@id":"https:\/\/saintmalo-hotel-elizabeth.com\/#website"},"datePublished":"2014-02-06T12:43:59+00:00","dateModified":"2026-02-19T15:52:08+00:00","description":"H\u00f4tel \u00e0 Saint-Malo, h\u00e9bergement intra muros proche commerces. Chambres \u00e0 Saint Malo","breadcrumb":{"@id":"https:\/\/saintmalo-hotel-elizabeth.com\/mentions-legales\/#breadcrumb"},"inLanguage":"de","potentialAction":[{"@type":"ReadAction","target":["https:\/\/saintmalo-hotel-elizabeth.com\/mentions-legales\/"]}]},{"@type":"BreadcrumbList","@id":"https:\/\/saintmalo-hotel-elizabeth.com\/mentions-legales\/#breadcrumb","itemListElement":[{"@type":"ListItem","position":1,"name":"Accueil","item":"https:\/\/saintmalo-hotel-elizabeth.com\/"},{"@type":"ListItem","position":2,"name":"Mentions legales"}]},{"@type":"WebSite","@id":"https:\/\/saintmalo-hotel-elizabeth.com\/#website","url":"https:\/\/saintmalo-hotel-elizabeth.com\/","name":"H\u00f4tel Elizabeth Saint-Malo","description":"H\u00f4tel centenaire au coeur de Saint-Malo, en bretagne","potentialAction":[{"@type":"SearchAction","target":{"@type":"EntryPoint","urlTemplate":"https:\/\/saintmalo-hotel-elizabeth.com\/?s={search_term_string}"},"query-input":"required name=search_term_string"}],"inLanguage":"de"}]}},"_links":{"self":[{"href":"https:\/\/saintmalo-hotel-elizabeth.com\/de\/wp-json\/wp\/v2\/pages\/523","targetHints":{"allow":["GET"]}}],"collection":[{"href":"https:\/\/saintmalo-hotel-elizabeth.com\/de\/wp-json\/wp\/v2\/pages"}],"about":[{"href":"https:\/\/saintmalo-hotel-elizabeth.com\/de\/wp-json\/wp\/v2\/types\/page"}],"author":[{"embeddable":true,"href":"https:\/\/saintmalo-hotel-elizabeth.com\/de\/wp-json\/wp\/v2\/users\/2"}],"replies":[{"embeddable":true,"href":"https:\/\/saintmalo-hotel-elizabeth.com\/de\/wp-json\/wp\/v2\/comments?post=523"}],"version-history":[{"count":0,"href":"https:\/\/saintmalo-hotel-elizabeth.com\/de\/wp-json\/wp\/v2\/pages\/523\/revisions"}],"wp:attachment":[{"href":"https:\/\/saintmalo-hotel-elizabeth.com\/de\/wp-json\/wp\/v2\/media?parent=523"}],"curies":[{"name":"wp","href":"https:\/\/api.w.org\/{rel}","templated":true}]}}