{"id":856,"date":"2017-05-15T11:37:26","date_gmt":"2017-05-15T09:37:26","guid":{"rendered":"http:\/\/elizabeth.hotel-webdesign.com\/?page_id=856"},"modified":"2024-06-03T15:45:16","modified_gmt":"2024-06-03T13:45:16","slug":"les-skippers-saint-malo","status":"publish","type":"page","link":"https:\/\/saintmalo-hotel-elizabeth.com\/de\/kapitane-von-saint-malo\/","title":{"rendered":"\u201eThe Skippers\u201c-Geb\u00e4ude"},"content":{"rendered":"<div class=\"wpb-content-wrapper\"><div data-vc-full-width=\"true\" data-vc-full-width-init=\"false\" data-vc-stretch-content=\"true\" class=\"vc_row wpb_row vc_row-fluid parallaxit vc_custom_1715693468329 vc_row-has-fill vc_row-no-padding\"><div class=\"wpb_column vc_column_container vc_col-sm-12\"><div class=\"vc_column-inner\"><div class=\"wpb_wrapper\">\n\t<div class=\"wpb_text_column wpb_content_element\" >\n\t\t<div class=\"wpb_wrapper\">\n\t\t\t<h1 style=\"text-align: center;\"><\/h1>\n<h1 style=\"text-align: center;\"><span style=\"color: #ffffff;\">DIE SKIPPER<\/span><\/h1>\n\n\t\t<\/div>\n\t<\/div>\n<\/div><\/div><\/div><\/div><div class=\"vc_row-full-width vc_clearfix\"><\/div><div class=\"vc_row wpb_row vc_row-fluid vc_custom_1494519365357 vc_column-gap-3\"><div class=\"wpb_column vc_column_container vc_col-sm-6\"><div class=\"vc_column-inner\"><div class=\"wpb_wrapper\">\n\t<div class=\"wpb_text_column wpb_content_element\" >\n\t\t<div class=\"wpb_wrapper\">\n\t\t\t\n\t\t\t<!-- START skippers REVOLUTION SLIDER 6.6.15 --><p class=\"rs-p-wp-fix\"><\/p>\n\t\t\t<rs-module-wrap id=\"rev_slider_6_1_wrapper\" data-source=\"gallery\" style=\"visibility:hidden;background:transparent;padding:0;margin:0px auto;margin-top:0;margin-bottom:0;\">\n\t\t\t\t<rs-module id=\"rev_slider_6_1\" style=\"\" data-version=\"6.6.15\">\n\t\t\t\t\t<rs-slides style=\"overflow: hidden; position: absolute;\">\n\t\t\t\t\t\t<rs-slide style=\"position: absolute;\" data-key=\"rs-22\" data-title=\"Slide\" data-thumb=\"\/\/saintmalo-hotel-elizabeth.com\/wp-content\/uploads\/2024\/05\/Saint-Malo-hotel-elizabeth-ameliegraphie-HD-054-100x50.jpg\" data-anim=\"adpr:false;\" data-in=\"o:0;\" data-out=\"a:false;\">\n\t\t\t\t\t\t\t<img decoding=\"async\" src=\"\/\/saintmalo-hotel-elizabeth.com\/wp-content\/plugins\/revslider\/public\/assets\/assets\/dummy.png\" alt=\"\" title=\"Saint Malo hotel-elizabeth-ameliegraphie-HD-054\" width=\"2500\" height=\"1667\" class=\"rev-slidebg tp-rs-img rs-lazyload\" data-lazyload=\"\/\/saintmalo-hotel-elizabeth.com\/wp-content\/uploads\/2024\/05\/Saint-Malo-hotel-elizabeth-ameliegraphie-HD-054.jpg\" data-no-retina>\n<!---->\t\t\t\t\t\t<\/rs-slide>\n\t\t\t\t\t\t<rs-slide style=\"position: absolute;\" data-key=\"rs-23\" data-title=\"Slide\" data-thumb=\"\/\/saintmalo-hotel-elizabeth.com\/wp-content\/uploads\/2024\/05\/Saint-Malo-hotel-elizabeth-ameliegraphie-HD-056-100x50.jpg\" data-anim=\"adpr:false;\" data-in=\"o:0;\" data-out=\"a:false;\">\n\t\t\t\t\t\t\t<img decoding=\"async\" src=\"\/\/saintmalo-hotel-elizabeth.com\/wp-content\/plugins\/revslider\/public\/assets\/assets\/dummy.png\" alt=\"\" title=\"Saint Malo hotel-elizabeth-ameliegraphie-HD-056\" width=\"2500\" height=\"1667\" class=\"rev-slidebg tp-rs-img rs-lazyload\" data-lazyload=\"\/\/saintmalo-hotel-elizabeth.com\/wp-content\/uploads\/2024\/05\/Saint-Malo-hotel-elizabeth-ameliegraphie-HD-056.jpg\" data-no-retina>\n<!---->\t\t\t\t\t\t<\/rs-slide>\n\t\t\t\t\t\t<rs-slide style=\"position: absolute;\" data-key=\"rs-25\" data-title=\"Slide\" data-thumb=\"\/\/saintmalo-hotel-elizabeth.com\/wp-content\/uploads\/2024\/05\/Saint-Malo-hotel-elizabeth-ameliegraphie-HD-057-100x50.jpg\" data-anim=\"adpr:false;\" data-in=\"o:0;\" data-out=\"a:false;\">\n\t\t\t\t\t\t\t<img decoding=\"async\" src=\"\/\/saintmalo-hotel-elizabeth.com\/wp-content\/plugins\/revslider\/public\/assets\/assets\/dummy.png\" alt=\"\" title=\"Saint Malo hotel-elizabeth-ameliegraphie-HD-057\" width=\"2500\" height=\"1667\" class=\"rev-slidebg tp-rs-img rs-lazyload\" data-lazyload=\"\/\/saintmalo-hotel-elizabeth.com\/wp-content\/uploads\/2024\/05\/Saint-Malo-hotel-elizabeth-ameliegraphie-HD-057.jpg\" data-no-retina>\n<!---->\t\t\t\t\t\t<\/rs-slide>\n\t\t\t\t\t\t<rs-slide style=\"position: absolute;\" data-key=\"rs-38\" data-title=\"Slide\" data-thumb=\"\/\/saintmalo-hotel-elizabeth.com\/wp-content\/uploads\/2024\/05\/Saint-Malo-hotel-elizabeth-ameliegraphie-HD-050-100x50.jpg\" data-anim=\"adpr:false;\" data-in=\"o:0;\" data-out=\"a:false;\">\n\t\t\t\t\t\t\t<img decoding=\"async\" src=\"\/\/saintmalo-hotel-elizabeth.com\/wp-content\/plugins\/revslider\/public\/assets\/assets\/dummy.png\" alt=\"\" title=\"Saint Malo hotel-elizabeth-ameliegraphie-HD-050\" width=\"2500\" height=\"1667\" class=\"rev-slidebg tp-rs-img rs-lazyload\" data-lazyload=\"\/\/saintmalo-hotel-elizabeth.com\/wp-content\/uploads\/2024\/05\/Saint-Malo-hotel-elizabeth-ameliegraphie-HD-050.jpg\" data-no-retina>\n<!---->\t\t\t\t\t\t<\/rs-slide>\n\t\t\t\t\t\t<rs-slide style=\"position: absolute;\" data-key=\"rs-46\" data-title=\"Slide\" data-thumb=\"\/\/saintmalo-hotel-elizabeth.com\/wp-content\/uploads\/2024\/05\/Saint-Malo-hotel-elizabeth-ameliegraphie-HD-073-100x50.jpg\" data-anim=\"adpr:false;\" data-in=\"o:0;\" data-out=\"a:false;\">\n\t\t\t\t\t\t\t<img decoding=\"async\" src=\"\/\/saintmalo-hotel-elizabeth.com\/wp-content\/plugins\/revslider\/public\/assets\/assets\/dummy.png\" alt=\"\" title=\"Saint Malo hotel-elizabeth-ameliegraphie-HD-073\" width=\"2500\" height=\"1667\" class=\"rev-slidebg tp-rs-img rs-lazyload\" data-lazyload=\"\/\/saintmalo-hotel-elizabeth.com\/wp-content\/uploads\/2024\/05\/Saint-Malo-hotel-elizabeth-ameliegraphie-HD-073.jpg\" data-no-retina>\n<!---->\t\t\t\t\t\t<\/rs-slide>\n\t\t\t\t\t\t<rs-slide style=\"position: absolute;\" data-key=\"rs-49\" data-title=\"Slide\" data-thumb=\"\/\/saintmalo-hotel-elizabeth.com\/wp-content\/uploads\/2024\/05\/Saint-Malo-hotel-elizabeth-ameliegraphie-HD-069-100x50.jpg\" data-anim=\"adpr:false;\" data-in=\"o:0;\" data-out=\"a:false;\">\n\t\t\t\t\t\t\t<img decoding=\"async\" src=\"\/\/saintmalo-hotel-elizabeth.com\/wp-content\/plugins\/revslider\/public\/assets\/assets\/dummy.png\" alt=\"\" title=\"Saint Malo hotel-elizabeth-ameliegraphie-HD-069\" width=\"2500\" height=\"1667\" class=\"rev-slidebg tp-rs-img rs-lazyload\" data-lazyload=\"\/\/saintmalo-hotel-elizabeth.com\/wp-content\/uploads\/2024\/05\/Saint-Malo-hotel-elizabeth-ameliegraphie-HD-069.jpg\" data-no-retina>\n<!---->\t\t\t\t\t\t<\/rs-slide>\n\t\t\t\t\t\t<rs-slide style=\"position: absolute;\" data-key=\"rs-47\" data-title=\"Slide\" data-thumb=\"\/\/saintmalo-hotel-elizabeth.com\/wp-content\/uploads\/2024\/05\/Saint-Malo-hotel-elizabeth-ameliegraphie-HD-064-100x50.jpg\" data-anim=\"adpr:false;\" data-in=\"o:0;\" data-out=\"a:false;\">\n\t\t\t\t\t\t\t<img decoding=\"async\" src=\"\/\/saintmalo-hotel-elizabeth.com\/wp-content\/plugins\/revslider\/public\/assets\/assets\/dummy.png\" alt=\"\" title=\"Saint Malo hotel-elizabeth-ameliegraphie-HD-064\" width=\"2500\" height=\"1667\" class=\"rev-slidebg tp-rs-img rs-lazyload\" data-lazyload=\"\/\/saintmalo-hotel-elizabeth.com\/wp-content\/uploads\/2024\/05\/Saint-Malo-hotel-elizabeth-ameliegraphie-HD-064.jpg\" data-no-retina>\n<!---->\t\t\t\t\t\t<\/rs-slide>\n\t\t\t\t\t\t<rs-slide style=\"position: absolute;\" data-key=\"rs-48\" data-title=\"Slide\" data-thumb=\"\/\/saintmalo-hotel-elizabeth.com\/wp-content\/uploads\/2024\/05\/Saint-Malo-hotel-elizabeth-ameliegraphie-HD-062-100x50.jpg\" data-anim=\"adpr:false;\" data-in=\"o:0;\" data-out=\"a:false;\">\n\t\t\t\t\t\t\t<img decoding=\"async\" src=\"\/\/saintmalo-hotel-elizabeth.com\/wp-content\/plugins\/revslider\/public\/assets\/assets\/dummy.png\" alt=\"\" title=\"Saint Malo hotel-elizabeth-ameliegraphie-HD-062\" width=\"1667\" height=\"2500\" class=\"rev-slidebg tp-rs-img rs-lazyload\" data-lazyload=\"\/\/saintmalo-hotel-elizabeth.com\/wp-content\/uploads\/2024\/05\/Saint-Malo-hotel-elizabeth-ameliegraphie-HD-062.jpg\" data-no-retina>\n<!---->\t\t\t\t\t\t<\/rs-slide>\n\t\t\t\t\t<\/rs-slides>\n\t\t\t\t<\/rs-module>\n\t\t\t\t<script>\n\t\t\t\t\tsetREVStartSize({c: 'rev_slider_6_1',rl:[1240,1024,1024,1024],el:[800,800,800,800],gw:[800,800,800,800],gh:[800,800,800,800],type:'standard',justify:'',layout:'fullwidth',mh:\"0\"});if (window.RS_MODULES!==undefined && window.RS_MODULES.modules!==undefined && window.RS_MODULES.modules[\"revslider61\"]!==undefined) {window.RS_MODULES.modules[\"revslider61\"].once = false;window.revapi6 = undefined;if (window.RS_MODULES.checkMinimal!==undefined) window.RS_MODULES.checkMinimal()}\n\t\t\t\t<\/script>\n\t\t\t<\/rs-module-wrap>\n\t\t\t<!-- END REVOLUTION SLIDER -->\n\n\n\t\t<\/div>\n\t<\/div>\n<\/div><\/div><\/div><div class=\"wpb_column vc_column_container vc_col-sm-6 vc_col-has-fill\"><div class=\"vc_column-inner vc_custom_1703856126822\"><div class=\"wpb_wrapper\">\n\t<div class=\"wpb_text_column wpb_content_element\" >\n\t\t<div class=\"wpb_wrapper\">\n\t\t\t<h2> \u201eTHE SKIPPERS\u201c-Geb\u00e4ude\u00a0<\/h2>\n<p>Die Skipper befinden sich in der N\u00e4he der Reeder, Sie k\u00f6nnen sie jedoch v\u00f6llig unabh\u00e4ngig erreichen, ohne die Hotelrezeption zu durchlaufen.<\/p>\n<p>Die Zimmer sind angenehm und die Badezimmer modern, WLAN steht Ihnen kostenfrei zur Verf\u00fcgung.<\/p>\n<p>Dank der idealen Lage in der Innenstadt von Saint-Malo k\u00f6nnen Sie die Restaurants und Str\u00e4nde von Saint-Malo zu Fu\u00df erreichen<\/p>\n<p><strong>Raumoberfl\u00e4chen und Bettma\u00dfe<\/strong><u><\/u><u><\/u><\/p>\n<p>\u2013 2 \u201eklassische\u201c Doppelzimmer mit Dusche und WC: 12 m\u00b2 gro\u00dfes Bett 140 x 190<br \/>\n\u2013 1 \u201eklassisches\u201c Doppelzimmer mit separater Dusche und WC: 14 m\u00b2 gro\u00dfes Bett 140 x 190<br \/>\n\u2013 1 \u201eklassisches\u201c Doppelzimmer mit separater Dusche und WC: 14 m\u00b2 gro\u00dfes Bett 160 x 200<br \/>\n- 3 Dreibettzimmer \"Classic\" mit Badewanne und separatem WC: 17 m\u00b2 Bett 160 x 200 + 1 Bett 90 x 190<\/p>\n\n\t\t<\/div>\n\t<\/div>\n<div class=\"vc_row wpb_row vc_inner vc_row-fluid\"><div class=\"wpb_column vc_column_container vc_col-sm-12\"><div class=\"vc_column-inner\"><div class=\"wpb_wrapper\"><div class=\"vc_btn3-container vc_btn3-center\" ><a class=\"vc_general vc_btn3 vc_btn3-size-lg vc_btn3-shape-rounded vc_btn3-style-3d vc_btn3-icon-left vc_btn3-color-grey\" href=\"https:\/\/secure.reservit.com\/fo\/booking\/2\/13126?specialMode=default&#038;langcode=FR&#038;partid=0&#038;custid=2&#038;hotelid=13126&#038;m=booking\" title=\"\" rel=\"nofollow\"><i class=\"vc_btn3-icon fas fa-check\"><\/i> BUCHEN<\/a><\/div><\/div><\/div><\/div><\/div><\/div><\/div><\/div><\/div>\n<\/div>","protected":false},"excerpt":{"rendered":"LES SKIPPERS Geb\u00e4ude \u201eLES SKIPPERS\u201c Die Skippers befinden sich in der N\u00e4he der Reeder, Sie k\u00f6nnen sie jedoch v\u00f6llig unabh\u00e4ngig erreichen, ohne die Hotelrezeption zu durchlaufen. Die Zimmer sind angenehm und die Badezimmer modern, WLAN steht Ihnen kostenfrei zur Verf\u00fcgung. Dank der idealen Lage in der Stadtmitte von Saint-Malo k\u00f6nnen Sie die Restaurants und Str\u00e4nde von Saint-Malo zu Fu\u00df erreichen. Zimmergr\u00f6\u00dfen und Bettenma\u00dfe \u2013 2 \u201eklassische\u201c Doppelzimmer mit Dusche und WC: 12 m\u00b2 gro\u00dfes Bett 140 x 190 \u2013 1 \u201eklassisches\u201c Doppelzimmer \u201eklassisch\u201c mit separater Dusche und WC: 14 m\u00b2 140 x 190 Bett - 1 \u201eklassisches\u201c Doppelzimmer mit separater Dusche und WC: 14 m\u00b2 160 x 200 Bett \u2013 3 \u201eklassische\u201c Dreibettzimmer mit separatem Bad und WC: 17 m\u00b2 160 x 200 Bett + 1 Bett 90 x 190 BUCHEN SIE DIE ZIMMER","protected":false},"author":2,"featured_media":0,"parent":0,"menu_order":0,"comment_status":"closed","ping_status":"closed","template":"page-fullwidth.php","meta":{"footnotes":""},"class_list":["post-856","page","type-page","status-publish","hentry"],"yoast_head":"<!-- This site is optimized with the Yoast SEO plugin v22.9 - https:\/\/yoast.com\/wordpress\/plugins\/seo\/ -->\n<title>B\u00e2timent &quot;Les Skippers&quot; - H\u00f4tel Elizabeth Saint-Malo<\/title>\n<meta name=\"description\" content=\"Notre h\u00f4tel \u00e0 Saint-Malo est compos\u00e9 de deux b\u00e2timents, dont LES SKIPPERS, situ\u00e9 \u00e0 quelques pas des ARMATEURS. Notre h\u00e9bergement se trouve au centre ville\" \/>\n<meta name=\"robots\" content=\"index, follow, max-snippet:-1, max-image-preview:large, max-video-preview:-1\" \/>\n<link rel=\"canonical\" href=\"https:\/\/saintmalo-hotel-elizabeth.com\/de\/kapitane-von-saint-malo\/\" \/>\n<meta property=\"og:locale\" content=\"de_DE\" \/>\n<meta property=\"og:type\" content=\"article\" \/>\n<meta property=\"og:title\" content=\"B\u00e2timent &quot;Les Skippers&quot; - H\u00f4tel Elizabeth Saint-Malo\" \/>\n<meta property=\"og:description\" content=\"Notre h\u00f4tel \u00e0 Saint-Malo est compos\u00e9 de deux b\u00e2timents, dont LES SKIPPERS, situ\u00e9 \u00e0 quelques pas des ARMATEURS. Notre h\u00e9bergement se trouve au centre ville\" \/>\n<meta property=\"og:url\" content=\"https:\/\/saintmalo-hotel-elizabeth.com\/de\/kapitane-von-saint-malo\/\" \/>\n<meta property=\"og:site_name\" content=\"H\u00f4tel Elizabeth Saint-Malo\" \/>\n<meta property=\"article:modified_time\" content=\"2024-06-03T13:45:16+00:00\" \/>\n<meta name=\"twitter:card\" content=\"summary_large_image\" \/>\n<meta name=\"twitter:label1\" content=\"Gesch\u00e4tzte Lesezeit\" \/>\n\t<meta name=\"twitter:data1\" content=\"1\u00a0Minute\" \/>\n<script type=\"application\/ld+json\" class=\"yoast-schema-graph\">{\"@context\":\"https:\/\/schema.org\",\"@graph\":[{\"@type\":\"WebPage\",\"@id\":\"https:\/\/saintmalo-hotel-elizabeth.com\/les-skippers-saint-malo\/\",\"url\":\"https:\/\/saintmalo-hotel-elizabeth.com\/les-skippers-saint-malo\/\",\"name\":\"B\u00e2timent \\\"Les Skippers\\\" - H\u00f4tel Elizabeth Saint-Malo\",\"isPartOf\":{\"@id\":\"https:\/\/saintmalo-hotel-elizabeth.com\/#website\"},\"datePublished\":\"2017-05-15T09:37:26+00:00\",\"dateModified\":\"2024-06-03T13:45:16+00:00\",\"description\":\"Notre h\u00f4tel \u00e0 Saint-Malo est compos\u00e9 de deux b\u00e2timents, dont LES SKIPPERS, situ\u00e9 \u00e0 quelques pas des ARMATEURS. Notre h\u00e9bergement se trouve au centre ville\",\"breadcrumb\":{\"@id\":\"https:\/\/saintmalo-hotel-elizabeth.com\/les-skippers-saint-malo\/#breadcrumb\"},\"inLanguage\":\"de\",\"potentialAction\":[{\"@type\":\"ReadAction\",\"target\":[\"https:\/\/saintmalo-hotel-elizabeth.com\/les-skippers-saint-malo\/\"]}]},{\"@type\":\"BreadcrumbList\",\"@id\":\"https:\/\/saintmalo-hotel-elizabeth.com\/les-skippers-saint-malo\/#breadcrumb\",\"itemListElement\":[{\"@type\":\"ListItem\",\"position\":1,\"name\":\"Accueil\",\"item\":\"https:\/\/saintmalo-hotel-elizabeth.com\/\"},{\"@type\":\"ListItem\",\"position\":2,\"name\":\"B\u00e2timent \u00ab\u00a0Les Skippers\u00a0\u00bb\"}]},{\"@type\":\"WebSite\",\"@id\":\"https:\/\/saintmalo-hotel-elizabeth.com\/#website\",\"url\":\"https:\/\/saintmalo-hotel-elizabeth.com\/\",\"name\":\"H\u00f4tel Elizabeth Saint-Malo\",\"description\":\"H\u00f4tel centenaire au coeur de Saint-Malo, en bretagne\",\"potentialAction\":[{\"@type\":\"SearchAction\",\"target\":{\"@type\":\"EntryPoint\",\"urlTemplate\":\"https:\/\/saintmalo-hotel-elizabeth.com\/?s={search_term_string}\"},\"query-input\":\"required name=search_term_string\"}],\"inLanguage\":\"de\"}]}<\/script>\n<!-- \/ Yoast SEO plugin. -->","yoast_head_json":{"title":"B\u00e2timent \"Les Skippers\" - H\u00f4tel Elizabeth Saint-Malo","description":"Notre h\u00f4tel \u00e0 Saint-Malo est compos\u00e9 de deux b\u00e2timents, dont LES SKIPPERS, situ\u00e9 \u00e0 quelques pas des ARMATEURS. Notre h\u00e9bergement se trouve au centre ville","robots":{"index":"index","follow":"follow","max-snippet":"max-snippet:-1","max-image-preview":"max-image-preview:large","max-video-preview":"max-video-preview:-1"},"canonical":"https:\/\/saintmalo-hotel-elizabeth.com\/de\/kapitane-von-saint-malo\/","og_locale":"de_DE","og_type":"article","og_title":"B\u00e2timent \"Les Skippers\" - H\u00f4tel Elizabeth Saint-Malo","og_description":"Notre h\u00f4tel \u00e0 Saint-Malo est compos\u00e9 de deux b\u00e2timents, dont LES SKIPPERS, situ\u00e9 \u00e0 quelques pas des ARMATEURS. Notre h\u00e9bergement se trouve au centre ville","og_url":"https:\/\/saintmalo-hotel-elizabeth.com\/de\/kapitane-von-saint-malo\/","og_site_name":"H\u00f4tel Elizabeth Saint-Malo","article_modified_time":"2024-06-03T13:45:16+00:00","twitter_card":"summary_large_image","twitter_misc":{"Gesch\u00e4tzte Lesezeit":"1\u00a0Minute"},"schema":{"@context":"https:\/\/schema.org","@graph":[{"@type":"WebPage","@id":"https:\/\/saintmalo-hotel-elizabeth.com\/les-skippers-saint-malo\/","url":"https:\/\/saintmalo-hotel-elizabeth.com\/les-skippers-saint-malo\/","name":"B\u00e2timent \"Les Skippers\" - H\u00f4tel Elizabeth Saint-Malo","isPartOf":{"@id":"https:\/\/saintmalo-hotel-elizabeth.com\/#website"},"datePublished":"2017-05-15T09:37:26+00:00","dateModified":"2024-06-03T13:45:16+00:00","description":"Notre h\u00f4tel \u00e0 Saint-Malo est compos\u00e9 de deux b\u00e2timents, dont LES SKIPPERS, situ\u00e9 \u00e0 quelques pas des ARMATEURS. Notre h\u00e9bergement se trouve au centre ville","breadcrumb":{"@id":"https:\/\/saintmalo-hotel-elizabeth.com\/les-skippers-saint-malo\/#breadcrumb"},"inLanguage":"de","potentialAction":[{"@type":"ReadAction","target":["https:\/\/saintmalo-hotel-elizabeth.com\/les-skippers-saint-malo\/"]}]},{"@type":"BreadcrumbList","@id":"https:\/\/saintmalo-hotel-elizabeth.com\/les-skippers-saint-malo\/#breadcrumb","itemListElement":[{"@type":"ListItem","position":1,"name":"Accueil","item":"https:\/\/saintmalo-hotel-elizabeth.com\/"},{"@type":"ListItem","position":2,"name":"B\u00e2timent \u00ab\u00a0Les Skippers\u00a0\u00bb"}]},{"@type":"WebSite","@id":"https:\/\/saintmalo-hotel-elizabeth.com\/#website","url":"https:\/\/saintmalo-hotel-elizabeth.com\/","name":"H\u00f4tel Elizabeth Saint-Malo","description":"H\u00f4tel centenaire au coeur de Saint-Malo, en bretagne","potentialAction":[{"@type":"SearchAction","target":{"@type":"EntryPoint","urlTemplate":"https:\/\/saintmalo-hotel-elizabeth.com\/?s={search_term_string}"},"query-input":"required name=search_term_string"}],"inLanguage":"de"}]}},"_links":{"self":[{"href":"https:\/\/saintmalo-hotel-elizabeth.com\/de\/wp-json\/wp\/v2\/pages\/856","targetHints":{"allow":["GET"]}}],"collection":[{"href":"https:\/\/saintmalo-hotel-elizabeth.com\/de\/wp-json\/wp\/v2\/pages"}],"about":[{"href":"https:\/\/saintmalo-hotel-elizabeth.com\/de\/wp-json\/wp\/v2\/types\/page"}],"author":[{"embeddable":true,"href":"https:\/\/saintmalo-hotel-elizabeth.com\/de\/wp-json\/wp\/v2\/users\/2"}],"replies":[{"embeddable":true,"href":"https:\/\/saintmalo-hotel-elizabeth.com\/de\/wp-json\/wp\/v2\/comments?post=856"}],"version-history":[{"count":0,"href":"https:\/\/saintmalo-hotel-elizabeth.com\/de\/wp-json\/wp\/v2\/pages\/856\/revisions"}],"wp:attachment":[{"href":"https:\/\/saintmalo-hotel-elizabeth.com\/de\/wp-json\/wp\/v2\/media?parent=856"}],"curies":[{"name":"wp","href":"https:\/\/api.w.org\/{rel}","templated":true}]}}