{"id":890,"date":"2017-05-19T14:31:56","date_gmt":"2017-05-19T12:31:56","guid":{"rendered":"http:\/\/elizabeth.hotel-webdesign.com\/?page_id=890"},"modified":"2017-08-08T17:18:45","modified_gmt":"2017-08-08T15:18:45","slug":"avis-client","status":"publish","type":"page","link":"https:\/\/saintmalo-hotel-elizabeth.com\/de\/kundenbewertungen\/","title":{"rendered":"Kundenbewertungen"},"content":{"rendered":"","protected":false},"excerpt":{"rendered":"","protected":false},"author":2,"featured_media":0,"parent":0,"menu_order":0,"comment_status":"closed","ping_status":"closed","template":"pageavis.php","meta":{"footnotes":""},"class_list":["post-890","page","type-page","status-publish","hentry"],"yoast_head":"<!-- This site is optimized with the Yoast SEO plugin v22.9 - https:\/\/yoast.com\/wordpress\/plugins\/seo\/ -->\n<title>Avis Client - H\u00f4tel Elizabeth Saint-Malo<\/title>\n<meta name=\"description\" content=\"Avis client de notre H\u00f4tel h\u00e9bergement \u00e0 Saint Malo intra muros au centre ville, proche du port et des commerces. Chambres d&#039;\u00e9poque\" \/>\n<meta name=\"robots\" content=\"index, follow, max-snippet:-1, max-image-preview:large, max-video-preview:-1\" \/>\n<link rel=\"canonical\" href=\"https:\/\/saintmalo-hotel-elizabeth.com\/de\/kundenbewertungen\/\" \/>\n<meta property=\"og:locale\" content=\"de_DE\" \/>\n<meta property=\"og:type\" content=\"article\" \/>\n<meta property=\"og:title\" content=\"Avis Client - H\u00f4tel Elizabeth Saint-Malo\" \/>\n<meta property=\"og:description\" content=\"Avis client de notre H\u00f4tel h\u00e9bergement \u00e0 Saint Malo intra muros au centre ville, proche du port et des commerces. Chambres d&#039;\u00e9poque\" \/>\n<meta property=\"og:url\" content=\"https:\/\/saintmalo-hotel-elizabeth.com\/de\/kundenbewertungen\/\" \/>\n<meta property=\"og:site_name\" content=\"H\u00f4tel Elizabeth Saint-Malo\" \/>\n<meta property=\"article:modified_time\" content=\"2017-08-08T15:18:45+00:00\" \/>\n<meta name=\"twitter:card\" content=\"summary_large_image\" \/>\n<script type=\"application\/ld+json\" class=\"yoast-schema-graph\">{\"@context\":\"https:\/\/schema.org\",\"@graph\":[{\"@type\":\"WebPage\",\"@id\":\"https:\/\/saintmalo-hotel-elizabeth.com\/avis-client\/\",\"url\":\"https:\/\/saintmalo-hotel-elizabeth.com\/avis-client\/\",\"name\":\"Avis Client - H\u00f4tel Elizabeth Saint-Malo\",\"isPartOf\":{\"@id\":\"https:\/\/saintmalo-hotel-elizabeth.com\/#website\"},\"datePublished\":\"2017-05-19T12:31:56+00:00\",\"dateModified\":\"2017-08-08T15:18:45+00:00\",\"description\":\"Avis client de notre H\u00f4tel h\u00e9bergement \u00e0 Saint Malo intra muros au centre ville, proche du port et des commerces. Chambres d'\u00e9poque\",\"breadcrumb\":{\"@id\":\"https:\/\/saintmalo-hotel-elizabeth.com\/avis-client\/#breadcrumb\"},\"inLanguage\":\"de\",\"potentialAction\":[{\"@type\":\"ReadAction\",\"target\":[\"https:\/\/saintmalo-hotel-elizabeth.com\/avis-client\/\"]}]},{\"@type\":\"BreadcrumbList\",\"@id\":\"https:\/\/saintmalo-hotel-elizabeth.com\/avis-client\/#breadcrumb\",\"itemListElement\":[{\"@type\":\"ListItem\",\"position\":1,\"name\":\"Accueil\",\"item\":\"https:\/\/saintmalo-hotel-elizabeth.com\/\"},{\"@type\":\"ListItem\",\"position\":2,\"name\":\"Avis Client\"}]},{\"@type\":\"WebSite\",\"@id\":\"https:\/\/saintmalo-hotel-elizabeth.com\/#website\",\"url\":\"https:\/\/saintmalo-hotel-elizabeth.com\/\",\"name\":\"H\u00f4tel Elizabeth Saint-Malo\",\"description\":\"H\u00f4tel centenaire au coeur de Saint-Malo, en bretagne\",\"potentialAction\":[{\"@type\":\"SearchAction\",\"target\":{\"@type\":\"EntryPoint\",\"urlTemplate\":\"https:\/\/saintmalo-hotel-elizabeth.com\/?s={search_term_string}\"},\"query-input\":\"required name=search_term_string\"}],\"inLanguage\":\"de\"}]}<\/script>\n<!-- \/ Yoast SEO plugin. -->","yoast_head_json":{"title":"Avis Client - H\u00f4tel Elizabeth Saint-Malo","description":"Avis client de notre H\u00f4tel h\u00e9bergement \u00e0 Saint Malo intra muros au centre ville, proche du port et des commerces. Chambres d'\u00e9poque","robots":{"index":"index","follow":"follow","max-snippet":"max-snippet:-1","max-image-preview":"max-image-preview:large","max-video-preview":"max-video-preview:-1"},"canonical":"https:\/\/saintmalo-hotel-elizabeth.com\/de\/kundenbewertungen\/","og_locale":"de_DE","og_type":"article","og_title":"Avis Client - H\u00f4tel Elizabeth Saint-Malo","og_description":"Avis client de notre H\u00f4tel h\u00e9bergement \u00e0 Saint Malo intra muros au centre ville, proche du port et des commerces. Chambres d'\u00e9poque","og_url":"https:\/\/saintmalo-hotel-elizabeth.com\/de\/kundenbewertungen\/","og_site_name":"H\u00f4tel Elizabeth Saint-Malo","article_modified_time":"2017-08-08T15:18:45+00:00","twitter_card":"summary_large_image","schema":{"@context":"https:\/\/schema.org","@graph":[{"@type":"WebPage","@id":"https:\/\/saintmalo-hotel-elizabeth.com\/avis-client\/","url":"https:\/\/saintmalo-hotel-elizabeth.com\/avis-client\/","name":"Avis Client - H\u00f4tel Elizabeth Saint-Malo","isPartOf":{"@id":"https:\/\/saintmalo-hotel-elizabeth.com\/#website"},"datePublished":"2017-05-19T12:31:56+00:00","dateModified":"2017-08-08T15:18:45+00:00","description":"Avis client de notre H\u00f4tel h\u00e9bergement \u00e0 Saint Malo intra muros au centre ville, proche du port et des commerces. Chambres d'\u00e9poque","breadcrumb":{"@id":"https:\/\/saintmalo-hotel-elizabeth.com\/avis-client\/#breadcrumb"},"inLanguage":"de","potentialAction":[{"@type":"ReadAction","target":["https:\/\/saintmalo-hotel-elizabeth.com\/avis-client\/"]}]},{"@type":"BreadcrumbList","@id":"https:\/\/saintmalo-hotel-elizabeth.com\/avis-client\/#breadcrumb","itemListElement":[{"@type":"ListItem","position":1,"name":"Accueil","item":"https:\/\/saintmalo-hotel-elizabeth.com\/"},{"@type":"ListItem","position":2,"name":"Avis Client"}]},{"@type":"WebSite","@id":"https:\/\/saintmalo-hotel-elizabeth.com\/#website","url":"https:\/\/saintmalo-hotel-elizabeth.com\/","name":"H\u00f4tel Elizabeth Saint-Malo","description":"H\u00f4tel centenaire au coeur de Saint-Malo, en bretagne","potentialAction":[{"@type":"SearchAction","target":{"@type":"EntryPoint","urlTemplate":"https:\/\/saintmalo-hotel-elizabeth.com\/?s={search_term_string}"},"query-input":"required name=search_term_string"}],"inLanguage":"de"}]}},"_links":{"self":[{"href":"https:\/\/saintmalo-hotel-elizabeth.com\/de\/wp-json\/wp\/v2\/pages\/890","targetHints":{"allow":["GET"]}}],"collection":[{"href":"https:\/\/saintmalo-hotel-elizabeth.com\/de\/wp-json\/wp\/v2\/pages"}],"about":[{"href":"https:\/\/saintmalo-hotel-elizabeth.com\/de\/wp-json\/wp\/v2\/types\/page"}],"author":[{"embeddable":true,"href":"https:\/\/saintmalo-hotel-elizabeth.com\/de\/wp-json\/wp\/v2\/users\/2"}],"replies":[{"embeddable":true,"href":"https:\/\/saintmalo-hotel-elizabeth.com\/de\/wp-json\/wp\/v2\/comments?post=890"}],"version-history":[{"count":0,"href":"https:\/\/saintmalo-hotel-elizabeth.com\/de\/wp-json\/wp\/v2\/pages\/890\/revisions"}],"wp:attachment":[{"href":"https:\/\/saintmalo-hotel-elizabeth.com\/de\/wp-json\/wp\/v2\/media?parent=890"}],"curies":[{"name":"wp","href":"https:\/\/api.w.org\/{rel}","templated":true}]}}