{"id":310,"date":"2013-12-23T10:45:13","date_gmt":"2013-12-23T10:45:13","guid":{"rendered":"http:\/\/localhost\/wpnation\/?page_id=310"},"modified":"2024-05-13T18:32:58","modified_gmt":"2024-05-13T16:32:58","slug":"saint-malo-tourisme","status":"publish","type":"page","link":"https:\/\/saintmalo-hotel-elizabeth.com\/en\/saint-malo-tourism\/","title":{"rendered":"Saint-Malo History &amp; Tourism"},"content":{"rendered":"<div class=\"wpb-content-wrapper\"><div data-vc-full-width=\"true\" data-vc-full-width-init=\"false\" data-vc-stretch-content=\"true\" class=\"vc_row wpb_row vc_row-fluid parallaxit vc_custom_1715617976581 vc_row-has-fill vc_row-no-padding\"><div class=\"wpb_column vc_column_container vc_col-sm-12\"><div class=\"vc_column-inner\"><div class=\"wpb_wrapper\">\n\t<div class=\"wpb_text_column wpb_content_element\" >\n\t\t<div class=\"wpb_wrapper\">\n\t\t\t<h1><\/h1>\n<p>&nbsp;<\/p>\n<h1 style=\"text-align: center;\"><span style=\"color: #ffffff;\">SAINT MALO<\/span><\/h1>\n\n\t\t<\/div>\n\t<\/div>\n<\/div><\/div><\/div><\/div><div class=\"vc_row-full-width vc_clearfix\"><\/div><div class=\"vc_row wpb_row vc_row-fluid vc_custom_1494519365357 vc_column-gap-3\"><div class=\"wpb_column vc_column_container vc_col-sm-12\"><div class=\"vc_column-inner\"><div class=\"wpb_wrapper\">\n\t<div class=\"wpb_text_column wpb_content_element\" >\n\t\t<div class=\"wpb_wrapper\">\n\t\t\t<h2> History and activities in Saint-Malo\u00a0<\/h2>\n<p>At the gates of Brittany, open on the sleeve, <strong>Saint Malo<\/strong> is the main port city on the coast of northern Brittany. This city, fortified over the ages, was originally built on an island with a rocky base. A tidal wave, around the 8th century, would have attached it to the mainland, transforming the island into a peninsula.<\/p>\n<h3> What to do in Saint-Malo\u00a0<\/h3>\n<p><img loading=\"lazy\" decoding=\"async\" class=\"wp-image-1415 size-medium alignleft\" src=\"https:\/\/saintmalo-hotel-elizabeth.com\/wp-content\/uploads\/2024\/05\/Saint-Malo-hotel-elizabeth-ameliegraphie-HD-013-200x300.jpg\" alt=\"\" width=\"200\" height=\"300\" srcset=\"https:\/\/saintmalo-hotel-elizabeth.com\/wp-content\/uploads\/2024\/05\/Saint-Malo-hotel-elizabeth-ameliegraphie-HD-013-200x300.jpg 200w, https:\/\/saintmalo-hotel-elizabeth.com\/wp-content\/uploads\/2024\/05\/Saint-Malo-hotel-elizabeth-ameliegraphie-HD-013-683x1024.jpg 683w, https:\/\/saintmalo-hotel-elizabeth.com\/wp-content\/uploads\/2024\/05\/Saint-Malo-hotel-elizabeth-ameliegraphie-HD-013-768x1152.jpg 768w, https:\/\/saintmalo-hotel-elizabeth.com\/wp-content\/uploads\/2024\/05\/Saint-Malo-hotel-elizabeth-ameliegraphie-HD-013-1024x1536.jpg 1024w, https:\/\/saintmalo-hotel-elizabeth.com\/wp-content\/uploads\/2024\/05\/Saint-Malo-hotel-elizabeth-ameliegraphie-HD-013-1366x2048.jpg 1366w, https:\/\/saintmalo-hotel-elizabeth.com\/wp-content\/uploads\/2024\/05\/Saint-Malo-hotel-elizabeth-ameliegraphie-HD-013-8x12.jpg 8w, https:\/\/saintmalo-hotel-elizabeth.com\/wp-content\/uploads\/2024\/05\/Saint-Malo-hotel-elizabeth-ameliegraphie-HD-013.jpg 1667w\" sizes=\"auto, (max-width: 200px) 100vw, 200px\" \/>The best way to discover the city is certainly walking! Do you prefer an atypical and tailor-made visit? Some companies, such as \u201c\u00a0<a href=\"https:\/\/www.facebook.com\/leschevauxdelamer\" target=\"_blank\" rel=\"noopener noreferrer\">sea horses<\/a>\u201c, offer carriage rides in the surrounding area.<\/p>\n<p>Spanning only a few square kilometers, Saint-Malo is full of historical remains. Discover the ramparts which overlook the city, offering a view of the ships at the docks. A walk on the ramparts is the best way to soak up the discreet tumult of intramural life. Although retaining a medieval appearance, these ramparts were in fact mostly built after the Second World War!<\/p>\n\n\t\t<\/div>\n\t<\/div>\n<\/div><\/div><\/div><\/div><div data-vc-full-width=\"true\" data-vc-full-width-init=\"false\" data-vc-stretch-content=\"true\" class=\"vc_row wpb_row vc_row-fluid parallaxit vc_custom_1678366573204 vc_row-has-fill vc_row-no-padding\"><div class=\"wpb_column vc_column_container vc_col-sm-12\"><div class=\"vc_column-inner vc_custom_1559896356025\"><div class=\"wpb_wrapper\">\n\t<div class=\"wpb_text_column wpb_content_element  vc_custom_1559896173426\" >\n\t\t<div class=\"wpb_wrapper\">\n\t\t\t<h1><\/h1>\n<h1 style=\"text-align: center;\"><span style=\"color: #ffffff;\">TOURISM<\/span><\/h1>\n\n\t\t<\/div>\n\t<\/div>\n<\/div><\/div><\/div><\/div><div class=\"vc_row-full-width vc_clearfix\"><\/div><div class=\"vc_row wpb_row vc_row-fluid vc_custom_1494519365357 vc_column-gap-3\"><div class=\"wpb_column vc_column_container vc_col-sm-12\"><div class=\"vc_column-inner\"><div class=\"wpb_wrapper\">\n\t<div class=\"wpb_text_column wpb_content_element\" >\n\t\t<div class=\"wpb_wrapper\">\n\t\t\t<p><img loading=\"lazy\" decoding=\"async\" class=\"wp-image-1486 size-medium alignleft\" src=\"https:\/\/saintmalo-hotel-elizabeth.com\/wp-content\/uploads\/2024\/05\/ameliegraphie-025-saint-malo-BD-300x169.jpg\" alt=\"\" width=\"300\" height=\"169\" srcset=\"https:\/\/saintmalo-hotel-elizabeth.com\/wp-content\/uploads\/2024\/05\/ameliegraphie-025-saint-malo-BD-300x169.jpg 300w, https:\/\/saintmalo-hotel-elizabeth.com\/wp-content\/uploads\/2024\/05\/ameliegraphie-025-saint-malo-BD-1024x576.jpg 1024w, https:\/\/saintmalo-hotel-elizabeth.com\/wp-content\/uploads\/2024\/05\/ameliegraphie-025-saint-malo-BD-768x432.jpg 768w, https:\/\/saintmalo-hotel-elizabeth.com\/wp-content\/uploads\/2024\/05\/ameliegraphie-025-saint-malo-BD-1536x864.jpg 1536w, https:\/\/saintmalo-hotel-elizabeth.com\/wp-content\/uploads\/2024\/05\/ameliegraphie-025-saint-malo-BD-18x10.jpg 18w, https:\/\/saintmalo-hotel-elizabeth.com\/wp-content\/uploads\/2024\/05\/ameliegraphie-025-saint-malo-BD.jpg 2000w\" sizes=\"auto, (max-width: 300px) 100vw, 300px\" \/><\/p>\n<p>Saint-Malo would not be what it is without its impressive tides. At low tide, the sandy beaches reveal their full extent and provide access to Fort National as well as Fort du Petit B\u00e9. At high tide, the waves hit the ramparts with a spectacular crash, offering the famous postcard photos.<\/p>\n<p>Want to continue your path of discovery on the coast? Mont Saint-Michel is less than an hour away!<\/p>\n\n\t\t<\/div>\n\t<\/div>\n\n\t<div class=\"wpb_text_column wpb_content_element\" >\n\t\t<div class=\"wpb_wrapper\">\n\t\t\t<p><img loading=\"lazy\" decoding=\"async\" class=\"wp-image-1148 size-medium alignright\" src=\"https:\/\/saintmalo-hotel-elizabeth.com\/wp-content\/uploads\/2023\/03\/4mqayq5dajy-300x225.jpg\" alt=\"brown rock formation near body of water under blue and white cloudy sky during daytime\" width=\"300\" height=\"225\" srcset=\"https:\/\/saintmalo-hotel-elizabeth.com\/wp-content\/uploads\/2023\/03\/4mqayq5dajy-300x225.jpg 300w, https:\/\/saintmalo-hotel-elizabeth.com\/wp-content\/uploads\/2023\/03\/4mqayq5dajy-1024x768.jpg 1024w, https:\/\/saintmalo-hotel-elizabeth.com\/wp-content\/uploads\/2023\/03\/4mqayq5dajy-768x576.jpg 768w, https:\/\/saintmalo-hotel-elizabeth.com\/wp-content\/uploads\/2023\/03\/4mqayq5dajy-1536x1152.jpg 1536w, https:\/\/saintmalo-hotel-elizabeth.com\/wp-content\/uploads\/2023\/03\/4mqayq5dajy.jpg 1600w\" sizes=\"auto, (max-width: 300px) 100vw, 300px\" \/><\/p>\n<p>Do you have your sea legs and want to discover the city from the water? Embark aboard old vintage rigs for an unforgettable ride. The support is complete, no prerequisites are necessary. Outings at sunset, for an afternoon or for the whole day. The ideal gift for a couple or small group on vacation in Saint-Malo.<\/p>\n<p>Meeting on <a href=\"https:\/\/www.etoile-marine.com\/\">Navy Star<\/a>\u00a0for more info<\/p>\n\n\t\t<\/div>\n\t<\/div>\n<\/div><\/div><\/div><\/div>\n<\/div>","protected":false},"excerpt":{"rendered":"&nbsp; SAINT MALO History and activities in Saint-Malo At the gates of Brittany, open to the English Channel, Saint-Malo is the main port city on the coast of northern Brittany. This city, fortified over the ages, was originally built on an island with a rocky base. A tidal wave, around the 8th century, would have attached it to the mainland, transforming the island into a peninsula. What to do in Saint-Malo The best way to discover the city is certainly walking! Do you prefer an atypical and tailor-made visit? A few companies, such as \u201cleshorses of the sea\u201d, offer carriage rides in the surrounding area. Spanning only a few square kilometers, Saint-Malo is full of historical remains. Discover the ramparts which overlook the city, offering a view of the ships at the docks. A walk on the ramparts is the best way to soak up the discreet tumult of intramural life. Although retaining a medieval appearance, these ramparts were in fact mostly built after the Second World War! TOURISM Saint-Malo would not be what it is without its impressive tides. At low tide, the sandy beaches reveal their full extent and provide access to Fort National as well as Fort du Petit B\u00e9. At high tide, [...]","protected":false},"author":2,"featured_media":0,"parent":0,"menu_order":0,"comment_status":"open","ping_status":"open","template":"page-fullwidth.php","meta":{"footnotes":""},"class_list":["post-310","page","type-page","status-publish","hentry"],"yoast_head":"<!-- This site is optimized with the Yoast SEO plugin v22.9 - https:\/\/yoast.com\/wordpress\/plugins\/seo\/ -->\n<title>Saint-Malo Histoire &amp; Tourisme - H\u00f4tel Elizabeth Saint-Malo<\/title>\n<meta name=\"description\" content=\"Infos touristiques sur Saint-Malo et les environs. Concernant votre h\u00f4tel, chambres et h\u00e9bergement s&#039;adresser directement \u00e0 nous via le formulaire.\" \/>\n<meta name=\"robots\" content=\"index, follow, max-snippet:-1, max-image-preview:large, max-video-preview:-1\" \/>\n<link rel=\"canonical\" href=\"https:\/\/saintmalo-hotel-elizabeth.com\/en\/saint-malo-tourism\/\" \/>\n<meta property=\"og:locale\" content=\"en_GB\" \/>\n<meta property=\"og:type\" content=\"article\" \/>\n<meta property=\"og:title\" content=\"Saint-Malo Histoire &amp; Tourisme - H\u00f4tel Elizabeth Saint-Malo\" \/>\n<meta property=\"og:description\" content=\"Infos touristiques sur Saint-Malo et les environs. Concernant votre h\u00f4tel, chambres et h\u00e9bergement s&#039;adresser directement \u00e0 nous via le formulaire.\" \/>\n<meta property=\"og:url\" content=\"https:\/\/saintmalo-hotel-elizabeth.com\/en\/saint-malo-tourism\/\" \/>\n<meta property=\"og:site_name\" content=\"H\u00f4tel Elizabeth Saint-Malo\" \/>\n<meta property=\"article:modified_time\" content=\"2024-05-13T16:32:58+00:00\" \/>\n<meta property=\"og:image\" content=\"https:\/\/saintmalo-hotel-elizabeth.com\/wp-content\/uploads\/2024\/05\/Saint-Malo-hotel-elizabeth-ameliegraphie-HD-013-200x300.jpg\" \/>\n<meta name=\"twitter:card\" content=\"summary_large_image\" \/>\n<meta name=\"twitter:label1\" content=\"Estimated reading time\" \/>\n\t<meta name=\"twitter:data1\" content=\"3 minutes\" \/>\n<script type=\"application\/ld+json\" class=\"yoast-schema-graph\">{\"@context\":\"https:\/\/schema.org\",\"@graph\":[{\"@type\":\"WebPage\",\"@id\":\"https:\/\/saintmalo-hotel-elizabeth.com\/saint-malo-tourisme\/\",\"url\":\"https:\/\/saintmalo-hotel-elizabeth.com\/saint-malo-tourisme\/\",\"name\":\"Saint-Malo Histoire & Tourisme - H\u00f4tel Elizabeth Saint-Malo\",\"isPartOf\":{\"@id\":\"https:\/\/saintmalo-hotel-elizabeth.com\/#website\"},\"primaryImageOfPage\":{\"@id\":\"https:\/\/saintmalo-hotel-elizabeth.com\/saint-malo-tourisme\/#primaryimage\"},\"image\":{\"@id\":\"https:\/\/saintmalo-hotel-elizabeth.com\/saint-malo-tourisme\/#primaryimage\"},\"thumbnailUrl\":\"https:\/\/saintmalo-hotel-elizabeth.com\/wp-content\/uploads\/2024\/05\/Saint-Malo-hotel-elizabeth-ameliegraphie-HD-013-200x300.jpg\",\"datePublished\":\"2013-12-23T10:45:13+00:00\",\"dateModified\":\"2024-05-13T16:32:58+00:00\",\"description\":\"Infos touristiques sur Saint-Malo et les environs. Concernant votre h\u00f4tel, chambres et h\u00e9bergement s'adresser directement \u00e0 nous via le formulaire.\",\"breadcrumb\":{\"@id\":\"https:\/\/saintmalo-hotel-elizabeth.com\/saint-malo-tourisme\/#breadcrumb\"},\"inLanguage\":\"en-GB\",\"potentialAction\":[{\"@type\":\"ReadAction\",\"target\":[\"https:\/\/saintmalo-hotel-elizabeth.com\/saint-malo-tourisme\/\"]}]},{\"@type\":\"ImageObject\",\"inLanguage\":\"en-GB\",\"@id\":\"https:\/\/saintmalo-hotel-elizabeth.com\/saint-malo-tourisme\/#primaryimage\",\"url\":\"https:\/\/saintmalo-hotel-elizabeth.com\/wp-content\/uploads\/2024\/05\/Saint-Malo-hotel-elizabeth-ameliegraphie-HD-013-200x300.jpg\",\"contentUrl\":\"https:\/\/saintmalo-hotel-elizabeth.com\/wp-content\/uploads\/2024\/05\/Saint-Malo-hotel-elizabeth-ameliegraphie-HD-013-200x300.jpg\"},{\"@type\":\"BreadcrumbList\",\"@id\":\"https:\/\/saintmalo-hotel-elizabeth.com\/saint-malo-tourisme\/#breadcrumb\",\"itemListElement\":[{\"@type\":\"ListItem\",\"position\":1,\"name\":\"Accueil\",\"item\":\"https:\/\/saintmalo-hotel-elizabeth.com\/\"},{\"@type\":\"ListItem\",\"position\":2,\"name\":\"Saint-Malo Histoire &#038; Tourisme\"}]},{\"@type\":\"WebSite\",\"@id\":\"https:\/\/saintmalo-hotel-elizabeth.com\/#website\",\"url\":\"https:\/\/saintmalo-hotel-elizabeth.com\/\",\"name\":\"H\u00f4tel Elizabeth Saint-Malo\",\"description\":\"H\u00f4tel centenaire au coeur de Saint-Malo, en bretagne\",\"potentialAction\":[{\"@type\":\"SearchAction\",\"target\":{\"@type\":\"EntryPoint\",\"urlTemplate\":\"https:\/\/saintmalo-hotel-elizabeth.com\/?s={search_term_string}\"},\"query-input\":\"required name=search_term_string\"}],\"inLanguage\":\"en-GB\"}]}<\/script>\n<!-- \/ Yoast SEO plugin. -->","yoast_head_json":{"title":"Saint-Malo Histoire & Tourisme - H\u00f4tel Elizabeth Saint-Malo","description":"Infos touristiques sur Saint-Malo et les environs. Concernant votre h\u00f4tel, chambres et h\u00e9bergement s'adresser directement \u00e0 nous via le formulaire.","robots":{"index":"index","follow":"follow","max-snippet":"max-snippet:-1","max-image-preview":"max-image-preview:large","max-video-preview":"max-video-preview:-1"},"canonical":"https:\/\/saintmalo-hotel-elizabeth.com\/en\/saint-malo-tourism\/","og_locale":"en_GB","og_type":"article","og_title":"Saint-Malo Histoire & Tourisme - H\u00f4tel Elizabeth Saint-Malo","og_description":"Infos touristiques sur Saint-Malo et les environs. Concernant votre h\u00f4tel, chambres et h\u00e9bergement s'adresser directement \u00e0 nous via le formulaire.","og_url":"https:\/\/saintmalo-hotel-elizabeth.com\/en\/saint-malo-tourism\/","og_site_name":"H\u00f4tel Elizabeth Saint-Malo","article_modified_time":"2024-05-13T16:32:58+00:00","og_image":[{"url":"https:\/\/saintmalo-hotel-elizabeth.com\/wp-content\/uploads\/2024\/05\/Saint-Malo-hotel-elizabeth-ameliegraphie-HD-013-200x300.jpg"}],"twitter_card":"summary_large_image","twitter_misc":{"Estimated reading time":"3 minutes"},"schema":{"@context":"https:\/\/schema.org","@graph":[{"@type":"WebPage","@id":"https:\/\/saintmalo-hotel-elizabeth.com\/saint-malo-tourisme\/","url":"https:\/\/saintmalo-hotel-elizabeth.com\/saint-malo-tourisme\/","name":"Saint-Malo Histoire & Tourisme - H\u00f4tel Elizabeth Saint-Malo","isPartOf":{"@id":"https:\/\/saintmalo-hotel-elizabeth.com\/#website"},"primaryImageOfPage":{"@id":"https:\/\/saintmalo-hotel-elizabeth.com\/saint-malo-tourisme\/#primaryimage"},"image":{"@id":"https:\/\/saintmalo-hotel-elizabeth.com\/saint-malo-tourisme\/#primaryimage"},"thumbnailUrl":"https:\/\/saintmalo-hotel-elizabeth.com\/wp-content\/uploads\/2024\/05\/Saint-Malo-hotel-elizabeth-ameliegraphie-HD-013-200x300.jpg","datePublished":"2013-12-23T10:45:13+00:00","dateModified":"2024-05-13T16:32:58+00:00","description":"Infos touristiques sur Saint-Malo et les environs. Concernant votre h\u00f4tel, chambres et h\u00e9bergement s'adresser directement \u00e0 nous via le formulaire.","breadcrumb":{"@id":"https:\/\/saintmalo-hotel-elizabeth.com\/saint-malo-tourisme\/#breadcrumb"},"inLanguage":"en-GB","potentialAction":[{"@type":"ReadAction","target":["https:\/\/saintmalo-hotel-elizabeth.com\/saint-malo-tourisme\/"]}]},{"@type":"ImageObject","inLanguage":"en-GB","@id":"https:\/\/saintmalo-hotel-elizabeth.com\/saint-malo-tourisme\/#primaryimage","url":"https:\/\/saintmalo-hotel-elizabeth.com\/wp-content\/uploads\/2024\/05\/Saint-Malo-hotel-elizabeth-ameliegraphie-HD-013-200x300.jpg","contentUrl":"https:\/\/saintmalo-hotel-elizabeth.com\/wp-content\/uploads\/2024\/05\/Saint-Malo-hotel-elizabeth-ameliegraphie-HD-013-200x300.jpg"},{"@type":"BreadcrumbList","@id":"https:\/\/saintmalo-hotel-elizabeth.com\/saint-malo-tourisme\/#breadcrumb","itemListElement":[{"@type":"ListItem","position":1,"name":"Accueil","item":"https:\/\/saintmalo-hotel-elizabeth.com\/"},{"@type":"ListItem","position":2,"name":"Saint-Malo Histoire &#038; Tourisme"}]},{"@type":"WebSite","@id":"https:\/\/saintmalo-hotel-elizabeth.com\/#website","url":"https:\/\/saintmalo-hotel-elizabeth.com\/","name":"H\u00f4tel Elizabeth Saint-Malo","description":"H\u00f4tel centenaire au coeur de Saint-Malo, en bretagne","potentialAction":[{"@type":"SearchAction","target":{"@type":"EntryPoint","urlTemplate":"https:\/\/saintmalo-hotel-elizabeth.com\/?s={search_term_string}"},"query-input":"required name=search_term_string"}],"inLanguage":"en-GB"}]}},"_links":{"self":[{"href":"https:\/\/saintmalo-hotel-elizabeth.com\/en\/wp-json\/wp\/v2\/pages\/310","targetHints":{"allow":["GET"]}}],"collection":[{"href":"https:\/\/saintmalo-hotel-elizabeth.com\/en\/wp-json\/wp\/v2\/pages"}],"about":[{"href":"https:\/\/saintmalo-hotel-elizabeth.com\/en\/wp-json\/wp\/v2\/types\/page"}],"author":[{"embeddable":true,"href":"https:\/\/saintmalo-hotel-elizabeth.com\/en\/wp-json\/wp\/v2\/users\/2"}],"replies":[{"embeddable":true,"href":"https:\/\/saintmalo-hotel-elizabeth.com\/en\/wp-json\/wp\/v2\/comments?post=310"}],"version-history":[{"count":0,"href":"https:\/\/saintmalo-hotel-elizabeth.com\/en\/wp-json\/wp\/v2\/pages\/310\/revisions"}],"wp:attachment":[{"href":"https:\/\/saintmalo-hotel-elizabeth.com\/en\/wp-json\/wp\/v2\/media?parent=310"}],"curies":[{"name":"wp","href":"https:\/\/api.w.org\/{rel}","templated":true}]}}