{"id":523,"date":"2014-02-06T12:43:59","date_gmt":"2014-02-06T12:43:59","guid":{"rendered":"http:\/\/raybreaker-theme.com\/wpnationimp\/?page_id=2"},"modified":"2026-02-19T16:52:08","modified_gmt":"2026-02-19T15:52:08","slug":"mentions-legales","status":"publish","type":"page","link":"https:\/\/saintmalo-hotel-elizabeth.com\/en\/legal-notice\/","title":{"rendered":"Legal Notice"},"content":{"rendered":"<div class=\"wpb-content-wrapper\"><div class=\"vc_row wpb_row vc_row-fluid\"><div class=\"wpb_column vc_column_container vc_col-sm-12\"><div class=\"vc_column-inner\"><div class=\"wpb_wrapper\">\n\t<div class=\"wpb_text_column wpb_content_element\" >\n\t\t<div class=\"wpb_wrapper\">\n\t\t\t<p>Terms and Conditions of Sale<\/p>\n<p>Clause 1 \u2013 Availability and technical error<\/p>\n<p>Availability clause<\/p>\n<p>Bookings are made subject to the actual availability of rooms.<br \/>\nIn the event of a technical error, a malfunction of the booking system or double allocation beyond the establishment\u2019s control, the hotel reserves the right to cancel the booking concerned.<br \/>\nIn this case, the customer will be fully refunded the amounts paid without any additional compensation being claimable.<\/p>\n<p>Clause 2 \u2013 Exceptional modification by the establishment<\/p>\n<p>In the event of exceptional circumstances affecting the organisation of the establishment (major technical incident, administrative closure, inability to operate), the hotel may propose a modification or cancellation of the booking.<br \/>\nThe customer may then choose between a full refund or an alternative solution proposed by the hotel.<\/p>\n<p>Clause 3 \u2013 Exceptional rates for major events<\/p>\n<p>During periods of major events (festivals, nautical competitions, international events), rates may be subject to final validation by the establishment within 72 hours following the booking.<br \/>\nFailing express confirmation, the booking may be cancelled free of charge for the customer.<\/p>\n<div class=\"yj6qo\">\n<\/div>\n<p>In accordance with the French Intellectual Property Code (copyright), reproduction for any use other than private use, sale, distribution, publication, adaptation or communication, whether partial or in full, of data (presentation, site layout, photos, texts and illustrations protected by copyright) are strictly subject to the prior written authorisation of the rights holders, namely the website webmaster: info @ hotel-webdesign.com<\/p>\n<p>Creation of the site:<\/p>\n<p><a href=\"https:\/\/hotel-webdesign.com\/\">Hotel Web-Design<\/a><\/p>\n<p><a href=\"https:\/\/www.france-webdesign.com\/\">Site creation for SMEs &amp; craftsmen<\/a><\/p>\n<p>By accessing this site, you are informed that use of the Internet requires compliance with a set of legislation relating in particular to copyright and the Data Protection Act.<br \/>\nSARL JOLINE and Hotel web design cannot incur any liability due to errors or omissions, the publisher also reserving the right to modify and update the data on the site at any time.<\/p>\n<p><b><strong>Company name of the operating company:<\/strong><\/b>SARL JOLINE<b><br \/>\n<strong>E-mail :<\/strong> <\/b>contact@saintmalo-hotel-elizabeth.com<b><br \/>\n<strong>Phone :<\/strong> <\/b>+33 2 99 56 24 98<b><br \/>\n<\/b><b><strong>Number Siret : <\/strong><\/b>49782338500016<b><br \/>\n<\/b><b>Share capital:\u00a0<\/b>15000\u20ac<\/p>\n<p><b><br \/>\n<strong>COMPUTER AND FREEDOM<br \/>\n<\/strong><\/b>Any user who has submitted directly or indirectly nominative information has a right of access and rectification in accordance with Law No. 7817 of 01\/06\/78 (Informatique et Libert\u00e9s) with the site administrator.<\/p>\n<p>&nbsp;<\/p>\n<p><b>Hyperlinks<br \/>\n<\/b>Sites external to SARL JOLINE having a hypertext link with this site are not under the control of SARL JOLINE, which therefore declines all responsibility for their content. The user is solely responsible for their use.<\/p>\n<p>&nbsp;<\/p>\n<p><strong>Responsible for publication<\/strong>:<br \/>\nSARL JOLINE<\/p>\n<p>&nbsp;<\/p>\n<p><strong>Host<\/strong>:<br \/>\nOVH \u2013 2 rue Kellermann BP 80157<br \/>\n59100 Roubaix<br \/>\nTelephone: 1007<\/p>\n<p><a href=\"https:\/\/hotel-webdesign.com\">Hotel website creation<\/a> | <a href=\"https:\/\/hotel-webdesign.com\">Hotel Web-Design <\/a> | <a href=\"https:\/\/france-webdesign.com\/\">France Web-Design<\/a> | <a href=\"https:\/\/www.wordpress-maintenance.org\/\">WordPress Maintenance<\/a> | <a href=\"https:\/\/www.referencement-annuaire.fr\/\">Business SEO<\/a><\/p>\n\n\t\t<\/div>\n\t<\/div>\n<\/div><\/div><\/div><\/div>\n<\/div>","protected":false},"excerpt":{"rendered":"GTC Clause 1 \u2013 Availability and technical error Availability clause Reservations are made subject to the actual availability of the rooms. In the event of a technical error, malfunction of the reservation system or double allocation beyond the establishment\u2019s control, the hotel reserves the right to cancel the reservation concerned. In this case, the customer will be fully refunded the sums paid, and no additional compensation may be claimed. Clause 2 \u2013 Exceptional modification by the establishment In the event of exceptional circumstances affecting the establishment\u2019s operations (major technical incident, administrative closure, inability to operate), the hotel may propose a modification or cancellation of the reservation. The customer may then choose between a full refund or an alternative solution proposed by the hotel. Clause 3 \u2013 Exceptional rates major events During periods of major events (festivals, nautical competitions, international events), the rates may be subject to final validation by the establishment within 72 hours following the reservation. Failing express confirmation, the reservation may be cancelled without charge to the customer. In accordance with the French Intellectual Property Code (copyright), reproduction for a use other than private, sale, distribution, publication, adaptation or communication, in whole or in part, [...]","protected":false},"author":2,"featured_media":0,"parent":0,"menu_order":0,"comment_status":"closed","ping_status":"closed","template":"","meta":{"footnotes":""},"class_list":["post-523","page","type-page","status-publish","hentry"],"yoast_head":"<!-- This site is optimized with the Yoast SEO plugin v22.9 - https:\/\/yoast.com\/wordpress\/plugins\/seo\/ -->\n<title>Mentions legales - H\u00f4tel Elizabeth Saint-Malo<\/title>\n<meta name=\"description\" content=\"H\u00f4tel \u00e0 Saint-Malo, h\u00e9bergement intra muros proche commerces. Chambres \u00e0 Saint Malo\" \/>\n<meta name=\"robots\" content=\"index, follow, max-snippet:-1, max-image-preview:large, max-video-preview:-1\" \/>\n<link rel=\"canonical\" href=\"https:\/\/saintmalo-hotel-elizabeth.com\/en\/legal-notice\/\" \/>\n<meta property=\"og:locale\" content=\"en_GB\" \/>\n<meta property=\"og:type\" content=\"article\" \/>\n<meta property=\"og:title\" content=\"Mentions legales - H\u00f4tel Elizabeth Saint-Malo\" \/>\n<meta property=\"og:description\" content=\"H\u00f4tel \u00e0 Saint-Malo, h\u00e9bergement intra muros proche commerces. Chambres \u00e0 Saint Malo\" \/>\n<meta property=\"og:url\" content=\"https:\/\/saintmalo-hotel-elizabeth.com\/en\/legal-notice\/\" \/>\n<meta property=\"og:site_name\" content=\"H\u00f4tel Elizabeth Saint-Malo\" \/>\n<meta property=\"article:modified_time\" content=\"2026-02-19T15:52:08+00:00\" \/>\n<meta name=\"twitter:card\" content=\"summary_large_image\" \/>\n<meta name=\"twitter:label1\" content=\"Estimated reading time\" \/>\n\t<meta name=\"twitter:data1\" content=\"3 minutes\" \/>\n<script type=\"application\/ld+json\" class=\"yoast-schema-graph\">{\"@context\":\"https:\/\/schema.org\",\"@graph\":[{\"@type\":\"WebPage\",\"@id\":\"https:\/\/saintmalo-hotel-elizabeth.com\/mentions-legales\/\",\"url\":\"https:\/\/saintmalo-hotel-elizabeth.com\/mentions-legales\/\",\"name\":\"Mentions legales - H\u00f4tel Elizabeth Saint-Malo\",\"isPartOf\":{\"@id\":\"https:\/\/saintmalo-hotel-elizabeth.com\/#website\"},\"datePublished\":\"2014-02-06T12:43:59+00:00\",\"dateModified\":\"2026-02-19T15:52:08+00:00\",\"description\":\"H\u00f4tel \u00e0 Saint-Malo, h\u00e9bergement intra muros proche commerces. Chambres \u00e0 Saint Malo\",\"breadcrumb\":{\"@id\":\"https:\/\/saintmalo-hotel-elizabeth.com\/mentions-legales\/#breadcrumb\"},\"inLanguage\":\"en-GB\",\"potentialAction\":[{\"@type\":\"ReadAction\",\"target\":[\"https:\/\/saintmalo-hotel-elizabeth.com\/mentions-legales\/\"]}]},{\"@type\":\"BreadcrumbList\",\"@id\":\"https:\/\/saintmalo-hotel-elizabeth.com\/mentions-legales\/#breadcrumb\",\"itemListElement\":[{\"@type\":\"ListItem\",\"position\":1,\"name\":\"Accueil\",\"item\":\"https:\/\/saintmalo-hotel-elizabeth.com\/\"},{\"@type\":\"ListItem\",\"position\":2,\"name\":\"Mentions legales\"}]},{\"@type\":\"WebSite\",\"@id\":\"https:\/\/saintmalo-hotel-elizabeth.com\/#website\",\"url\":\"https:\/\/saintmalo-hotel-elizabeth.com\/\",\"name\":\"H\u00f4tel Elizabeth Saint-Malo\",\"description\":\"H\u00f4tel centenaire au coeur de Saint-Malo, en bretagne\",\"potentialAction\":[{\"@type\":\"SearchAction\",\"target\":{\"@type\":\"EntryPoint\",\"urlTemplate\":\"https:\/\/saintmalo-hotel-elizabeth.com\/?s={search_term_string}\"},\"query-input\":\"required name=search_term_string\"}],\"inLanguage\":\"en-GB\"}]}<\/script>\n<!-- \/ Yoast SEO plugin. -->","yoast_head_json":{"title":"Mentions legales - H\u00f4tel Elizabeth Saint-Malo","description":"H\u00f4tel \u00e0 Saint-Malo, h\u00e9bergement intra muros proche commerces. Chambres \u00e0 Saint Malo","robots":{"index":"index","follow":"follow","max-snippet":"max-snippet:-1","max-image-preview":"max-image-preview:large","max-video-preview":"max-video-preview:-1"},"canonical":"https:\/\/saintmalo-hotel-elizabeth.com\/en\/legal-notice\/","og_locale":"en_GB","og_type":"article","og_title":"Mentions legales - H\u00f4tel Elizabeth Saint-Malo","og_description":"H\u00f4tel \u00e0 Saint-Malo, h\u00e9bergement intra muros proche commerces. Chambres \u00e0 Saint Malo","og_url":"https:\/\/saintmalo-hotel-elizabeth.com\/en\/legal-notice\/","og_site_name":"H\u00f4tel Elizabeth Saint-Malo","article_modified_time":"2026-02-19T15:52:08+00:00","twitter_card":"summary_large_image","twitter_misc":{"Estimated reading time":"3 minutes"},"schema":{"@context":"https:\/\/schema.org","@graph":[{"@type":"WebPage","@id":"https:\/\/saintmalo-hotel-elizabeth.com\/mentions-legales\/","url":"https:\/\/saintmalo-hotel-elizabeth.com\/mentions-legales\/","name":"Mentions legales - H\u00f4tel Elizabeth Saint-Malo","isPartOf":{"@id":"https:\/\/saintmalo-hotel-elizabeth.com\/#website"},"datePublished":"2014-02-06T12:43:59+00:00","dateModified":"2026-02-19T15:52:08+00:00","description":"H\u00f4tel \u00e0 Saint-Malo, h\u00e9bergement intra muros proche commerces. Chambres \u00e0 Saint Malo","breadcrumb":{"@id":"https:\/\/saintmalo-hotel-elizabeth.com\/mentions-legales\/#breadcrumb"},"inLanguage":"en-GB","potentialAction":[{"@type":"ReadAction","target":["https:\/\/saintmalo-hotel-elizabeth.com\/mentions-legales\/"]}]},{"@type":"BreadcrumbList","@id":"https:\/\/saintmalo-hotel-elizabeth.com\/mentions-legales\/#breadcrumb","itemListElement":[{"@type":"ListItem","position":1,"name":"Accueil","item":"https:\/\/saintmalo-hotel-elizabeth.com\/"},{"@type":"ListItem","position":2,"name":"Mentions legales"}]},{"@type":"WebSite","@id":"https:\/\/saintmalo-hotel-elizabeth.com\/#website","url":"https:\/\/saintmalo-hotel-elizabeth.com\/","name":"H\u00f4tel Elizabeth Saint-Malo","description":"H\u00f4tel centenaire au coeur de Saint-Malo, en bretagne","potentialAction":[{"@type":"SearchAction","target":{"@type":"EntryPoint","urlTemplate":"https:\/\/saintmalo-hotel-elizabeth.com\/?s={search_term_string}"},"query-input":"required name=search_term_string"}],"inLanguage":"en-GB"}]}},"_links":{"self":[{"href":"https:\/\/saintmalo-hotel-elizabeth.com\/en\/wp-json\/wp\/v2\/pages\/523","targetHints":{"allow":["GET"]}}],"collection":[{"href":"https:\/\/saintmalo-hotel-elizabeth.com\/en\/wp-json\/wp\/v2\/pages"}],"about":[{"href":"https:\/\/saintmalo-hotel-elizabeth.com\/en\/wp-json\/wp\/v2\/types\/page"}],"author":[{"embeddable":true,"href":"https:\/\/saintmalo-hotel-elizabeth.com\/en\/wp-json\/wp\/v2\/users\/2"}],"replies":[{"embeddable":true,"href":"https:\/\/saintmalo-hotel-elizabeth.com\/en\/wp-json\/wp\/v2\/comments?post=523"}],"version-history":[{"count":0,"href":"https:\/\/saintmalo-hotel-elizabeth.com\/en\/wp-json\/wp\/v2\/pages\/523\/revisions"}],"wp:attachment":[{"href":"https:\/\/saintmalo-hotel-elizabeth.com\/en\/wp-json\/wp\/v2\/media?parent=523"}],"curies":[{"name":"wp","href":"https:\/\/api.w.org\/{rel}","templated":true}]}}