{"id":534,"date":"2022-02-19T10:53:55","date_gmt":"2022-02-19T09:53:55","guid":{"rendered":"http:\/\/raybreaker-theme.com\/wpnationimp\/?page_id=534"},"modified":"2024-02-09T15:20:34","modified_gmt":"2024-02-09T14:20:34","slug":"hotel-elizabeth-a-saint-malo","status":"publish","type":"page","link":"https:\/\/saintmalo-hotel-elizabeth.com\/en\/","title":{"rendered":"Hotel Elizabeth in Saint-Malo"},"content":{"rendered":"","protected":false},"excerpt":{"rendered":"","protected":false},"author":2,"featured_media":1255,"parent":0,"menu_order":0,"comment_status":"open","ping_status":"closed","template":"home-page.php","meta":{"footnotes":""},"class_list":["post-534","page","type-page","status-publish","has-post-thumbnail","hentry"],"yoast_head":"<!-- This site is optimized with the Yoast SEO plugin v22.9 - https:\/\/yoast.com\/wordpress\/plugins\/seo\/ -->\n<title>H\u00f4tel Elizabeth - Saint-Malo<\/title>\n<meta name=\"description\" content=\"H\u00f4tel \u00e0 Saint-Malo, h\u00e9bergement intra muros proche commerces et plages. Chambres \u00e0 Saint Malo dans un b\u00e2timent ancien. R\u00e9servez en direct\" \/>\n<meta name=\"robots\" content=\"index, follow, max-snippet:-1, max-image-preview:large, max-video-preview:-1\" \/>\n<link rel=\"canonical\" href=\"https:\/\/saintmalo-hotel-elizabeth.com\/en\/\" \/>\n<meta property=\"og:locale\" content=\"en_GB\" \/>\n<meta property=\"og:type\" content=\"article\" \/>\n<meta property=\"og:title\" content=\"H\u00f4tel Elizabeth - Saint-Malo\" \/>\n<meta property=\"og:description\" content=\"H\u00f4tel \u00e0 Saint-Malo, h\u00e9bergement intra muros proche commerces et plages. Chambres \u00e0 Saint Malo dans un b\u00e2timent ancien. R\u00e9servez en direct\" \/>\n<meta property=\"og:url\" content=\"https:\/\/saintmalo-hotel-elizabeth.com\/en\/\" \/>\n<meta property=\"og:site_name\" content=\"H\u00f4tel Elizabeth Saint-Malo\" \/>\n<meta property=\"article:modified_time\" content=\"2024-02-09T14:20:34+00:00\" \/>\n<meta property=\"og:image\" content=\"https:\/\/saintmalo-hotel-elizabeth.com\/wp-content\/uploads\/2024\/02\/IMG_3817.jpg\" \/>\n\t<meta property=\"og:image:width\" content=\"768\" \/>\n\t<meta property=\"og:image:height\" content=\"1024\" \/>\n\t<meta property=\"og:image:type\" content=\"image\/jpeg\" \/>\n<meta name=\"twitter:card\" content=\"summary_large_image\" \/>\n<script type=\"application\/ld+json\" class=\"yoast-schema-graph\">{\"@context\":\"https:\/\/schema.org\",\"@graph\":[{\"@type\":\"WebPage\",\"@id\":\"https:\/\/saintmalo-hotel-elizabeth.com\/\",\"url\":\"https:\/\/saintmalo-hotel-elizabeth.com\/\",\"name\":\"H\u00f4tel Elizabeth - Saint-Malo\",\"isPartOf\":{\"@id\":\"https:\/\/saintmalo-hotel-elizabeth.com\/#website\"},\"primaryImageOfPage\":{\"@id\":\"https:\/\/saintmalo-hotel-elizabeth.com\/#primaryimage\"},\"image\":{\"@id\":\"https:\/\/saintmalo-hotel-elizabeth.com\/#primaryimage\"},\"thumbnailUrl\":\"https:\/\/saintmalo-hotel-elizabeth.com\/wp-content\/uploads\/2024\/02\/IMG_3817.jpg\",\"datePublished\":\"2022-02-19T09:53:55+00:00\",\"dateModified\":\"2024-02-09T14:20:34+00:00\",\"description\":\"H\u00f4tel \u00e0 Saint-Malo, h\u00e9bergement intra muros proche commerces et plages. Chambres \u00e0 Saint Malo dans un b\u00e2timent ancien. R\u00e9servez en direct\",\"breadcrumb\":{\"@id\":\"https:\/\/saintmalo-hotel-elizabeth.com\/#breadcrumb\"},\"inLanguage\":\"en-GB\",\"potentialAction\":[{\"@type\":\"ReadAction\",\"target\":[\"https:\/\/saintmalo-hotel-elizabeth.com\/\"]}]},{\"@type\":\"ImageObject\",\"inLanguage\":\"en-GB\",\"@id\":\"https:\/\/saintmalo-hotel-elizabeth.com\/#primaryimage\",\"url\":\"https:\/\/saintmalo-hotel-elizabeth.com\/wp-content\/uploads\/2024\/02\/IMG_3817.jpg\",\"contentUrl\":\"https:\/\/saintmalo-hotel-elizabeth.com\/wp-content\/uploads\/2024\/02\/IMG_3817.jpg\",\"width\":768,\"height\":1024},{\"@type\":\"BreadcrumbList\",\"@id\":\"https:\/\/saintmalo-hotel-elizabeth.com\/#breadcrumb\",\"itemListElement\":[{\"@type\":\"ListItem\",\"position\":1,\"name\":\"Accueil\",\"item\":\"https:\/\/saintmalo-hotel-elizabeth.com\/\"},{\"@type\":\"ListItem\",\"position\":2,\"name\":\"H\u00f4tel Elizabeth \u00e0 Saint-Malo\"}]},{\"@type\":\"WebSite\",\"@id\":\"https:\/\/saintmalo-hotel-elizabeth.com\/#website\",\"url\":\"https:\/\/saintmalo-hotel-elizabeth.com\/\",\"name\":\"H\u00f4tel Elizabeth Saint-Malo\",\"description\":\"H\u00f4tel centenaire au coeur de Saint-Malo, en bretagne\",\"potentialAction\":[{\"@type\":\"SearchAction\",\"target\":{\"@type\":\"EntryPoint\",\"urlTemplate\":\"https:\/\/saintmalo-hotel-elizabeth.com\/?s={search_term_string}\"},\"query-input\":\"required name=search_term_string\"}],\"inLanguage\":\"en-GB\"}]}<\/script>\n<!-- \/ Yoast SEO plugin. -->","yoast_head_json":{"title":"H\u00f4tel Elizabeth - Saint-Malo","description":"H\u00f4tel \u00e0 Saint-Malo, h\u00e9bergement intra muros proche commerces et plages. Chambres \u00e0 Saint Malo dans un b\u00e2timent ancien. R\u00e9servez en direct","robots":{"index":"index","follow":"follow","max-snippet":"max-snippet:-1","max-image-preview":"max-image-preview:large","max-video-preview":"max-video-preview:-1"},"canonical":"https:\/\/saintmalo-hotel-elizabeth.com\/en\/","og_locale":"en_GB","og_type":"article","og_title":"H\u00f4tel Elizabeth - Saint-Malo","og_description":"H\u00f4tel \u00e0 Saint-Malo, h\u00e9bergement intra muros proche commerces et plages. Chambres \u00e0 Saint Malo dans un b\u00e2timent ancien. R\u00e9servez en direct","og_url":"https:\/\/saintmalo-hotel-elizabeth.com\/en\/","og_site_name":"H\u00f4tel Elizabeth Saint-Malo","article_modified_time":"2024-02-09T14:20:34+00:00","og_image":[{"width":768,"height":1024,"url":"https:\/\/saintmalo-hotel-elizabeth.com\/wp-content\/uploads\/2024\/02\/IMG_3817.jpg","type":"image\/jpeg"}],"twitter_card":"summary_large_image","schema":{"@context":"https:\/\/schema.org","@graph":[{"@type":"WebPage","@id":"https:\/\/saintmalo-hotel-elizabeth.com\/","url":"https:\/\/saintmalo-hotel-elizabeth.com\/","name":"H\u00f4tel Elizabeth - Saint-Malo","isPartOf":{"@id":"https:\/\/saintmalo-hotel-elizabeth.com\/#website"},"primaryImageOfPage":{"@id":"https:\/\/saintmalo-hotel-elizabeth.com\/#primaryimage"},"image":{"@id":"https:\/\/saintmalo-hotel-elizabeth.com\/#primaryimage"},"thumbnailUrl":"https:\/\/saintmalo-hotel-elizabeth.com\/wp-content\/uploads\/2024\/02\/IMG_3817.jpg","datePublished":"2022-02-19T09:53:55+00:00","dateModified":"2024-02-09T14:20:34+00:00","description":"H\u00f4tel \u00e0 Saint-Malo, h\u00e9bergement intra muros proche commerces et plages. Chambres \u00e0 Saint Malo dans un b\u00e2timent ancien. R\u00e9servez en direct","breadcrumb":{"@id":"https:\/\/saintmalo-hotel-elizabeth.com\/#breadcrumb"},"inLanguage":"en-GB","potentialAction":[{"@type":"ReadAction","target":["https:\/\/saintmalo-hotel-elizabeth.com\/"]}]},{"@type":"ImageObject","inLanguage":"en-GB","@id":"https:\/\/saintmalo-hotel-elizabeth.com\/#primaryimage","url":"https:\/\/saintmalo-hotel-elizabeth.com\/wp-content\/uploads\/2024\/02\/IMG_3817.jpg","contentUrl":"https:\/\/saintmalo-hotel-elizabeth.com\/wp-content\/uploads\/2024\/02\/IMG_3817.jpg","width":768,"height":1024},{"@type":"BreadcrumbList","@id":"https:\/\/saintmalo-hotel-elizabeth.com\/#breadcrumb","itemListElement":[{"@type":"ListItem","position":1,"name":"Accueil","item":"https:\/\/saintmalo-hotel-elizabeth.com\/"},{"@type":"ListItem","position":2,"name":"H\u00f4tel Elizabeth \u00e0 Saint-Malo"}]},{"@type":"WebSite","@id":"https:\/\/saintmalo-hotel-elizabeth.com\/#website","url":"https:\/\/saintmalo-hotel-elizabeth.com\/","name":"H\u00f4tel Elizabeth Saint-Malo","description":"H\u00f4tel centenaire au coeur de Saint-Malo, en bretagne","potentialAction":[{"@type":"SearchAction","target":{"@type":"EntryPoint","urlTemplate":"https:\/\/saintmalo-hotel-elizabeth.com\/?s={search_term_string}"},"query-input":"required name=search_term_string"}],"inLanguage":"en-GB"}]}},"_links":{"self":[{"href":"https:\/\/saintmalo-hotel-elizabeth.com\/en\/wp-json\/wp\/v2\/pages\/534","targetHints":{"allow":["GET"]}}],"collection":[{"href":"https:\/\/saintmalo-hotel-elizabeth.com\/en\/wp-json\/wp\/v2\/pages"}],"about":[{"href":"https:\/\/saintmalo-hotel-elizabeth.com\/en\/wp-json\/wp\/v2\/types\/page"}],"author":[{"embeddable":true,"href":"https:\/\/saintmalo-hotel-elizabeth.com\/en\/wp-json\/wp\/v2\/users\/2"}],"replies":[{"embeddable":true,"href":"https:\/\/saintmalo-hotel-elizabeth.com\/en\/wp-json\/wp\/v2\/comments?post=534"}],"version-history":[{"count":0,"href":"https:\/\/saintmalo-hotel-elizabeth.com\/en\/wp-json\/wp\/v2\/pages\/534\/revisions"}],"wp:featuredmedia":[{"embeddable":true,"href":"https:\/\/saintmalo-hotel-elizabeth.com\/en\/wp-json\/wp\/v2\/media\/1255"}],"wp:attachment":[{"href":"https:\/\/saintmalo-hotel-elizabeth.com\/en\/wp-json\/wp\/v2\/media?parent=534"}],"curies":[{"name":"wp","href":"https:\/\/api.w.org\/{rel}","templated":true}]}}