{"id":1005,"date":"2017-06-14T15:59:26","date_gmt":"2017-06-14T13:59:26","guid":{"rendered":"http:\/\/saintmalo-hotel-elizabeth.com\/?page_id=1005&#038;lang=en"},"modified":"2017-06-14T15:59:26","modified_gmt":"2017-06-14T13:59:26","slug":"contact-us","status":"publish","type":"page","link":"https:\/\/saintmalo-hotel-elizabeth.com\/es\/contactenos\/","title":{"rendered":"Contactar"},"content":{"rendered":"<div class=\"wpb-content-wrapper\"><div class=\"vc_row wpb_row vc_row-fluid\"><div class=\"wpb_column vc_column_container vc_col-sm-12\"><div class=\"vc_column-inner\"><div class=\"wpb_wrapper\">\n\t<div class=\"wpb_text_column wpb_content_element\" >\n\t\t<div class=\"wpb_wrapper\">\n\t\t\t<h3>Cont\u00e1ctenos<\/h3>\n<div id=\"contact-form-intro\">Cont\u00e1ctenos a trav\u00e9s de este formulario y nos comunicaremos con usted lo antes posible.<\/div>\n<div><\/div>\n<div id=\"contact-form-wrap\">\n<div class=\"wpcf7 no-js\" id=\"wpcf7-f468-o1\" lang=\"en-US\" dir=\"ltr\" data-wpcf7-id=\"468\">\n<div class=\"screen-reader-response\"><p role=\"status\" aria-live=\"polite\" aria-atomic=\"true\"><\/p> <ul><\/ul><\/div>\n<form action=\"\/es\/wp-json\/wp\/v2\/pages\/1005#wpcf7-f468-o1\" method=\"post\" class=\"wpcf7-form init\" aria-label=\"Formulario de contacto\" novalidate=\"novalidate\" data-status=\"init\" data-trp-original-action=\"\/es\/wp-json\/wp\/v2\/pages\/1005#wpcf7-f468-o1\">\n<fieldset class=\"hidden-fields-container\"><input type=\"hidden\" name=\"_wpcf7\" value=\"468\" \/><input type=\"hidden\" name=\"_wpcf7_version\" value=\"6.1.4\" \/><input type=\"hidden\" name=\"_wpcf7_locale\" value=\"en_US\" \/><input type=\"hidden\" name=\"_wpcf7_unit_tag\" value=\"wpcf7-f468-o1\" \/><input type=\"hidden\" name=\"_wpcf7_container_post\" value=\"0\" \/><input type=\"hidden\" name=\"_wpcf7_posted_data_hash\" value=\"\" \/><input type=\"hidden\" name=\"_wpcf7_recaptcha_response\" value=\"\" \/>\n<\/fieldset>\n<p><span class=\"wpcf7-form-control-wrap\" data-name=\"your-name\"><input size=\"40\" maxlength=\"400\" class=\"wpcf7-form-control wpcf7-text wpcf7-validates-as-required\" id=\"name-comments-field\" aria-required=\"true\" aria-invalid=\"false\" placeholder=\"apellido\" value=\"\" type=\"text\" name=\"your-name\" \/><\/span>\n<\/p>\n<p><span class=\"wpcf7-form-control-wrap\" data-name=\"your-email\"><input size=\"40\" maxlength=\"400\" class=\"wpcf7-form-control wpcf7-email wpcf7-validates-as-required wpcf7-text wpcf7-validates-as-email\" id=\"email-comments-field\" aria-required=\"true\" aria-invalid=\"false\" placeholder=\"Correo electr\u00f3nico\" value=\"\" type=\"email\" name=\"your-email\" \/><\/span>\n<\/p>\n<p><span class=\"wpcf7-form-control-wrap\" data-name=\"phone\"><input size=\"40\" maxlength=\"400\" class=\"wpcf7-form-control wpcf7-text\" id=\"phone-comments-field\" aria-invalid=\"false\" placeholder=\"semejante\" value=\"\" type=\"text\" name=\"phone\" \/><\/span>\n<\/p>\n<p><span class=\"wpcf7-form-control-wrap\" data-name=\"your-message\"><textarea cols=\"40\" rows=\"10\" maxlength=\"2000\" class=\"wpcf7-form-control wpcf7-textarea\" id=\"text-comments-field\" aria-invalid=\"false\" placeholder=\"vuestro mensaje\" name=\"your-message\"><\/textarea><\/span>\n<\/p>\n<p><button type=\"submit\" id=\"submit-button\">DE ACUERDO <span class=\"icon-envelope\"><\/span><\/button>\n<\/p><div class=\"wpcf7-response-output\" aria-hidden=\"true\"><\/div>\n<input type=\"hidden\" name=\"trp-form-language\" value=\"es\"\/><\/form>\n<\/div>\n<\/div>\n\n\t\t<\/div>\n\t<\/div>\n<\/div><\/div><\/div><\/div>\n<\/div>","protected":false},"excerpt":{"rendered":"Cont\u00e1ctenos Cont\u00e1ctenos a trav\u00e9s de este formulario y nos pondremos en contacto con usted lo antes posible. OK","protected":false},"author":2,"featured_media":0,"parent":0,"menu_order":0,"comment_status":"open","ping_status":"open","template":"contact.php","meta":{"footnotes":""},"class_list":["post-1005","page","type-page","status-publish","hentry"],"yoast_head":"<!-- This site is optimized with the Yoast SEO plugin v22.9 - https:\/\/yoast.com\/wordpress\/plugins\/seo\/ -->\n<title>Contact - H\u00f4tel Elizabeth Saint-Malo<\/title>\n<meta name=\"description\" content=\"H\u00f4tel \u00e0 Saint-Malo, h\u00e9bergement intra muros proche commerces. Chambres \u00e0 Saint Malo\" \/>\n<meta name=\"robots\" content=\"index, follow, max-snippet:-1, max-image-preview:large, max-video-preview:-1\" \/>\n<link rel=\"canonical\" href=\"https:\/\/saintmalo-hotel-elizabeth.com\/es\/contactenos\/\" \/>\n<meta property=\"og:locale\" content=\"es_ES\" \/>\n<meta property=\"og:type\" content=\"article\" \/>\n<meta property=\"og:title\" content=\"Contact - H\u00f4tel Elizabeth Saint-Malo\" \/>\n<meta property=\"og:description\" content=\"H\u00f4tel \u00e0 Saint-Malo, h\u00e9bergement intra muros proche commerces. Chambres \u00e0 Saint Malo\" \/>\n<meta property=\"og:url\" content=\"https:\/\/saintmalo-hotel-elizabeth.com\/es\/contactenos\/\" \/>\n<meta property=\"og:site_name\" content=\"H\u00f4tel Elizabeth Saint-Malo\" \/>\n<meta name=\"twitter:card\" content=\"summary_large_image\" \/>\n<script type=\"application\/ld+json\" class=\"yoast-schema-graph\">{\"@context\":\"https:\/\/schema.org\",\"@graph\":[{\"@type\":\"WebPage\",\"@id\":\"https:\/\/saintmalo-hotel-elizabeth.com\/contact-us\/\",\"url\":\"https:\/\/saintmalo-hotel-elizabeth.com\/contact-us\/\",\"name\":\"Contact - H\u00f4tel Elizabeth Saint-Malo\",\"isPartOf\":{\"@id\":\"https:\/\/saintmalo-hotel-elizabeth.com\/#website\"},\"datePublished\":\"2017-06-14T13:59:26+00:00\",\"dateModified\":\"2017-06-14T13:59:26+00:00\",\"description\":\"H\u00f4tel \u00e0 Saint-Malo, h\u00e9bergement intra muros proche commerces. Chambres \u00e0 Saint Malo\",\"breadcrumb\":{\"@id\":\"https:\/\/saintmalo-hotel-elizabeth.com\/contact-us\/#breadcrumb\"},\"inLanguage\":\"es\",\"potentialAction\":[{\"@type\":\"ReadAction\",\"target\":[\"https:\/\/saintmalo-hotel-elizabeth.com\/contact-us\/\"]}]},{\"@type\":\"BreadcrumbList\",\"@id\":\"https:\/\/saintmalo-hotel-elizabeth.com\/contact-us\/#breadcrumb\",\"itemListElement\":[{\"@type\":\"ListItem\",\"position\":1,\"name\":\"Accueil\",\"item\":\"https:\/\/saintmalo-hotel-elizabeth.com\/\"},{\"@type\":\"ListItem\",\"position\":2,\"name\":\"Contact\"}]},{\"@type\":\"WebSite\",\"@id\":\"https:\/\/saintmalo-hotel-elizabeth.com\/#website\",\"url\":\"https:\/\/saintmalo-hotel-elizabeth.com\/\",\"name\":\"H\u00f4tel Elizabeth Saint-Malo\",\"description\":\"H\u00f4tel centenaire au coeur de Saint-Malo, en bretagne\",\"potentialAction\":[{\"@type\":\"SearchAction\",\"target\":{\"@type\":\"EntryPoint\",\"urlTemplate\":\"https:\/\/saintmalo-hotel-elizabeth.com\/?s={search_term_string}\"},\"query-input\":\"required name=search_term_string\"}],\"inLanguage\":\"es\"}]}<\/script>\n<!-- \/ Yoast SEO plugin. -->","yoast_head_json":{"title":"Contact - H\u00f4tel Elizabeth Saint-Malo","description":"H\u00f4tel \u00e0 Saint-Malo, h\u00e9bergement intra muros proche commerces. Chambres \u00e0 Saint Malo","robots":{"index":"index","follow":"follow","max-snippet":"max-snippet:-1","max-image-preview":"max-image-preview:large","max-video-preview":"max-video-preview:-1"},"canonical":"https:\/\/saintmalo-hotel-elizabeth.com\/es\/contactenos\/","og_locale":"es_ES","og_type":"article","og_title":"Contact - H\u00f4tel Elizabeth Saint-Malo","og_description":"H\u00f4tel \u00e0 Saint-Malo, h\u00e9bergement intra muros proche commerces. Chambres \u00e0 Saint Malo","og_url":"https:\/\/saintmalo-hotel-elizabeth.com\/es\/contactenos\/","og_site_name":"H\u00f4tel Elizabeth Saint-Malo","twitter_card":"summary_large_image","schema":{"@context":"https:\/\/schema.org","@graph":[{"@type":"WebPage","@id":"https:\/\/saintmalo-hotel-elizabeth.com\/contact-us\/","url":"https:\/\/saintmalo-hotel-elizabeth.com\/contact-us\/","name":"Contact - H\u00f4tel Elizabeth Saint-Malo","isPartOf":{"@id":"https:\/\/saintmalo-hotel-elizabeth.com\/#website"},"datePublished":"2017-06-14T13:59:26+00:00","dateModified":"2017-06-14T13:59:26+00:00","description":"H\u00f4tel \u00e0 Saint-Malo, h\u00e9bergement intra muros proche commerces. Chambres \u00e0 Saint Malo","breadcrumb":{"@id":"https:\/\/saintmalo-hotel-elizabeth.com\/contact-us\/#breadcrumb"},"inLanguage":"es","potentialAction":[{"@type":"ReadAction","target":["https:\/\/saintmalo-hotel-elizabeth.com\/contact-us\/"]}]},{"@type":"BreadcrumbList","@id":"https:\/\/saintmalo-hotel-elizabeth.com\/contact-us\/#breadcrumb","itemListElement":[{"@type":"ListItem","position":1,"name":"Accueil","item":"https:\/\/saintmalo-hotel-elizabeth.com\/"},{"@type":"ListItem","position":2,"name":"Contact"}]},{"@type":"WebSite","@id":"https:\/\/saintmalo-hotel-elizabeth.com\/#website","url":"https:\/\/saintmalo-hotel-elizabeth.com\/","name":"H\u00f4tel Elizabeth Saint-Malo","description":"H\u00f4tel centenaire au coeur de Saint-Malo, en bretagne","potentialAction":[{"@type":"SearchAction","target":{"@type":"EntryPoint","urlTemplate":"https:\/\/saintmalo-hotel-elizabeth.com\/?s={search_term_string}"},"query-input":"required name=search_term_string"}],"inLanguage":"es"}]}},"_links":{"self":[{"href":"https:\/\/saintmalo-hotel-elizabeth.com\/es\/wp-json\/wp\/v2\/pages\/1005","targetHints":{"allow":["GET"]}}],"collection":[{"href":"https:\/\/saintmalo-hotel-elizabeth.com\/es\/wp-json\/wp\/v2\/pages"}],"about":[{"href":"https:\/\/saintmalo-hotel-elizabeth.com\/es\/wp-json\/wp\/v2\/types\/page"}],"author":[{"embeddable":true,"href":"https:\/\/saintmalo-hotel-elizabeth.com\/es\/wp-json\/wp\/v2\/users\/2"}],"replies":[{"embeddable":true,"href":"https:\/\/saintmalo-hotel-elizabeth.com\/es\/wp-json\/wp\/v2\/comments?post=1005"}],"version-history":[{"count":0,"href":"https:\/\/saintmalo-hotel-elizabeth.com\/es\/wp-json\/wp\/v2\/pages\/1005\/revisions"}],"wp:attachment":[{"href":"https:\/\/saintmalo-hotel-elizabeth.com\/es\/wp-json\/wp\/v2\/media?parent=1005"}],"curies":[{"name":"wp","href":"https:\/\/api.w.org\/{rel}","templated":true}]}}