{"id":1048,"date":"2018-07-26T03:59:56","date_gmt":"2018-07-26T01:59:56","guid":{"rendered":"https:\/\/saintmalo-hotel-elizabeth.com\/?page_id=1048"},"modified":"2018-07-26T04:06:31","modified_gmt":"2018-07-26T02:06:31","slug":"politique-de-confidentialite","status":"publish","type":"page","link":"https:\/\/saintmalo-hotel-elizabeth.com\/es\/politica-de-confidencialidad\/","title":{"rendered":"pol\u00edtica de confidencialidad"},"content":{"rendered":"<ol>\n<li><b>DATOS PERSONALES<\/b><\/li>\n<\/ol>\n<p>En t\u00e9rminos generales, usted puede visitar el Sitio H\u00f4tel Saint Malo Elizabeth sin proporcionar ninguna informaci\u00f3n personal sobre usted. En cualquier caso, usted no est\u00e1 obligado en ning\u00fan caso a transmitir esta informaci\u00f3n al H\u00f4tel Saint Malo Elizabeth.<\/p>\n<p>Sin embargo, en caso de negativa, es posible que no pueda beneficiarse de determinada informaci\u00f3n o servicios que haya solicitado. Por lo tanto, H\u00f4tel Saint Malo Elizabeth puede, en determinados casos, solicitarle que proporcione su nombre, nombre, direcci\u00f3n de correo electr\u00f3nico, n\u00famero de tel\u00e9fono, empresa y cargo (en adelante, su \u201cInformaci\u00f3n personal\u201d). Al facilitar esta informaci\u00f3n, usted acepta expresamente que ser\u00e1 tratada por H\u00f4tel Saint Malo Elizabeth, para las finalidades indicadas en el punto 2 siguiente, as\u00ed como para las finalidades indicadas al final de cada formulario.<\/p>\n<p>De conformidad con el Reglamento general de protecci\u00f3n de datos adoptado por el Parlamento Europeo el 14 de abril de 2016 y la Ley de protecci\u00f3n de datos del 6 de enero de 1978 modificada, el H\u00f4tel Saint Malo Elizabeth le informa de los siguientes puntos:<\/p>\n<ul>\n<li><b>1. Identidad del responsable del tratamiento<\/b><\/li>\n<\/ul>\n<p>El responsable del tratamiento de los datos es la empresa H\u00f4tel Web-Design.<\/p>\n<p>&nbsp;<\/p>\n<ul>\n<li><b>2.<\/b>\u00a0<b>Finalidades del tratamiento<\/b><\/li>\n<\/ul>\n<p>H\u00f4tel Saint Malo Elizabeth puede procesar su informaci\u00f3n personal:<\/p>\n<p>(a) con el fin de proporcionarle la informaci\u00f3n o los servicios que haya solicitado (en particular: enviar el Newsletter); y O<\/p>\n<p>(b) con el fin de recopilar informaci\u00f3n que nos permita mejorar nuestro Sitio, nuestros productos y servicios (en particular a trav\u00e9s de cookies); y O<\/p>\n<p>(c) con el fin de poder ponernos en contacto con usted sobre diversos eventos relacionados con el H\u00f4tel Saint Malo Elizabeth, incluida, en particular, la actualizaci\u00f3n de sus ofertas comerciales.<\/p>\n<ul>\n<li><b>3.<\/b>\u00a0<b>Destinatarios<\/b><\/li>\n<\/ul>\n<p>S\u00f3lo el H\u00f4tel Saint Malo Elizabeth es el destinatario de su informaci\u00f3n personal. Estos, ya sean individuales o agregados, nunca se transmiten a terceros, independientemente de los subcontratistas utilizados por el H\u00f4tel Saint Malo Elizabeth (encontrar\u00e1 m\u00e1s informaci\u00f3n sobre ellos en el punto 7 a continuaci\u00f3n). Ni el H\u00f4tel Saint Malo Elizabeth, ni ninguno de sus subcontratistas, vende los datos personales de los visitantes y Usuarios de su Sitio.<\/p>\n<ul>\n<li><b>4.<\/b>\u00a0<b>Duraci\u00f3n de la conversaci\u00f3n<\/b><\/li>\n<\/ul>\n<p>El H\u00f4tel Saint Malo Elizabeth conserva sus datos personales \u00fanicamente durante el tiempo correspondiente al prop\u00f3sito de recopilaci\u00f3n indicado en el punto 2 anterior, que en ning\u00fan caso puede exceder los 24 meses.<\/p>\n<ul>\n<li><b>5. Derechos y libertades inform\u00e1ticas<\/b><\/li>\n<\/ul>\n<p>Tiene los siguientes derechos con respecto a su Informaci\u00f3n personal, que puede ejercer escribi\u00e9ndonos a trav\u00e9s del formulario<\/p>\n<ul>\n<li><b>Derecho de acceso y comunicaci\u00f3n de datos<\/b><\/li>\n<\/ul>\n<p>Tiene derecho a acceder a la Informaci\u00f3n personal que le concierne.<\/p>\n<p>Sin embargo, debido a la obligaci\u00f3n de seguridad y confidencialidad en el tratamiento de los datos personales que incumbe al H\u00f4tel Saint Malo Elizabeth, se le informa de que su solicitud ser\u00e1 procesada siempre que acredite su identidad, en particular mediante la realizaci\u00f3n de un escaneo de su su documento de identidad vigente o una fotocopia firmada de su documento de identidad vigente.<\/p>\n<p>El H\u00f4tel Saint Malo Elizabeth le informa que tendr\u00e1 derecho, en su caso, a oponerse a solicitudes manifiestamente abusivas (por su n\u00famero, su car\u00e1cter repetitivo o sistem\u00e1tico).<\/p>\n<p>Usted encontrar\u00e1\u00a0<a href=\"https:\/\/www.cnil.fr\/fr\/modele\/courrier\/exercer-son-droit-dacces\">haciendo clic en el siguiente enlace<\/a>\u00a0un modelo de carta desarrollado por la Comisi\u00f3n Nacional de Tecnolog\u00edas de la Informaci\u00f3n y Libertades (la \u201cCNIL\u201d).<\/p>\n<p><a href=\"https:\/\/www.cnil.fr\/fr\/modele\/courrier\/exercer-son-droit-dacces\">https:\/\/www.cnil.fr\/fr\/modele\/courrier\/exercer-son-droit-dacces<\/a><\/p>\n<p>&nbsp;<\/p>\n<ul>\n<li><b>Derecho a rectificaci\u00f3n de datos<\/b><\/li>\n<\/ul>\n<p>En virtud de este derecho, la legislaci\u00f3n le autoriza a solicitar la rectificaci\u00f3n, actualizaci\u00f3n, bloqueo o incluso supresi\u00f3n de los datos que le conciernen que puedan resultar inexactos, err\u00f3neos, incompletos u obsoletos.<\/p>\n<p><a href=\"https:\/\/www.cnil.fr\/fr\/modele\/courrier\/rectifier-des-donnees-inexactes-obsoletes-ou-perimees\">https:\/\/www.cnil.fr\/fr\/modele\/courrier\/rectifier-des-donnees-inexactes-obsoletes-ou-perimees<\/a><\/p>\n<p>&nbsp;<\/p>\n<p><b>Derecho a oponerse<\/b><\/p>\n<p>El ejercicio de este derecho s\u00f3lo es posible en una de las dos situaciones siguientes:<\/p>\n<ol>\n<li>Cuando el ejercicio de este derecho se base en motivos leg\u00edtimos; O<\/li>\n<li>Cuando el ejercicio de este derecho tenga por objeto impedir que los datos recabados sean utilizados con fines de prospecci\u00f3n comercial.<\/li>\n<\/ol>\n<p>Para ayudarle en su proceso, especialmente si desea ejercer su derecho de oposici\u00f3n mediante solicitud escrita dirigida a la direcci\u00f3n postal indicada en el punto 1, encontrar\u00e1\u00a0<a href=\"https:\/\/www.cnil.fr\/fr\/modele\/courrier\/rectifier-des-donnees-inexactes-obsoletes-ou-perimees\">haciendo clic en el siguiente enlace<\/a>\u00a0un modelo de carta desarrollado por la CNIL.<\/p>\n<p><a href=\"https:\/\/www.cnil.fr\/fr\/modele\/courrier\/supprimer-des-informations-vous-concernant-dun-site-internet\">https:\/\/www.cnil.fr\/fr\/modele\/courrier\/supprimer-des-informations-vous-concernant-dun-site-internet<\/a><\/p>\n<ul>\n<li><b>6. Tiempos de respuesta<\/b><\/li>\n<\/ul>\n<p>H\u00f4tel Saint Malo Elizabeth se compromete a responder a su solicitud de acceso, rectificaci\u00f3n u oposici\u00f3n o cualquier otra solicitud adicional de informaci\u00f3n en un plazo razonable que no podr\u00e1 exceder de 1 mes desde la recepci\u00f3n de su solicitud.<\/p>\n<ul>\n<li><b>7. Prestadores de servicios autorizados y traslado a un tercer pa\u00eds de la Uni\u00f3n Europea<\/b><\/li>\n<\/ul>\n<p>H\u00f4tel Saint Malo Elizabeth le informa que utiliza sus proveedores de servicios autorizados para facilitar la recogida y el tratamiento de los datos que nos ha comunicado. Estos proveedores de servicios pueden estar ubicados fuera de la Uni\u00f3n Europea y comunicar los datos recopilados a trav\u00e9s de los distintos formularios presentes en el Sitio (con excepci\u00f3n del formulario que le permite ejercer sus derechos de Protecci\u00f3n de Datos que ofrece y utiliza el Hotel Saint Malo Elizabeth) .<\/p>\n<p>El H\u00f4tel Saint Malo Elizabeth se ha asegurado previamente de que sus proveedores de servicios hayan implementado garant\u00edas adecuadas y de que se respeten condiciones estrictas en materia de confidencialidad, uso y protecci\u00f3n de datos. En particular, la vigilancia se centr\u00f3 en la existencia de una base jur\u00eddica para realizar cualquier transferencia de datos a un tercer pa\u00eds. Como tal, uno de nuestros proveedores de servicios est\u00e1 sujeto a reglas internas de la empresa (o &quot;\u00a0<i>Normas corporativas vinculantes<\/i>\u00a0&quot;) que fueron aprobados por la CNIL en 2016, mientras que los dem\u00e1s obedecen no s\u00f3lo a las Cl\u00e1usulas Contractuales Tipo sino tambi\u00e9n al Escudo de Privacidad.<\/p>\n<ul>\n<li><b>8. Denuncia ante la autoridad competente<\/b><\/li>\n<\/ul>\n<p>Si considera que H\u00f4tel Saint Malo Elizabeth no est\u00e1 cumpliendo con sus obligaciones con respecto a su Informaci\u00f3n Personal, puede enviar una queja o solicitud a la autoridad competente. En Francia, la autoridad competente es la CNIL a la que puede enviar una solicitud electr\u00f3nicamente haciendo clic en el siguiente enlace:\u00a0<a href=\"https:\/\/www.cnil.fr\/fr\/plaintes\/internet\">https:\/\/www.cnil.fr\/fr\/plaintes\/internet<\/a>.<\/p>\n<ol>\n<li><b>POL\u00cdTICA DE COOKIES<\/b><\/li>\n<\/ol>\n<p>Cuando se conecta por primera vez al sitio web del H\u00f4tel Saint Malo Elizabeth, un banner en la parte inferior de la pantalla le advierte que la informaci\u00f3n relativa a su navegaci\u00f3n puede almacenarse en archivos denominados \u201ccookies\u201d. Nuestra pol\u00edtica de uso de cookies le permite comprender mejor las disposiciones que implementamos al navegar por nuestro sitio web. Le informa en particular sobre todas las cookies presentes en nuestro sitio web, su finalidad (parte I.) y le indica el procedimiento a seguir para configurarlas (parte II.).<\/p>\n<ul>\n<li><b>1. Informaci\u00f3n general sobre las cookies presentes en el sitio web del H\u00f4tel Saint Malo Elizabeth<\/b><\/li>\n<\/ul>\n<p>H\u00f4tel Saint Malo Elizabeth, como editor de este sitio web, podr\u00e1 instalar una cookie en el disco duro de su terminal (ordenador, tableta, m\u00f3vil, etc.) con el fin de garantizar una navegaci\u00f3n fluida y \u00f3ptima en nuestro sitio web.<\/p>\n<p>Las \u201ccookies\u201d son peque\u00f1os archivos de texto de tama\u00f1o limitado que nos permiten reconocer su ordenador, tableta o m\u00f3vil con el fin de personalizar los servicios que le ofrecemos.<\/p>\n<p>La informaci\u00f3n recopilada a trav\u00e9s de las cookies no le identifica de ninguna manera por su nombre. Se utilizan exclusivamente para nuestros propios fines con el fin de mejorar la interactividad y el rendimiento de nuestro sitio web y para enviarle contenido adaptado a sus intereses. Ninguna informaci\u00f3n se comunica a terceros excepto cuando H\u00f4tel Saint Malo Elizabeth haya obtenido su consentimiento previo o cuando la divulgaci\u00f3n de esta informaci\u00f3n sea requerida por ley, por orden de un tribunal o de cualquier autoridad administrativa o judicial autorizada para tomar conocimiento de ella.<\/p>\n<p>Pour mieux vous \u00e9clairer sur les informations que les cookies identifient, vous trouverez ci-dessous un tableau listant les diff\u00e9rents types de cookies susceptibles d&#039;\u00eatre utilis\u00e9s sur le site web de H\u00f4tel Saint Malo Elizabeth, leur nom, leur finalit\u00e9 ainsi que leur dur\u00e9e de Conservaci\u00f3n.<\/p>\n<ul>\n<li><b>2. Configurar tus preferencias de cookies<\/b><\/li>\n<\/ul>\n<p>Puedes aceptar o rechazar el dep\u00f3sito de cookies en cualquier momento.<\/p>\n<p>Cuando se conecta por primera vez al sitio web del H\u00f4tel Saint Malo Elizabeth, aparece en la parte inferior de su pantalla un banner que presenta brevemente informaci\u00f3n relativa al dep\u00f3sito de cookies y tecnolog\u00edas similares. Este banner le advierte que al continuar navegando por el sitio web del H\u00f4tel Saint Malo Elizabeth (cargando una nueva p\u00e1gina o haciendo clic en varios elementos del sitio, por ejemplo), acepta el almacenamiento de cookies en su terminal. Tambi\u00e9n se considerar\u00e1 que ha dado su consentimiento para el dep\u00f3sito de cookies haciendo clic en el icono &quot;X&quot; a la derecha del banner en la parte inferior de su pantalla.<\/p>\n<p>Dependiendo del tipo de cookie en cuesti\u00f3n, puede ser imperativo obtener su consentimiento para depositar y leer cookies en su terminal.<\/p>\n<ol>\n<li>Cookies exentas de consentimiento<\/li>\n<\/ol>\n<p>De acuerdo con las recomendaciones de la Comisi\u00f3n Nacional de Tecnolog\u00edas de la Informaci\u00f3n y de las Libertades (CNIL), determinadas cookies est\u00e1n exentas de la obtenci\u00f3n previa de su consentimiento en la medida en que sean estrictamente necesarias para el funcionamiento del sitio web o tengan la finalidad exclusiva de permitir o facilitar la comunicaci\u00f3n por medios electr\u00f3nicos. Estas incluyen identificador de sesi\u00f3n, autenticaci\u00f3n, cookies de sesi\u00f3n de equilibrio de carga, as\u00ed como cookies para personalizar su interfaz. Estas cookies est\u00e1n totalmente sujetas a esta pol\u00edtica en la medida en que sean emitidas y gestionadas por el H\u00f4tel Saint Malo Elizabeth.<\/p>\n<ol>\n<li>Cookies que requieren la obtenci\u00f3n previa de su consentimiento<\/li>\n<\/ol>\n<p>Este requisito se refiere a las cookies emitidas por terceros y que se califican como \u201cpersistentes\u201d en la medida en que permanecen en su terminal hasta que sean eliminadas o caduquen.<\/p>\n<p>Al ser dichas cookies emitidas por terceros, su uso y dep\u00f3sito est\u00e1n sujetos a sus propias pol\u00edticas de confidencialidad, cuyo enlace encontrar\u00e1 a continuaci\u00f3n. Esta familia de cookies incluye cookies de medici\u00f3n de audiencia (en particular, Google Analytics), cookies publicitarias (que el H\u00f4tel Saint Malo Elizabeth no utiliza), as\u00ed como cookies para compartir en redes sociales (en particular, de Facebook, YouTube, Twitter y LinkedIn).<\/p>\n<p>Las cookies de medici\u00f3n de audiencia establecen estad\u00edsticas sobre la frecuentaci\u00f3n y el uso de diversos elementos del sitio web (como los contenidos\/p\u00e1ginas que ha visitado). Estos datos contribuyen a mejorar la ergonom\u00eda del sitio web del H\u00f4tel Saint Malo Elizabeth. En este sitio web se utiliza una herramienta de medici\u00f3n de audiencia:<\/p>\n<p>Google Analytics, cuya pol\u00edtica de cookies puede consultar pinchando en el siguiente enlace:\u00a0<a href=\"https:\/\/policies.google.com\/technologies\/cookies?hl=fr%C2%A0%C2%A0\" target=\"_blank\" rel=\"noopener\">https:\/\/policies.google.com\/technologies\/cookies?hl=fr\u00a0\u00a0<\/a><\/p>\n<p>Las cookies para compartir en redes sociales son emitidas y gestionadas por el editor de la red social en cuesti\u00f3n. Con su consentimiento, estas cookies le permiten compartir f\u00e1cilmente parte del contenido publicado en el sitio web del H\u00f4tel Saint Malo Elizabeth, en particular a trav\u00e9s de un \u201cbot\u00f3n\u201d de aplicaci\u00f3n para compartir seg\u00fan la red social de que se trate. En el sitio web del H\u00f4tel Saint Malo Elizabeth est\u00e1n presentes cuatro tipos de cookies para compartir redes sociales:<\/p>\n<p><b>Facebook<\/b>, cuya pol\u00edtica de cookies puede consultar pinchando en el siguiente enlace:\u00a0<a href=\"https:\/\/fr-fr.facebook.com\/policies\/cookies\/\">https:\/\/fr-fr.facebook.com\/policies\/cookies\/<\/a><\/p>\n<p><b>LinkedIn<\/b>, cuya pol\u00edtica de cookies encontrar\u00e1 pinchando en el siguiente enlace:\u00a0<a href=\"https:\/\/www.linkedin.com\/legal\/cookie-policy?_l=fr_FR\">https:\/\/www.linkedin.com\/legal\/cookie-policy?_l=fr_FR<\/a><\/p>\n<p><b>Gorjeo<\/b>, de las cuales encontrar\u00e1 las opciones dedicadas a controlar o restringir el uso de cookies as\u00ed como la pol\u00edtica de uso de cookies:\u00a0<a href=\"https:\/\/support.twitter.com\/articles\/20170518\">https:\/\/support.twitter.com\/articles\/20170518#<\/a><\/p>\n<p><b>YouTube<\/b>, para lo cual encontrar\u00e1 la ayuda necesaria para eliminar las cookies del navegador Google Chrome pinchando en el siguiente enlace:\u00a0<a href=\"https:\/\/support.google.com\/youtube\/answer\/32050?hl=fr\">https:\/\/support.google.com\/youtube\/answer\/32050?hl=fr<\/a>\u00a0pero tambi\u00e9n la pol\u00edtica de cookies completa desde el siguiente enlace:\u00a0<a href=\"https:\/\/www.google.fr\/intl\/fr\/policies\/technologies\/cookies\/\">https:\/\/www.google.fr\/intl\/fr\/policies\/technologies\/cookies\/<\/a><\/p>\n<ul>\n<li><strong>Tienes a tu disposici\u00f3n diversas herramientas de configuraci\u00f3n de cookies.<\/strong><\/li>\n<\/ul>\n<p>La mayor\u00eda de los navegadores de Internet est\u00e1n configurados por defecto para que se autorice el dep\u00f3sito de cookies. Su navegador le ofrece la posibilidad de modificar esta configuraci\u00f3n est\u00e1ndar para que todas las cookies sean rechazadas sistem\u00e1ticamente o s\u00f3lo algunas de las cookies sean aceptadas o rechazadas seg\u00fan su emisor.<\/p>\n<p>TENGA EN CUENTA: Llamamos su atenci\u00f3n sobre el hecho de que rechazar la colocaci\u00f3n de cookies en su terminal puede, no obstante, alterar su experiencia de usuario, as\u00ed como su acceso a ciertos servicios o caracter\u00edsticas de este sitio web. En su caso, H\u00f4tel Saint Malo Elizabeth declina toda responsabilidad por las consecuencias relacionadas con el deterioro de sus condiciones de navegaci\u00f3n que se produzcan como consecuencia de su elecci\u00f3n de rechazar, eliminar o bloquear las cookies necesarias para el funcionamiento del sitio. Estas consecuencias no pueden constituir da\u00f1os y no podr\u00e1 reclamar ninguna compensaci\u00f3n como resultado.<\/p>\n<p>Su navegador tambi\u00e9n le permite eliminar las cookies existentes en su terminal o notificarle cuando es probable que se coloquen nuevas cookies en su terminal. Estas configuraciones no tienen ning\u00fan impacto en su navegaci\u00f3n pero hacen que pierda todos los beneficios proporcionados por la cookie.<\/p>\n<p>Le informamos a continuaci\u00f3n de las m\u00faltiples herramientas a su disposici\u00f3n para que pueda configurar las cookies instaladas en su terminal.<\/p>","protected":false},"excerpt":{"rendered":"<p>DATOS PERSONALES En general, usted puede visitar el Sitio H\u00f4tel Saint Malo Elizabeth sin proporcionar ninguna informaci\u00f3n personal sobre usted. En cualquier caso, usted no est\u00e1 obligado en ning\u00fan caso a transmitir esta informaci\u00f3n al H\u00f4tel Saint Malo Elizabeth, pero, en caso de negativa, es posible que no pueda beneficiarse de determinadas informaciones o servicios que haya solicitado. Por lo tanto, H\u00f4tel Saint Malo Elizabeth puede, en determinados casos, solicitarle que proporcione su nombre, nombre, direcci\u00f3n de correo electr\u00f3nico, n\u00famero de tel\u00e9fono, empresa y cargo (en adelante, su \u201cInformaci\u00f3n personal\u201d). Al facilitar esta informaci\u00f3n, usted acepta expresamente que ser\u00e1 tratada por H\u00f4tel Saint Malo Elizabeth, para las finalidades indicadas en el punto 2 siguiente, as\u00ed como para las finalidades indicadas al final de cada formulario. De conformidad con el Reglamento general de protecci\u00f3n de datos adoptado por el Parlamento Europeo el 14 de abril de 2016 y la Ley de protecci\u00f3n de datos del 6 de enero de 1978 modificada, el H\u00f4tel Saint Malo Elizabeth le informa de los siguientes puntos: 1. Identidad del responsable del tratamiento El responsable del tratamiento es la empresa H\u00f4tel Web-Design 2. Finalidades del tratamiento H\u00f4tel Saint Malo Elizabeth [\u2026]<\/p>","protected":false},"author":2,"featured_media":0,"parent":0,"menu_order":0,"comment_status":"closed","ping_status":"closed","template":"","meta":{"footnotes":""},"class_list":["post-1048","page","type-page","status-publish","hentry"],"yoast_head":"<!-- This site is optimized with the Yoast SEO plugin v22.9 - https:\/\/yoast.com\/wordpress\/plugins\/seo\/ -->\n<title>Politique de confidentialit\u00e9 - H\u00f4tel Elizabeth Saint-Malo<\/title>\n<meta name=\"description\" content=\"H\u00f4tel \u00e0 Saint-Malo, h\u00e9bergement intra muros proche commerces. Chambres \u00e0 Saint Malo\" \/>\n<meta name=\"robots\" content=\"index, follow, max-snippet:-1, max-image-preview:large, max-video-preview:-1\" \/>\n<link rel=\"canonical\" href=\"https:\/\/saintmalo-hotel-elizabeth.com\/es\/politica-de-confidencialidad\/\" \/>\n<meta property=\"og:locale\" content=\"es_ES\" \/>\n<meta property=\"og:type\" content=\"article\" \/>\n<meta property=\"og:title\" content=\"Politique de confidentialit\u00e9 - H\u00f4tel Elizabeth Saint-Malo\" \/>\n<meta property=\"og:description\" content=\"H\u00f4tel \u00e0 Saint-Malo, h\u00e9bergement intra muros proche commerces. Chambres \u00e0 Saint Malo\" \/>\n<meta property=\"og:url\" content=\"https:\/\/saintmalo-hotel-elizabeth.com\/es\/politica-de-confidencialidad\/\" \/>\n<meta property=\"og:site_name\" content=\"H\u00f4tel Elizabeth Saint-Malo\" \/>\n<meta property=\"article:modified_time\" content=\"2018-07-26T02:06:31+00:00\" \/>\n<meta name=\"twitter:card\" content=\"summary_large_image\" \/>\n<meta name=\"twitter:label1\" content=\"Tiempo de lectura\" \/>\n\t<meta name=\"twitter:data1\" content=\"13 minutos\" \/>\n<script type=\"application\/ld+json\" class=\"yoast-schema-graph\">{\"@context\":\"https:\/\/schema.org\",\"@graph\":[{\"@type\":\"WebPage\",\"@id\":\"https:\/\/saintmalo-hotel-elizabeth.com\/politique-de-confidentialite\/\",\"url\":\"https:\/\/saintmalo-hotel-elizabeth.com\/politique-de-confidentialite\/\",\"name\":\"Politique de confidentialit\u00e9 - H\u00f4tel Elizabeth Saint-Malo\",\"isPartOf\":{\"@id\":\"https:\/\/saintmalo-hotel-elizabeth.com\/#website\"},\"datePublished\":\"2018-07-26T01:59:56+00:00\",\"dateModified\":\"2018-07-26T02:06:31+00:00\",\"description\":\"H\u00f4tel \u00e0 Saint-Malo, h\u00e9bergement intra muros proche commerces. Chambres \u00e0 Saint Malo\",\"breadcrumb\":{\"@id\":\"https:\/\/saintmalo-hotel-elizabeth.com\/politique-de-confidentialite\/#breadcrumb\"},\"inLanguage\":\"es\",\"potentialAction\":[{\"@type\":\"ReadAction\",\"target\":[\"https:\/\/saintmalo-hotel-elizabeth.com\/politique-de-confidentialite\/\"]}]},{\"@type\":\"BreadcrumbList\",\"@id\":\"https:\/\/saintmalo-hotel-elizabeth.com\/politique-de-confidentialite\/#breadcrumb\",\"itemListElement\":[{\"@type\":\"ListItem\",\"position\":1,\"name\":\"Accueil\",\"item\":\"https:\/\/saintmalo-hotel-elizabeth.com\/\"},{\"@type\":\"ListItem\",\"position\":2,\"name\":\"Politique de confidentialit\u00e9\"}]},{\"@type\":\"WebSite\",\"@id\":\"https:\/\/saintmalo-hotel-elizabeth.com\/#website\",\"url\":\"https:\/\/saintmalo-hotel-elizabeth.com\/\",\"name\":\"H\u00f4tel Elizabeth Saint-Malo\",\"description\":\"H\u00f4tel centenaire au coeur de Saint-Malo, en bretagne\",\"potentialAction\":[{\"@type\":\"SearchAction\",\"target\":{\"@type\":\"EntryPoint\",\"urlTemplate\":\"https:\/\/saintmalo-hotel-elizabeth.com\/?s={search_term_string}\"},\"query-input\":\"required name=search_term_string\"}],\"inLanguage\":\"es\"}]}<\/script>\n<!-- \/ Yoast SEO plugin. -->","yoast_head_json":{"title":"Politique de confidentialit\u00e9 - H\u00f4tel Elizabeth Saint-Malo","description":"H\u00f4tel \u00e0 Saint-Malo, h\u00e9bergement intra muros proche commerces. Chambres \u00e0 Saint Malo","robots":{"index":"index","follow":"follow","max-snippet":"max-snippet:-1","max-image-preview":"max-image-preview:large","max-video-preview":"max-video-preview:-1"},"canonical":"https:\/\/saintmalo-hotel-elizabeth.com\/es\/politica-de-confidencialidad\/","og_locale":"es_ES","og_type":"article","og_title":"Politique de confidentialit\u00e9 - H\u00f4tel Elizabeth Saint-Malo","og_description":"H\u00f4tel \u00e0 Saint-Malo, h\u00e9bergement intra muros proche commerces. Chambres \u00e0 Saint Malo","og_url":"https:\/\/saintmalo-hotel-elizabeth.com\/es\/politica-de-confidencialidad\/","og_site_name":"H\u00f4tel Elizabeth Saint-Malo","article_modified_time":"2018-07-26T02:06:31+00:00","twitter_card":"summary_large_image","twitter_misc":{"Tiempo de lectura":"13 minutos"},"schema":{"@context":"https:\/\/schema.org","@graph":[{"@type":"WebPage","@id":"https:\/\/saintmalo-hotel-elizabeth.com\/politique-de-confidentialite\/","url":"https:\/\/saintmalo-hotel-elizabeth.com\/politique-de-confidentialite\/","name":"Politique de confidentialit\u00e9 - H\u00f4tel Elizabeth Saint-Malo","isPartOf":{"@id":"https:\/\/saintmalo-hotel-elizabeth.com\/#website"},"datePublished":"2018-07-26T01:59:56+00:00","dateModified":"2018-07-26T02:06:31+00:00","description":"H\u00f4tel \u00e0 Saint-Malo, h\u00e9bergement intra muros proche commerces. Chambres \u00e0 Saint Malo","breadcrumb":{"@id":"https:\/\/saintmalo-hotel-elizabeth.com\/politique-de-confidentialite\/#breadcrumb"},"inLanguage":"es","potentialAction":[{"@type":"ReadAction","target":["https:\/\/saintmalo-hotel-elizabeth.com\/politique-de-confidentialite\/"]}]},{"@type":"BreadcrumbList","@id":"https:\/\/saintmalo-hotel-elizabeth.com\/politique-de-confidentialite\/#breadcrumb","itemListElement":[{"@type":"ListItem","position":1,"name":"Accueil","item":"https:\/\/saintmalo-hotel-elizabeth.com\/"},{"@type":"ListItem","position":2,"name":"Politique de confidentialit\u00e9"}]},{"@type":"WebSite","@id":"https:\/\/saintmalo-hotel-elizabeth.com\/#website","url":"https:\/\/saintmalo-hotel-elizabeth.com\/","name":"H\u00f4tel Elizabeth Saint-Malo","description":"H\u00f4tel centenaire au coeur de Saint-Malo, en bretagne","potentialAction":[{"@type":"SearchAction","target":{"@type":"EntryPoint","urlTemplate":"https:\/\/saintmalo-hotel-elizabeth.com\/?s={search_term_string}"},"query-input":"required name=search_term_string"}],"inLanguage":"es"}]}},"_links":{"self":[{"href":"https:\/\/saintmalo-hotel-elizabeth.com\/es\/wp-json\/wp\/v2\/pages\/1048","targetHints":{"allow":["GET"]}}],"collection":[{"href":"https:\/\/saintmalo-hotel-elizabeth.com\/es\/wp-json\/wp\/v2\/pages"}],"about":[{"href":"https:\/\/saintmalo-hotel-elizabeth.com\/es\/wp-json\/wp\/v2\/types\/page"}],"author":[{"embeddable":true,"href":"https:\/\/saintmalo-hotel-elizabeth.com\/es\/wp-json\/wp\/v2\/users\/2"}],"replies":[{"embeddable":true,"href":"https:\/\/saintmalo-hotel-elizabeth.com\/es\/wp-json\/wp\/v2\/comments?post=1048"}],"version-history":[{"count":0,"href":"https:\/\/saintmalo-hotel-elizabeth.com\/es\/wp-json\/wp\/v2\/pages\/1048\/revisions"}],"wp:attachment":[{"href":"https:\/\/saintmalo-hotel-elizabeth.com\/es\/wp-json\/wp\/v2\/media?parent=1048"}],"curies":[{"name":"wp","href":"https:\/\/api.w.org\/{rel}","templated":true}]}}