{"id":523,"date":"2014-02-06T12:43:59","date_gmt":"2014-02-06T12:43:59","guid":{"rendered":"http:\/\/raybreaker-theme.com\/wpnationimp\/?page_id=2"},"modified":"2026-02-19T16:52:08","modified_gmt":"2026-02-19T15:52:08","slug":"mentions-legales","status":"publish","type":"page","link":"https:\/\/saintmalo-hotel-elizabeth.com\/es\/notas-legales\/","title":{"rendered":"Notas legales"},"content":{"rendered":"<div class=\"wpb-content-wrapper\"><div class=\"vc_row wpb_row vc_row-fluid\"><div class=\"wpb_column vc_column_container vc_col-sm-12\"><div class=\"vc_column-inner\"><div class=\"wpb_wrapper\">\n\t<div class=\"wpb_text_column wpb_content_element\" >\n\t\t<div class=\"wpb_wrapper\">\n\t\t\t<p>CGV<\/p>\n<p>Cl\u00e1usula 1 \u2013 Disponibilidad y error t\u00e9cnico<\/p>\n<p>Cl\u00e1usula de disponibilidad<\/p>\n<p>Las reservas se realizan bajo reserva de disponibilidad efectiva de las habitaciones.<br \/>\nEn caso de error t\u00e9cnico, de mal funcionamiento del sistema de reservas o de doble asignaci\u00f3n ajena a la voluntad del establecimiento, el hotel se reserva la posibilidad de anular la reserva en cuesti\u00f3n.<br \/>\nEn este supuesto, el cliente ser\u00e1 reembolsado \u00edntegramente de las sumas abonadas sin que pueda exigirse ninguna indemnizaci\u00f3n complementaria.<\/p>\n<p>Cl\u00e1usula 2 \u2013 Modificaci\u00f3n excepcional por el establecimiento<\/p>\n<p>En caso de circunstancias excepcionales que afecten a la organizaci\u00f3n del establecimiento (incidente t\u00e9cnico grave, cierre administrativo, imposibilidad de explotaci\u00f3n), el hotel podr\u00e1 proponer una modificaci\u00f3n o la anulaci\u00f3n de la reserva.<br \/>\nEl cliente podr\u00e1 entonces elegir entre el reembolso \u00edntegro o una soluci\u00f3n alternativa propuesta por el hotel.<\/p>\n<p>Cl\u00e1usula 3 \u2013 Tarifas excepcionales eventos mayores<\/p>\n<p>Durante los per\u00edodos de eventos mayores (festivales, competiciones n\u00e1uticas, manifestaciones internacionales), las tarifas pueden quedar sujetas a validaci\u00f3n definitiva por el establecimiento en un plazo de 72 horas tras la reserva.<br \/>\nA falta de confirmaci\u00f3n expresa, la reserva podr\u00e1 ser anulada sin gastos para el cliente.<\/p>\n<div class=\"yj6qo\">\n<\/div>\n<p>En aplicaci\u00f3n del C\u00f3digo Franc\u00e9s de la Propiedad Intelectual (copyright), la reproducci\u00f3n para un uso distinto del privado, la venta, la difusi\u00f3n, la publicaci\u00f3n, la adaptaci\u00f3n o la comunicaci\u00f3n, parcial o total, de los datos (presentaci\u00f3n, disposici\u00f3n del sitio, fotos, textos e ilustraciones protegidos por el derecho de autor) est\u00e1n estrictamente supeditadas a la autorizaci\u00f3n escrita y previa de los titulares de los derechos, de hecho el webmaster del sitio web: info @ hotel-webdesign.com<\/p>\n<p>Creaci\u00f3n del sitio:<\/p>\n<p><a href=\"https:\/\/hotel-webdesign.com\/\">Dise\u00f1o web para hoteles<\/a><\/p>\n<p><a href=\"https:\/\/www.france-webdesign.com\/\">Creaci\u00f3n de sitios para PYMES y artesanos.<\/a><\/p>\n<p>Al acceder a este sitio, se le informa que el uso de Internet requiere el cumplimiento de un conjunto de leyes relativas, en particular, a los derechos de autor y a la Ley de protecci\u00f3n de datos.<br \/>\nSARL JOLINE y Hotel web design no pueden incurrir en ninguna responsabilidad debido a errores u omisiones, reserv\u00e1ndose adem\u00e1s el editor el derecho de modificar y actualizar los datos del sitio en cualquier momento.<\/p>\n<p><b><strong>Raz\u00f3n social de la empresa operadora:<\/strong><\/b>SARL JOLINE<b><br \/>\n<strong>Correo electr\u00f3nico :<\/strong> <\/b>contacto@saintmalo-hotel-elizabeth.com<b><br \/>\n<strong>Tel\u00e9fono :<\/strong> <\/b>+33 2 99 56 24 98<b><br \/>\n<\/b><b><strong>N\u00famero Siret : <\/strong><\/b>49782338500016<b><br \/>\n<\/b><b>Capital social:\u00a0<\/b>15000\u20ac<\/p>\n<p><b><br \/>\n<strong>ORDENADOR Y LIBERTAD<br \/>\n<\/strong><\/b>Todo usuario que haya enviado directa o indirectamente informaci\u00f3n nominativa tiene derecho de acceso y rectificaci\u00f3n de acuerdo con la Ley n\u00ba 7817 del 06\/01\/78 (Informatique et Libert\u00e9s) ante el administrador del sitio.<\/p>\n<p>&nbsp;<\/p>\n<p><b>Hiperv\u00ednculos<br \/>\n<\/b>Los sitios externos a SARL JOLINE que tienen un enlace de hipertexto con este sitio no est\u00e1n bajo el control de SARL JOLINE, que por lo tanto declina toda responsabilidad por su contenido. El usuario es el \u00fanico responsable de su uso.<\/p>\n<p>&nbsp;<\/p>\n<p><strong>Responsable de la publicaci\u00f3n<\/strong>:<br \/>\nSARL JOLINE<\/p>\n<p>&nbsp;<\/p>\n<p><strong>Anfitri\u00f3n<\/strong>:<br \/>\nOVH \u2013 2 rue Kellermann BP 80157<br \/>\n59100 Roubaix<br \/>\nTel\u00e9fono: 1007<\/p>\n<p><a href=\"https:\/\/hotel-webdesign.com\">Creaci\u00f3n de sitio web para hoteles.<\/a> | <a href=\"https:\/\/hotel-webdesign.com\">Dise\u00f1o web para hoteles <\/a> | <a href=\"https:\/\/france-webdesign.com\/\">Francia Dise\u00f1o Web<\/a> | <a href=\"https:\/\/www.wordpress-maintenance.org\/\">Mantenimiento de WordPress<\/a> | <a href=\"https:\/\/www.referencement-annuaire.fr\/\">SEO empresarial<\/a><\/p>\n\n\t\t<\/div>\n\t<\/div>\n<\/div><\/div><\/div><\/div>\n<\/div>","protected":false},"excerpt":{"rendered":"CGV Cl\u00e1usula 1 \u2013 Disponibilidad y error t\u00e9cnico Cl\u00e1usula de disponibilidad Las reservas se efect\u00faan bajo reserva de disponibilidad efectiva de las habitaciones. En caso de error t\u00e9cnico, de mal funcionamiento del sistema de reservas o de doble asignaci\u00f3n ajena a la voluntad del establecimiento, el hotel se reserva la posibilidad de anular la reserva en cuesti\u00f3n. En esta hip\u00f3tesis, el cliente ser\u00e1 reembolsado \u00edntegramente de las sumas abonadas sin que pueda exigirse ninguna indemnizaci\u00f3n complementaria. Cl\u00e1usula 2 \u2013 Modificaci\u00f3n excepcional por el establecimiento En caso de circunstancias excepcionales que afecten a la organizaci\u00f3n del establecimiento (incidente t\u00e9cnico mayor, cierre administrativo, imposibilidad de explotaci\u00f3n), el hotel podr\u00e1 proponer una modificaci\u00f3n o la anulaci\u00f3n de la reserva. El cliente podr\u00e1 entonces elegir entre el reembolso \u00edntegro o una soluci\u00f3n alternativa propuesta por el hotel. Cl\u00e1usula 3 \u2013 Tarifas excepcionales eventos mayores Durante los per\u00edodos de eventos mayores (festivales, competiciones n\u00e1uticas, manifestaciones internacionales), las tarifas pueden estar sujetas a validaci\u00f3n definitiva por el establecimiento en un plazo de 72 horas siguientes a la reserva. A falta de confirmaci\u00f3n expresa, la reserva podr\u00e1 ser anulada sin gastos para el cliente. En aplicaci\u00f3n del C\u00f3digo Franc\u00e9s de la Propiedad Intelectual (copyright), la reproducci\u00f3n para un uso distinto del privado, la venta, la difusi\u00f3n, la publicaci\u00f3n, la adaptaci\u00f3n o la comunicaci\u00f3n, parciales o [...]","protected":false},"author":2,"featured_media":0,"parent":0,"menu_order":0,"comment_status":"closed","ping_status":"closed","template":"","meta":{"footnotes":""},"class_list":["post-523","page","type-page","status-publish","hentry"],"yoast_head":"<!-- This site is optimized with the Yoast SEO plugin v22.9 - https:\/\/yoast.com\/wordpress\/plugins\/seo\/ -->\n<title>Mentions legales - H\u00f4tel Elizabeth Saint-Malo<\/title>\n<meta name=\"description\" content=\"H\u00f4tel \u00e0 Saint-Malo, h\u00e9bergement intra muros proche commerces. Chambres \u00e0 Saint Malo\" \/>\n<meta name=\"robots\" content=\"index, follow, max-snippet:-1, max-image-preview:large, max-video-preview:-1\" \/>\n<link rel=\"canonical\" href=\"https:\/\/saintmalo-hotel-elizabeth.com\/es\/notas-legales\/\" \/>\n<meta property=\"og:locale\" content=\"es_ES\" \/>\n<meta property=\"og:type\" content=\"article\" \/>\n<meta property=\"og:title\" content=\"Mentions legales - H\u00f4tel Elizabeth Saint-Malo\" \/>\n<meta property=\"og:description\" content=\"H\u00f4tel \u00e0 Saint-Malo, h\u00e9bergement intra muros proche commerces. Chambres \u00e0 Saint Malo\" \/>\n<meta property=\"og:url\" content=\"https:\/\/saintmalo-hotel-elizabeth.com\/es\/notas-legales\/\" \/>\n<meta property=\"og:site_name\" content=\"H\u00f4tel Elizabeth Saint-Malo\" \/>\n<meta property=\"article:modified_time\" content=\"2026-02-19T15:52:08+00:00\" \/>\n<meta name=\"twitter:card\" content=\"summary_large_image\" \/>\n<meta name=\"twitter:label1\" content=\"Tiempo de lectura\" \/>\n\t<meta name=\"twitter:data1\" content=\"3 minutos\" \/>\n<script type=\"application\/ld+json\" class=\"yoast-schema-graph\">{\"@context\":\"https:\/\/schema.org\",\"@graph\":[{\"@type\":\"WebPage\",\"@id\":\"https:\/\/saintmalo-hotel-elizabeth.com\/mentions-legales\/\",\"url\":\"https:\/\/saintmalo-hotel-elizabeth.com\/mentions-legales\/\",\"name\":\"Mentions legales - H\u00f4tel Elizabeth Saint-Malo\",\"isPartOf\":{\"@id\":\"https:\/\/saintmalo-hotel-elizabeth.com\/#website\"},\"datePublished\":\"2014-02-06T12:43:59+00:00\",\"dateModified\":\"2026-02-19T15:52:08+00:00\",\"description\":\"H\u00f4tel \u00e0 Saint-Malo, h\u00e9bergement intra muros proche commerces. Chambres \u00e0 Saint Malo\",\"breadcrumb\":{\"@id\":\"https:\/\/saintmalo-hotel-elizabeth.com\/mentions-legales\/#breadcrumb\"},\"inLanguage\":\"es\",\"potentialAction\":[{\"@type\":\"ReadAction\",\"target\":[\"https:\/\/saintmalo-hotel-elizabeth.com\/mentions-legales\/\"]}]},{\"@type\":\"BreadcrumbList\",\"@id\":\"https:\/\/saintmalo-hotel-elizabeth.com\/mentions-legales\/#breadcrumb\",\"itemListElement\":[{\"@type\":\"ListItem\",\"position\":1,\"name\":\"Accueil\",\"item\":\"https:\/\/saintmalo-hotel-elizabeth.com\/\"},{\"@type\":\"ListItem\",\"position\":2,\"name\":\"Mentions legales\"}]},{\"@type\":\"WebSite\",\"@id\":\"https:\/\/saintmalo-hotel-elizabeth.com\/#website\",\"url\":\"https:\/\/saintmalo-hotel-elizabeth.com\/\",\"name\":\"H\u00f4tel Elizabeth Saint-Malo\",\"description\":\"H\u00f4tel centenaire au coeur de Saint-Malo, en bretagne\",\"potentialAction\":[{\"@type\":\"SearchAction\",\"target\":{\"@type\":\"EntryPoint\",\"urlTemplate\":\"https:\/\/saintmalo-hotel-elizabeth.com\/?s={search_term_string}\"},\"query-input\":\"required name=search_term_string\"}],\"inLanguage\":\"es\"}]}<\/script>\n<!-- \/ Yoast SEO plugin. -->","yoast_head_json":{"title":"Mentions legales - H\u00f4tel Elizabeth Saint-Malo","description":"H\u00f4tel \u00e0 Saint-Malo, h\u00e9bergement intra muros proche commerces. Chambres \u00e0 Saint Malo","robots":{"index":"index","follow":"follow","max-snippet":"max-snippet:-1","max-image-preview":"max-image-preview:large","max-video-preview":"max-video-preview:-1"},"canonical":"https:\/\/saintmalo-hotel-elizabeth.com\/es\/notas-legales\/","og_locale":"es_ES","og_type":"article","og_title":"Mentions legales - H\u00f4tel Elizabeth Saint-Malo","og_description":"H\u00f4tel \u00e0 Saint-Malo, h\u00e9bergement intra muros proche commerces. Chambres \u00e0 Saint Malo","og_url":"https:\/\/saintmalo-hotel-elizabeth.com\/es\/notas-legales\/","og_site_name":"H\u00f4tel Elizabeth Saint-Malo","article_modified_time":"2026-02-19T15:52:08+00:00","twitter_card":"summary_large_image","twitter_misc":{"Tiempo de lectura":"3 minutos"},"schema":{"@context":"https:\/\/schema.org","@graph":[{"@type":"WebPage","@id":"https:\/\/saintmalo-hotel-elizabeth.com\/mentions-legales\/","url":"https:\/\/saintmalo-hotel-elizabeth.com\/mentions-legales\/","name":"Mentions legales - H\u00f4tel Elizabeth Saint-Malo","isPartOf":{"@id":"https:\/\/saintmalo-hotel-elizabeth.com\/#website"},"datePublished":"2014-02-06T12:43:59+00:00","dateModified":"2026-02-19T15:52:08+00:00","description":"H\u00f4tel \u00e0 Saint-Malo, h\u00e9bergement intra muros proche commerces. Chambres \u00e0 Saint Malo","breadcrumb":{"@id":"https:\/\/saintmalo-hotel-elizabeth.com\/mentions-legales\/#breadcrumb"},"inLanguage":"es","potentialAction":[{"@type":"ReadAction","target":["https:\/\/saintmalo-hotel-elizabeth.com\/mentions-legales\/"]}]},{"@type":"BreadcrumbList","@id":"https:\/\/saintmalo-hotel-elizabeth.com\/mentions-legales\/#breadcrumb","itemListElement":[{"@type":"ListItem","position":1,"name":"Accueil","item":"https:\/\/saintmalo-hotel-elizabeth.com\/"},{"@type":"ListItem","position":2,"name":"Mentions legales"}]},{"@type":"WebSite","@id":"https:\/\/saintmalo-hotel-elizabeth.com\/#website","url":"https:\/\/saintmalo-hotel-elizabeth.com\/","name":"H\u00f4tel Elizabeth Saint-Malo","description":"H\u00f4tel centenaire au coeur de Saint-Malo, en bretagne","potentialAction":[{"@type":"SearchAction","target":{"@type":"EntryPoint","urlTemplate":"https:\/\/saintmalo-hotel-elizabeth.com\/?s={search_term_string}"},"query-input":"required name=search_term_string"}],"inLanguage":"es"}]}},"_links":{"self":[{"href":"https:\/\/saintmalo-hotel-elizabeth.com\/es\/wp-json\/wp\/v2\/pages\/523","targetHints":{"allow":["GET"]}}],"collection":[{"href":"https:\/\/saintmalo-hotel-elizabeth.com\/es\/wp-json\/wp\/v2\/pages"}],"about":[{"href":"https:\/\/saintmalo-hotel-elizabeth.com\/es\/wp-json\/wp\/v2\/types\/page"}],"author":[{"embeddable":true,"href":"https:\/\/saintmalo-hotel-elizabeth.com\/es\/wp-json\/wp\/v2\/users\/2"}],"replies":[{"embeddable":true,"href":"https:\/\/saintmalo-hotel-elizabeth.com\/es\/wp-json\/wp\/v2\/comments?post=523"}],"version-history":[{"count":0,"href":"https:\/\/saintmalo-hotel-elizabeth.com\/es\/wp-json\/wp\/v2\/pages\/523\/revisions"}],"wp:attachment":[{"href":"https:\/\/saintmalo-hotel-elizabeth.com\/es\/wp-json\/wp\/v2\/media?parent=523"}],"curies":[{"name":"wp","href":"https:\/\/api.w.org\/{rel}","templated":true}]}}