{"id":1048,"date":"2018-07-26T03:59:56","date_gmt":"2018-07-26T01:59:56","guid":{"rendered":"https:\/\/saintmalo-hotel-elizabeth.com\/?page_id=1048"},"modified":"2018-07-26T04:06:31","modified_gmt":"2018-07-26T02:06:31","slug":"politique-de-confidentialite","status":"publish","type":"page","link":"https:\/\/saintmalo-hotel-elizabeth.com\/it\/politica-sulla-riservatezza\/","title":{"rendered":"politica sulla riservatezza"},"content":{"rendered":"<ol>\n<li><b>DATI PERSONALI<\/b><\/li>\n<\/ol>\n<p>In generale, potete visitare il sito dell&#039;H\u00f4tel Saint Malo Elizabeth senza fornire alcuna informazione personale che vi riguardi. In ogni caso, non siete in alcun modo obbligati a trasmettere queste informazioni all&#039;H\u00f4tel Saint Malo Elizabeth<\/p>\n<p>Tuttavia, in caso di rifiuto, potresti non essere in grado di beneficiare di alcune informazioni o servizi che hai richiesto. Pertanto, l&#039;H\u00f4tel Saint Malo Elizabeth pu\u00f2, in alcuni casi, chiedervi di fornire il vostro nome, nome, indirizzo e-mail, numero di telefono, azienda e posizione (di seguito i vostri \u201cDati Personali\u201d). Fornendo queste informazioni, accettate espressamente che saranno trattate da H\u00f4tel Saint Malo Elizabeth, per le finalit\u00e0 indicate al punto 2 di seguito nonch\u00e9 per le finalit\u00e0 indicate alla fine di ciascun modulo.<\/p>\n<p>In conformit\u00e0 con il regolamento generale sulla protezione dei dati adottato dal Parlamento europeo il 14 aprile 2016 e la legge sulla protezione dei dati del 6 gennaio 1978 modificata, l&#039;H\u00f4tel Saint Malo Elizabeth vi informa dei seguenti punti:<\/p>\n<ul>\n<li><b>1. Identit\u00e0 del titolare del trattamento<\/b><\/li>\n<\/ul>\n<p>Titolare del trattamento \u00e8 la societ\u00e0 H\u00f4tel Web-Design<\/p>\n<p>&nbsp;<\/p>\n<ul>\n<li><b>2.<\/b>\u00a0<b>Finalit\u00e0 del trattamento<\/b><\/li>\n<\/ul>\n<p>H\u00f4tel Saint Malo Elizabeth pu\u00f2 trattare i tuoi dati personali:<\/p>\n<p>(a) al fine di fornirti le informazioni o i servizi da te richiesti (in particolare: invio della Newsletter); e o<\/p>\n<p>(b) allo scopo di raccogliere informazioni che ci consentono di migliorare il nostro Sito, i nostri prodotti e servizi (in particolare attraverso i cookie); e o<\/p>\n<p>(c) per potervi contattare in merito a vari eventi relativi all&#039;H\u00f4tel Saint Malo Elizabeth, compreso in particolare l&#039;aggiornamento delle sue offerte commerciali.<\/p>\n<ul>\n<li><b>3.<\/b>\u00a0<b>Destinatari<\/b><\/li>\n<\/ul>\n<p>Solo l&#039;H\u00f4tel Saint Malo Elizabeth \u00e8 il destinatario dei tuoi dati personali. Questi, sia in forma individuale che aggregata, non vengono mai trasmessi a terzi, nonostante i subappaltatori utilizzati da H\u00f4tel Saint Malo Elizabeth (troverai maggiori informazioni al riguardo al punto 7 di seguito). N\u00e9 l&#039;H\u00f4tel Saint Malo Elizabeth, n\u00e9 alcuno dei suoi subappaltatori, vende i dati personali dei visitatori e degli utenti del suo Sito.<\/p>\n<ul>\n<li><b>4.<\/b>\u00a0<b>La durata della conversazione<\/b><\/li>\n<\/ul>\n<p>I tuoi dati personali sono conservati da H\u00f4tel Saint Malo Elizabeth solo per il tempo corrispondente allo scopo della raccolta come indicato al punto 2 sopra che non pu\u00f2 in ogni caso superare i 24 mesi.<\/p>\n<ul>\n<li><b>5. Diritti e libert\u00e0 informatiche<\/b><\/li>\n<\/ul>\n<p>Hai i seguenti diritti riguardo alle tue informazioni personali, che puoi esercitare scrivendoci tramite il modulo<\/p>\n<ul>\n<li><b>Diritto di accesso e comunicazione dei dati<\/b><\/li>\n<\/ul>\n<p>Hai il diritto di accedere alle informazioni personali che ti riguardano.<\/p>\n<p>Tuttavia, a causa degli obblighi di sicurezza e riservatezza in materia di trattamento dei dati personali che incombono all&#039;Hotel Saint Malo Elizabeth, siete informati che la vostra richiesta sar\u00e0 elaborata a condizione che forniate una prova della vostra identit\u00e0, in particolare producendo una scansione del il tuo documento di identit\u00e0 in corso di validit\u00e0 oppure una fotocopia firmata del tuo documento di identit\u00e0 in corso di validit\u00e0.<\/p>\n<p>L&#039;H\u00f4tel Saint Malo Elizabeth vi informa che avr\u00e0 il diritto, ove applicabile, di opporsi alle richieste manifestamente abusive (a causa del loro numero, del carattere ripetitivo o sistematico).<\/p>\n<p>Troverai\u00a0<a href=\"https:\/\/www.cnil.fr\/fr\/modele\/courrier\/exercer-son-droit-dacces\">cliccando sul seguente link<\/a>\u00a0un modello di lettera elaborato dalla Commissione nazionale per l&#039;informatica e le libert\u00e0 (la \u201cCNIL\u201d).<\/p>\n<p><a href=\"https:\/\/www.cnil.fr\/fr\/modele\/courrier\/exercer-son-droit-dacces\">https:\/\/www.cnil.fr\/fr\/modele\/courrier\/exercer-son-droit-dacces<\/a><\/p>\n<p>&nbsp;<\/p>\n<ul>\n<li><b>Diritto alla rettifica dei dati<\/b><\/li>\n<\/ul>\n<p>Nell&#039;ambito di questo diritto, la legislazione ti autorizza a richiedere la rettifica, l&#039;aggiornamento, il blocco o anche la cancellazione dei dati che ti riguardano che potrebbero rivelarsi inesatti, errati, incompleti o obsoleti.<\/p>\n<p><a href=\"https:\/\/www.cnil.fr\/fr\/modele\/courrier\/rectifier-des-donnees-inexactes-obsoletes-ou-perimees\">https:\/\/www.cnil.fr\/fr\/modele\/courrier\/rectifier-des-donnees-inexactes-obsoletes-ou-perimees<\/a><\/p>\n<p>&nbsp;<\/p>\n<p><b>Diritto di opposizione<\/b><\/p>\n<p>L\u2019esercizio di tale diritto \u00e8 possibile soltanto in una delle due seguenti situazioni:<\/p>\n<ol>\n<li>Quando l&#039;esercizio di tale diritto si basa su motivi legittimi; O<\/li>\n<li>Quando l&#039;esercizio di questo diritto mira a impedire che i dati raccolti vengano utilizzati per scopi di prospezione commerciale.<\/li>\n<\/ol>\n<p>Per aiutarvi nel vostro processo, in particolare se desiderate esercitare il vostro diritto di opposizione mediante richiesta scritta indirizzata all&#039;indirizzo postale indicato al punto 1, troverete\u00a0<a href=\"https:\/\/www.cnil.fr\/fr\/modele\/courrier\/rectifier-des-donnees-inexactes-obsoletes-ou-perimees\">cliccando sul seguente link<\/a>\u00a0un modello di lettera sviluppato dalla CNIL.<\/p>\n<p><a href=\"https:\/\/www.cnil.fr\/fr\/modele\/courrier\/supprimer-des-informations-vous-concernant-dun-site-internet\">https:\/\/www.cnil.fr\/fr\/modele\/courrier\/supprimer-des-informations-vous-concernant-dun-site-internet<\/a><\/p>\n<ul>\n<li><b>6. Tempi di risposta<\/b><\/li>\n<\/ul>\n<p>L&#039;H\u00f4tel Saint Malo Elizabeth si impegna a rispondere alla vostra richiesta di accesso, rettifica o opposizione o qualsiasi altra richiesta complementare di informazioni entro un termine ragionevole che non pu\u00f2 superare 1 mese dal ricevimento della richiesta.<\/p>\n<ul>\n<li><b>7. Fornitori di servizi autorizzati e trasferimento verso un paese terzo dell&#039;Unione Europea<\/b><\/li>\n<\/ul>\n<p>L&#039;H\u00f4tel Saint Malo Elizabeth ti informa che utilizza i suoi fornitori di servizi autorizzati per facilitare la raccolta e il trattamento dei dati che ci hai comunicato. Questi fornitori di servizi possono trovarsi al di fuori dell&#039;Unione Europea e comunicare i dati raccolti attraverso i vari moduli presenti sul Sito (ad eccezione del modulo che consente di esercitare i diritti di protezione dei dati offerto e utilizzato da Hotel Saint Malo Elizabeth) .<\/p>\n<p>L&#039;Hotel Saint Malo Elizabeth ha precedentemente assicurato che i suoi fornitori di servizi abbiano implementato garanzie adeguate e che siano rispettate condizioni rigorose in materia di riservatezza, utilizzo e protezione dei dati. In particolare, la vigilanza si \u00e8 concentrata sull&#039;esistenza di una base giuridica per effettuare eventuali trasferimenti di dati verso un Paese terzo. Pertanto, uno dei nostri fornitori di servizi \u00e8 soggetto alle regole aziendali interne (o &quot;\u00a0<i>Norme aziendali vincolanti<\/i>\u00a0&quot;) che sono state approvate dalla CNIL nel 2016 mentre le altre obbediscono non solo alle clausole contrattuali standard ma anche al Privacy Shield.<\/p>\n<ul>\n<li><b>8. Reclamo all&#039;autorit\u00e0 competente<\/b><\/li>\n<\/ul>\n<p>Se ritieni che H\u00f4tel Saint Malo Elizabeth non rispetti i suoi obblighi in merito ai tuoi dati personali, puoi inviare un reclamo o una richiesta all&#039;autorit\u00e0 competente. In Francia, l&#039;autorit\u00e0 competente \u00e8 la CNIL alla quale \u00e8 possibile inviare una richiesta in formato elettronico cliccando sul seguente link:\u00a0<a href=\"https:\/\/www.cnil.fr\/fr\/plaintes\/internet\">https:\/\/www.cnil.fr\/fr\/plaintes\/internet<\/a>.<\/p>\n<ol>\n<li><b>GESTIONE DEI COOKIE<\/b><\/li>\n<\/ol>\n<p>Quando ti colleghi per la prima volta al sito dell&#039;H\u00f4tel Saint Malo Elizabeth, vieni avvisato, tramite un banner nella parte inferiore dello schermo, che informazioni relative alla tua navigazione potrebbero essere registrate in file chiamati &quot;cookie&quot;. La nostra politica di utilizzo dei cookie ti consente di comprendere meglio le disposizioni che implementiamo durante la navigazione nel nostro sito web. Ti informa in particolare su tutti i cookie presenti sul nostro sito, sul loro scopo (parte I.) e ti indica la procedura da seguire per configurarli (parte II.)<\/p>\n<ul>\n<li><b>1. Informazioni generali sui cookie presenti sul sito dell&#039;H\u00f4tel Saint Malo Elizabeth<\/b><\/li>\n<\/ul>\n<p>H\u00f4tel Saint Malo Elizabeth, in qualit\u00e0 di editore di questo sito web, pu\u00f2 installare un cookie sul disco rigido del tuo terminale (computer, tablet, cellulare, ecc.) per garantire una navigazione fluida e ottimale sul nostro sito web.<\/p>\n<p>I &quot;cookie&quot; sono piccoli file di testo di dimensioni limitate che ci consentono di riconoscere il tuo computer, tablet o cellulare per personalizzare i servizi che ti offriamo.<\/p>\n<p>Le informazioni raccolte tramite i cookie non ti identificano in alcun modo per nome. Vengono utilizzati esclusivamente per i nostri scopi al fine di migliorare l&#039;interattivit\u00e0 e le prestazioni del nostro sito Web e per inviarti contenuti personalizzati in base ai tuoi interessi. Nessuna di queste informazioni viene comunicata a terzi, tranne quando H\u00f4tel Saint Malo Elizabeth ha ottenuto il vostro previo consenso o quando la comunicazione di queste informazioni \u00e8 richiesta dalla legge, per ordine di un tribunale o di qualsiasi autorit\u00e0 amministrativa o giudiziaria autorizzata a prenderne conoscenza.<\/p>\n<p>Per meglio informarvi sulle informazioni identificate dai cookie, troverete di seguito una tabella che elenca i diversi tipi di cookie che potrebbero essere utilizzati sul sito dell&#039;Hotel Saint Malo Elizabeth, il loro nome, il loro scopo e la loro durata e conservazione.<\/p>\n<ul>\n<li><b>2. Configurazione delle preferenze sui cookie<\/b><\/li>\n<\/ul>\n<p>Puoi accettare o rifiutare il deposito dei cookie in qualsiasi momento<\/p>\n<p>Quando ti connetti per la prima volta al sito web dell&#039;H\u00f4tel Saint Malo Elizabeth, nella parte inferiore dello schermo apparir\u00e0 un banner che presenta brevemente le informazioni relative al deposito di cookie e tecnologie simili. Questo banner ti avverte che, proseguendo la navigazione sul sito dell&#039;H\u00f4tel Saint Malo Elizabeth (ad esempio caricando una nuova pagina o cliccando su vari elementi del sito), accetti la memorizzazione dei cookie sul tuo terminale. Si ritiene inoltre che tu abbia dato il tuo consenso al deposito dei cookie facendo clic sull&#039;icona &quot;X&quot; a destra del banner nella parte inferiore dello schermo.<\/p>\n<p>A seconda del tipo di cookie in questione, potrebbe essere imperativo ottenere il tuo consenso a depositare e leggere i cookie sul tuo terminale.<\/p>\n<ol>\n<li>Cookie esenti dal consenso<\/li>\n<\/ol>\n<p>In conformit\u00e0 con le raccomandazioni della Commissione Nazionale per l&#039;Informazione e le Libert\u00e0 (CNIL), alcuni cookie sono esenti dalla raccolta preventiva del tuo consenso nella misura in cui sono strettamente necessari per il funzionamento del sito web o hanno lo scopo esclusivo di consentire o facilitare la comunicazione tramite mezzi elettronici. Questi includono identificatore di sessione, autenticazione, cookie di sessione per il bilanciamento del carico nonch\u00e9 cookie per personalizzare l&#039;interfaccia. Questi cookie sono interamente soggetti a questa politica nella misura in cui sono emessi e gestiti da H\u00f4tel Saint Malo Elizabeth.<\/p>\n<ol>\n<li>Cookie che richiedono la raccolta preventiva del tuo consenso<\/li>\n<\/ol>\n<p>Questo requisito riguarda i cookie emessi da terze parti e che sono qualificati come \u201cpersistenti\u201d in quanto rimangono sul tuo terminale fino alla loro cancellazione o scadenza.<\/p>\n<p>Poich\u00e9 tali cookie sono emessi da terze parti, il loro utilizzo e deposito sono soggetti alle loro politiche di riservatezza, di cui troverai il link di seguito. Questa famiglia di cookie comprende i cookie di misurazione dell&#039;audience (in particolare Google Analytics), i cookie pubblicitari (che H\u00f4tel Saint Malo Elizabeth non utilizza) cos\u00ec come i cookie di condivisione sui social network (in particolare di Facebook, YouTube, Twitter e LinkedIn).<\/p>\n<p>I cookie di misurazione dell&#039;audience stabiliscono statistiche relative alla frequentazione e all&#039;utilizzo di vari elementi del sito web (come i contenuti\/le pagine che hai visitato). Questi dati contribuiscono a migliorare l&#039;ergonomia del sito web dell&#039;H\u00f4tel Saint Malo Elizabeth. Su questo sito web viene utilizzato uno strumento di misurazione dell&#039;audience:<\/p>\n<p>Google Analytics, di cui potete consultare la cookie policy cliccando sul seguente link:\u00a0<a href=\"https:\/\/policies.google.com\/technologies\/cookies?hl=fr%C2%A0%C2%A0\" target=\"_blank\" rel=\"noopener\">https:\/\/policies.google.com\/technologies\/cookies?hl=fr\u00a0\u00a0<\/a><\/p>\n<p>I cookie di condivisione dei social network sono emessi e gestiti dall&#039;editore del social network in questione. Previo vostro consenso, questi cookie vi permettono di condividere facilmente parte dei contenuti pubblicati sul sito dell&#039;H\u00f4tel Saint Malo Elizabeth, in particolare tramite un &quot;pulsante&quot; dell&#039;applicazione di condivisione a seconda della rete sociale interessata. Sul sito dell&#039;Hotel Saint Malo Elizabeth sono presenti quattro tipi di cookie di condivisione dei social network:<\/p>\n<p><b>Facebook<\/b>, la cui cookie policy potr\u00e0 consultare cliccando sul seguente link:\u00a0<a href=\"https:\/\/fr-fr.facebook.com\/policies\/cookies\/\">https:\/\/fr-fr.facebook.com\/policies\/cookies\/<\/a><\/p>\n<p><b>LinkedIn<\/b>, la cui cookie policy potr\u00e0 trovare cliccando sul seguente link:\u00a0<a href=\"https:\/\/www.linkedin.com\/legal\/cookie-policy?_l=fr_FR\">https:\/\/www.linkedin.com\/legal\/cookie-policy?_l=fr_FR<\/a><\/p>\n<p><b>Twitter<\/b>, di cui troverai le opzioni dedicate al controllo o alla limitazione dell&#039;uso dei cookie nonch\u00e9 la politica di utilizzo dei cookie:\u00a0<a href=\"https:\/\/support.twitter.com\/articles\/20170518\">https:\/\/support.twitter.com\/articles\/20170518#<\/a><\/p>\n<p><b>Youtube<\/b>, per il quale troverai l&#039;aiuto necessario per eliminare i cookie dal browser Google Chrome cliccando sul seguente link:\u00a0<a href=\"https:\/\/support.google.com\/youtube\/answer\/32050?hl=fr\">https:\/\/support.google.com\/youtube\/answer\/32050?hl=fr<\/a>\u00a0ma anche la cookie policy completa dal seguente link:\u00a0<a href=\"https:\/\/www.google.fr\/intl\/fr\/policies\/technologies\/cookies\/\">https:\/\/www.google.fr\/intl\/fr\/policies\/technologies\/cookies\/<\/a><\/p>\n<ul>\n<li><strong>Hai a disposizione diversi strumenti per l&#039;impostazione dei cookie.<\/strong><\/li>\n<\/ul>\n<p>La maggior parte dei browser Internet sono configurati per impostazione predefinita in modo da autorizzare il deposito dei cookie. Il vostro browser vi offre la possibilit\u00e0 di modificare queste impostazioni standard in modo che tutti i cookie vengano sistematicamente rifiutati o solo alcuni cookie vengano accettati o rifiutati a seconda del loro emittente.<\/p>\n<p>ATTENZIONE: Attiriamo la vostra attenzione sul fatto che rifiutare la memorizzazione dei cookie sul vostro terminale potrebbe tuttavia alterare la vostra esperienza di utente e l&#039;accesso a determinati servizi o funzionalit\u00e0 di questo sito web. Ove applicabile, l&#039;H\u00f4tel Saint Malo Elizabeth declina ogni responsabilit\u00e0 per le conseguenze legate al peggioramento delle condizioni di navigazione che si verificano a causa della vostra scelta di rifiutare, cancellare o bloccare i cookie necessari al funzionamento del sito. Queste conseguenze non possono costituire un danno e non potrai richiedere alcun risarcimento di conseguenza.<\/p>\n<p>Il tuo browser ti consente inoltre di eliminare i cookie esistenti sul tuo terminale o di avvisarti quando \u00e8 probabile che nuovi cookie vengano inseriti sul tuo terminale. Queste impostazioni non hanno alcun impatto sulla tua navigazione ma fanno perdere tutti i vantaggi forniti dai cookie.<\/p>\n<p>Ti preghiamo di prendere nota di seguito dei molteplici strumenti a tua disposizione per poter configurare i cookie inseriti sul tuo terminale.<\/p>","protected":false},"excerpt":{"rendered":"<p>DATI PERSONALI In generale, potete visitare il sito dell&#039;H\u00f4tel Saint Malo Elizabeth senza fornire alcuna informazione personale che vi riguardi. In ogni caso, non siete obbligati in alcun modo a trasmettere queste informazioni all&#039;Hotel Saint Malo Elizabeth, tuttavia, in caso di rifiuto, potreste non poter beneficiare di alcune informazioni o servizi che avete richiesto. Pertanto, l&#039;H\u00f4tel Saint Malo Elizabeth pu\u00f2, in alcuni casi, chiedervi di fornire il vostro nome, nome, indirizzo e-mail, numero di telefono, azienda e posizione (di seguito i vostri \u201cDati Personali\u201d). Fornendo queste informazioni, accettate espressamente che saranno trattate da H\u00f4tel Saint Malo Elizabeth, per le finalit\u00e0 indicate al punto 2 di seguito nonch\u00e9 per le finalit\u00e0 indicate alla fine di ciascun modulo. In conformit\u00e0 con il regolamento generale sulla protezione dei dati adottato dal Parlamento europeo il 14 aprile 2016 e la legge sulla protezione dei dati del 6 gennaio 1978 modificata, l&#039;H\u00f4tel Saint Malo Elizabeth vi informa dei seguenti punti: 1. Identit\u00e0 del responsabile del trattamento dei dati Titolare del trattamento \u00e8 la societ\u00e0 H\u00f4tel Web-Design 2. Finalit\u00e0 del trattamento H\u00f4tel Saint Malo Elizabeth [\u2026]<\/p>","protected":false},"author":2,"featured_media":0,"parent":0,"menu_order":0,"comment_status":"closed","ping_status":"closed","template":"","meta":{"footnotes":""},"class_list":["post-1048","page","type-page","status-publish","hentry"],"yoast_head":"<!-- This site is optimized with the Yoast SEO plugin v22.9 - https:\/\/yoast.com\/wordpress\/plugins\/seo\/ -->\n<title>Politique de confidentialit\u00e9 - H\u00f4tel Elizabeth Saint-Malo<\/title>\n<meta name=\"description\" content=\"H\u00f4tel \u00e0 Saint-Malo, h\u00e9bergement intra muros proche commerces. Chambres \u00e0 Saint Malo\" \/>\n<meta name=\"robots\" content=\"index, follow, max-snippet:-1, max-image-preview:large, max-video-preview:-1\" \/>\n<link rel=\"canonical\" href=\"https:\/\/saintmalo-hotel-elizabeth.com\/it\/politica-sulla-riservatezza\/\" \/>\n<meta property=\"og:locale\" content=\"it_IT\" \/>\n<meta property=\"og:type\" content=\"article\" \/>\n<meta property=\"og:title\" content=\"Politique de confidentialit\u00e9 - H\u00f4tel Elizabeth Saint-Malo\" \/>\n<meta property=\"og:description\" content=\"H\u00f4tel \u00e0 Saint-Malo, h\u00e9bergement intra muros proche commerces. Chambres \u00e0 Saint Malo\" \/>\n<meta property=\"og:url\" content=\"https:\/\/saintmalo-hotel-elizabeth.com\/it\/politica-sulla-riservatezza\/\" \/>\n<meta property=\"og:site_name\" content=\"H\u00f4tel Elizabeth Saint-Malo\" \/>\n<meta property=\"article:modified_time\" content=\"2018-07-26T02:06:31+00:00\" \/>\n<meta name=\"twitter:card\" content=\"summary_large_image\" \/>\n<meta name=\"twitter:label1\" content=\"Tempo di lettura stimato\" \/>\n\t<meta name=\"twitter:data1\" content=\"13 minuti\" \/>\n<script type=\"application\/ld+json\" class=\"yoast-schema-graph\">{\"@context\":\"https:\/\/schema.org\",\"@graph\":[{\"@type\":\"WebPage\",\"@id\":\"https:\/\/saintmalo-hotel-elizabeth.com\/politique-de-confidentialite\/\",\"url\":\"https:\/\/saintmalo-hotel-elizabeth.com\/politique-de-confidentialite\/\",\"name\":\"Politique de confidentialit\u00e9 - H\u00f4tel Elizabeth Saint-Malo\",\"isPartOf\":{\"@id\":\"https:\/\/saintmalo-hotel-elizabeth.com\/#website\"},\"datePublished\":\"2018-07-26T01:59:56+00:00\",\"dateModified\":\"2018-07-26T02:06:31+00:00\",\"description\":\"H\u00f4tel \u00e0 Saint-Malo, h\u00e9bergement intra muros proche commerces. Chambres \u00e0 Saint Malo\",\"breadcrumb\":{\"@id\":\"https:\/\/saintmalo-hotel-elizabeth.com\/politique-de-confidentialite\/#breadcrumb\"},\"inLanguage\":\"it-IT\",\"potentialAction\":[{\"@type\":\"ReadAction\",\"target\":[\"https:\/\/saintmalo-hotel-elizabeth.com\/politique-de-confidentialite\/\"]}]},{\"@type\":\"BreadcrumbList\",\"@id\":\"https:\/\/saintmalo-hotel-elizabeth.com\/politique-de-confidentialite\/#breadcrumb\",\"itemListElement\":[{\"@type\":\"ListItem\",\"position\":1,\"name\":\"Accueil\",\"item\":\"https:\/\/saintmalo-hotel-elizabeth.com\/\"},{\"@type\":\"ListItem\",\"position\":2,\"name\":\"Politique de confidentialit\u00e9\"}]},{\"@type\":\"WebSite\",\"@id\":\"https:\/\/saintmalo-hotel-elizabeth.com\/#website\",\"url\":\"https:\/\/saintmalo-hotel-elizabeth.com\/\",\"name\":\"H\u00f4tel Elizabeth Saint-Malo\",\"description\":\"H\u00f4tel centenaire au coeur de Saint-Malo, en bretagne\",\"potentialAction\":[{\"@type\":\"SearchAction\",\"target\":{\"@type\":\"EntryPoint\",\"urlTemplate\":\"https:\/\/saintmalo-hotel-elizabeth.com\/?s={search_term_string}\"},\"query-input\":\"required name=search_term_string\"}],\"inLanguage\":\"it-IT\"}]}<\/script>\n<!-- \/ Yoast SEO plugin. -->","yoast_head_json":{"title":"Politique de confidentialit\u00e9 - H\u00f4tel Elizabeth Saint-Malo","description":"H\u00f4tel \u00e0 Saint-Malo, h\u00e9bergement intra muros proche commerces. Chambres \u00e0 Saint Malo","robots":{"index":"index","follow":"follow","max-snippet":"max-snippet:-1","max-image-preview":"max-image-preview:large","max-video-preview":"max-video-preview:-1"},"canonical":"https:\/\/saintmalo-hotel-elizabeth.com\/it\/politica-sulla-riservatezza\/","og_locale":"it_IT","og_type":"article","og_title":"Politique de confidentialit\u00e9 - H\u00f4tel Elizabeth Saint-Malo","og_description":"H\u00f4tel \u00e0 Saint-Malo, h\u00e9bergement intra muros proche commerces. Chambres \u00e0 Saint Malo","og_url":"https:\/\/saintmalo-hotel-elizabeth.com\/it\/politica-sulla-riservatezza\/","og_site_name":"H\u00f4tel Elizabeth Saint-Malo","article_modified_time":"2018-07-26T02:06:31+00:00","twitter_card":"summary_large_image","twitter_misc":{"Tempo di lettura stimato":"13 minuti"},"schema":{"@context":"https:\/\/schema.org","@graph":[{"@type":"WebPage","@id":"https:\/\/saintmalo-hotel-elizabeth.com\/politique-de-confidentialite\/","url":"https:\/\/saintmalo-hotel-elizabeth.com\/politique-de-confidentialite\/","name":"Politique de confidentialit\u00e9 - H\u00f4tel Elizabeth Saint-Malo","isPartOf":{"@id":"https:\/\/saintmalo-hotel-elizabeth.com\/#website"},"datePublished":"2018-07-26T01:59:56+00:00","dateModified":"2018-07-26T02:06:31+00:00","description":"H\u00f4tel \u00e0 Saint-Malo, h\u00e9bergement intra muros proche commerces. Chambres \u00e0 Saint Malo","breadcrumb":{"@id":"https:\/\/saintmalo-hotel-elizabeth.com\/politique-de-confidentialite\/#breadcrumb"},"inLanguage":"it-IT","potentialAction":[{"@type":"ReadAction","target":["https:\/\/saintmalo-hotel-elizabeth.com\/politique-de-confidentialite\/"]}]},{"@type":"BreadcrumbList","@id":"https:\/\/saintmalo-hotel-elizabeth.com\/politique-de-confidentialite\/#breadcrumb","itemListElement":[{"@type":"ListItem","position":1,"name":"Accueil","item":"https:\/\/saintmalo-hotel-elizabeth.com\/"},{"@type":"ListItem","position":2,"name":"Politique de confidentialit\u00e9"}]},{"@type":"WebSite","@id":"https:\/\/saintmalo-hotel-elizabeth.com\/#website","url":"https:\/\/saintmalo-hotel-elizabeth.com\/","name":"H\u00f4tel Elizabeth Saint-Malo","description":"H\u00f4tel centenaire au coeur de Saint-Malo, en bretagne","potentialAction":[{"@type":"SearchAction","target":{"@type":"EntryPoint","urlTemplate":"https:\/\/saintmalo-hotel-elizabeth.com\/?s={search_term_string}"},"query-input":"required name=search_term_string"}],"inLanguage":"it-IT"}]}},"_links":{"self":[{"href":"https:\/\/saintmalo-hotel-elizabeth.com\/it\/wp-json\/wp\/v2\/pages\/1048","targetHints":{"allow":["GET"]}}],"collection":[{"href":"https:\/\/saintmalo-hotel-elizabeth.com\/it\/wp-json\/wp\/v2\/pages"}],"about":[{"href":"https:\/\/saintmalo-hotel-elizabeth.com\/it\/wp-json\/wp\/v2\/types\/page"}],"author":[{"embeddable":true,"href":"https:\/\/saintmalo-hotel-elizabeth.com\/it\/wp-json\/wp\/v2\/users\/2"}],"replies":[{"embeddable":true,"href":"https:\/\/saintmalo-hotel-elizabeth.com\/it\/wp-json\/wp\/v2\/comments?post=1048"}],"version-history":[{"count":0,"href":"https:\/\/saintmalo-hotel-elizabeth.com\/it\/wp-json\/wp\/v2\/pages\/1048\/revisions"}],"wp:attachment":[{"href":"https:\/\/saintmalo-hotel-elizabeth.com\/it\/wp-json\/wp\/v2\/media?parent=1048"}],"curies":[{"name":"wp","href":"https:\/\/api.w.org\/{rel}","templated":true}]}}