{"id":310,"date":"2013-12-23T10:45:13","date_gmt":"2013-12-23T10:45:13","guid":{"rendered":"http:\/\/localhost\/wpnation\/?page_id=310"},"modified":"2024-05-13T18:32:58","modified_gmt":"2024-05-13T16:32:58","slug":"saint-malo-tourisme","status":"publish","type":"page","link":"https:\/\/saintmalo-hotel-elizabeth.com\/it\/turismo-a-saint-malo\/","title":{"rendered":"Storia e turismo di Saint-Malo"},"content":{"rendered":"<div class=\"wpb-content-wrapper\"><div data-vc-full-width=\"true\" data-vc-full-width-init=\"false\" data-vc-stretch-content=\"true\" class=\"vc_row wpb_row vc_row-fluid parallaxit vc_custom_1715617976581 vc_row-has-fill vc_row-no-padding\"><div class=\"wpb_column vc_column_container vc_col-sm-12\"><div class=\"vc_column-inner\"><div class=\"wpb_wrapper\">\n\t<div class=\"wpb_text_column wpb_content_element\" >\n\t\t<div class=\"wpb_wrapper\">\n\t\t\t<h1><\/h1>\n<p>&nbsp;<\/p>\n<h1 style=\"text-align: center;\"><span style=\"color: #ffffff;\">SAN MALO<\/span><\/h1>\n\n\t\t<\/div>\n\t<\/div>\n<\/div><\/div><\/div><\/div><div class=\"vc_row-full-width vc_clearfix\"><\/div><div class=\"vc_row wpb_row vc_row-fluid vc_custom_1494519365357 vc_column-gap-3\"><div class=\"wpb_column vc_column_container vc_col-sm-12\"><div class=\"vc_column-inner\"><div class=\"wpb_wrapper\">\n\t<div class=\"wpb_text_column wpb_content_element\" >\n\t\t<div class=\"wpb_wrapper\">\n\t\t\t<h2> Storia e attivit\u00e0 a Saint-Malo\u00a0<\/h2>\n<p>Alle porte della Bretagna, aperta sulla manica, <strong>San Mal\u00f2<\/strong> \u00e8 la principale citt\u00e0 portuale sulla costa della Bretagna settentrionale. Questa citt\u00e0, fortificata nel corso dei secoli, fu originariamente costruita su un&#039;isola con una base rocciosa. Un maremoto, intorno all&#039;VIII secolo, l&#039;avrebbe attaccata alla terraferma, trasformando l&#039;isola in una penisola.<\/p>\n<h3> Cosa fare a Saint-Malo\u00a0<\/h3>\n<p><img loading=\"lazy\" decoding=\"async\" class=\"wp-image-1415 size-medium alignleft\" src=\"https:\/\/saintmalo-hotel-elizabeth.com\/wp-content\/uploads\/2024\/05\/Saint-Malo-hotel-elizabeth-ameliegraphie-HD-013-200x300.jpg\" alt=\"\" width=\"200\" height=\"300\" srcset=\"https:\/\/saintmalo-hotel-elizabeth.com\/wp-content\/uploads\/2024\/05\/Saint-Malo-hotel-elizabeth-ameliegraphie-HD-013-200x300.jpg 200w, https:\/\/saintmalo-hotel-elizabeth.com\/wp-content\/uploads\/2024\/05\/Saint-Malo-hotel-elizabeth-ameliegraphie-HD-013-683x1024.jpg 683w, https:\/\/saintmalo-hotel-elizabeth.com\/wp-content\/uploads\/2024\/05\/Saint-Malo-hotel-elizabeth-ameliegraphie-HD-013-768x1152.jpg 768w, https:\/\/saintmalo-hotel-elizabeth.com\/wp-content\/uploads\/2024\/05\/Saint-Malo-hotel-elizabeth-ameliegraphie-HD-013-1024x1536.jpg 1024w, https:\/\/saintmalo-hotel-elizabeth.com\/wp-content\/uploads\/2024\/05\/Saint-Malo-hotel-elizabeth-ameliegraphie-HD-013-1366x2048.jpg 1366w, https:\/\/saintmalo-hotel-elizabeth.com\/wp-content\/uploads\/2024\/05\/Saint-Malo-hotel-elizabeth-ameliegraphie-HD-013-8x12.jpg 8w, https:\/\/saintmalo-hotel-elizabeth.com\/wp-content\/uploads\/2024\/05\/Saint-Malo-hotel-elizabeth-ameliegraphie-HD-013.jpg 1667w\" sizes=\"auto, (max-width: 200px) 100vw, 200px\" \/>Il modo migliore per scoprire la citt\u00e0 \u00e8 sicuramente camminare! Preferisci una visita atipica e su misura? Alcune aziende, come \u201c\u00a0<a href=\"https:\/\/www.facebook.com\/leschevauxdelamer\" target=\"_blank\" rel=\"noopener noreferrer\">cavallucci marini<\/a>\u201c, offrono gite in carrozza nei dintorni.<\/p>\n<p>Estendendosi solo pochi chilometri quadrati, Saint-Malo \u00e8 ricca di resti storici. Scopri i bastioni che dominano la citt\u00e0, offrendo una vista sulle navi al molo. Una passeggiata sui bastioni \u00e8 il modo migliore per immergersi nel tumulto discreto della vita intramurale. Pur conservando un aspetto medievale, questi bastioni furono in realt\u00e0 costruiti in gran parte dopo la Seconda Guerra Mondiale!<\/p>\n\n\t\t<\/div>\n\t<\/div>\n<\/div><\/div><\/div><\/div><div data-vc-full-width=\"true\" data-vc-full-width-init=\"false\" data-vc-stretch-content=\"true\" class=\"vc_row wpb_row vc_row-fluid parallaxit vc_custom_1678366573204 vc_row-has-fill vc_row-no-padding\"><div class=\"wpb_column vc_column_container vc_col-sm-12\"><div class=\"vc_column-inner vc_custom_1559896356025\"><div class=\"wpb_wrapper\">\n\t<div class=\"wpb_text_column wpb_content_element  vc_custom_1559896173426\" >\n\t\t<div class=\"wpb_wrapper\">\n\t\t\t<h1><\/h1>\n<h1 style=\"text-align: center;\"><span style=\"color: #ffffff;\">TURISMO<\/span><\/h1>\n\n\t\t<\/div>\n\t<\/div>\n<\/div><\/div><\/div><\/div><div class=\"vc_row-full-width vc_clearfix\"><\/div><div class=\"vc_row wpb_row vc_row-fluid vc_custom_1494519365357 vc_column-gap-3\"><div class=\"wpb_column vc_column_container vc_col-sm-12\"><div class=\"vc_column-inner\"><div class=\"wpb_wrapper\">\n\t<div class=\"wpb_text_column wpb_content_element\" >\n\t\t<div class=\"wpb_wrapper\">\n\t\t\t<p><img loading=\"lazy\" decoding=\"async\" class=\"wp-image-1486 size-medium alignleft\" src=\"https:\/\/saintmalo-hotel-elizabeth.com\/wp-content\/uploads\/2024\/05\/ameliegraphie-025-saint-malo-BD-300x169.jpg\" alt=\"\" width=\"300\" height=\"169\" srcset=\"https:\/\/saintmalo-hotel-elizabeth.com\/wp-content\/uploads\/2024\/05\/ameliegraphie-025-saint-malo-BD-300x169.jpg 300w, https:\/\/saintmalo-hotel-elizabeth.com\/wp-content\/uploads\/2024\/05\/ameliegraphie-025-saint-malo-BD-1024x576.jpg 1024w, https:\/\/saintmalo-hotel-elizabeth.com\/wp-content\/uploads\/2024\/05\/ameliegraphie-025-saint-malo-BD-768x432.jpg 768w, https:\/\/saintmalo-hotel-elizabeth.com\/wp-content\/uploads\/2024\/05\/ameliegraphie-025-saint-malo-BD-1536x864.jpg 1536w, https:\/\/saintmalo-hotel-elizabeth.com\/wp-content\/uploads\/2024\/05\/ameliegraphie-025-saint-malo-BD-18x10.jpg 18w, https:\/\/saintmalo-hotel-elizabeth.com\/wp-content\/uploads\/2024\/05\/ameliegraphie-025-saint-malo-BD.jpg 2000w\" sizes=\"auto, (max-width: 300px) 100vw, 300px\" \/><\/p>\n<p>Saint-Malo non sarebbe quello che \u00e8 senza le sue maree impressionanti. Con la bassa marea, le spiagge sabbiose rivelano tutta la loro estensione e consentono l&#039;accesso al Fort National e al Fort du Petit B\u00e9. Durante l&#039;alta marea, le onde colpiscono i bastioni con uno schianto spettacolare, regalando le famose foto da cartolina.<\/p>\n<p>Vuoi continuare il tuo percorso alla scoperta della costa? Mont Saint-Michel \u00e8 a meno di un&#039;ora di distanza!<\/p>\n\n\t\t<\/div>\n\t<\/div>\n\n\t<div class=\"wpb_text_column wpb_content_element\" >\n\t\t<div class=\"wpb_wrapper\">\n\t\t\t<p><img loading=\"lazy\" decoding=\"async\" class=\"wp-image-1148 size-medium alignright\" src=\"https:\/\/saintmalo-hotel-elizabeth.com\/wp-content\/uploads\/2023\/03\/4mqayq5dajy-300x225.jpg\" alt=\"formazione rocciosa marrone vicino allo specchio d&#039;acqua sotto il cielo nuvoloso blu e bianco durante il giorno\" width=\"300\" height=\"225\" srcset=\"https:\/\/saintmalo-hotel-elizabeth.com\/wp-content\/uploads\/2023\/03\/4mqayq5dajy-300x225.jpg 300w, https:\/\/saintmalo-hotel-elizabeth.com\/wp-content\/uploads\/2023\/03\/4mqayq5dajy-1024x768.jpg 1024w, https:\/\/saintmalo-hotel-elizabeth.com\/wp-content\/uploads\/2023\/03\/4mqayq5dajy-768x576.jpg 768w, https:\/\/saintmalo-hotel-elizabeth.com\/wp-content\/uploads\/2023\/03\/4mqayq5dajy-1536x1152.jpg 1536w, https:\/\/saintmalo-hotel-elizabeth.com\/wp-content\/uploads\/2023\/03\/4mqayq5dajy.jpg 1600w\" sizes=\"auto, (max-width: 300px) 100vw, 300px\" \/><\/p>\n<p>Hai la voglia di mare e vuoi scoprire la citt\u00e0 dall&#039;acqua? Imbarcati a bordo di vecchi rig vintage per un viaggio indimenticabile. Il supporto \u00e8 completo, non sono necessari prerequisiti. Uscite al tramonto, per un pomeriggio o per l&#039;intera giornata. Il regalo ideale per una coppia o un piccolo gruppo in vacanza a Saint-Malo.<\/p>\n<p>Incontro il <a href=\"https:\/\/www.etoile-marine.com\/\">Stella della Marina<\/a>\u00a0per maggiori informazioni<\/p>\n\n\t\t<\/div>\n\t<\/div>\n<\/div><\/div><\/div><\/div>\n<\/div>","protected":false},"excerpt":{"rendered":"&nbsp; SAINT MALO Storia e attivit\u00e0 a Saint-Malo Alle porte della Bretagna, aperte sul Canale della Manica, Saint-Malo \u00e8 la principale citt\u00e0 portuale della costa settentrionale della Bretagna. Questa citt\u00e0, fortificata nel corso dei secoli, fu originariamente costruita su un&#039;isola con una base rocciosa. Un maremoto, intorno all&#039;VIII secolo, l&#039;avrebbe attaccata alla terraferma, trasformando l&#039;isola in una penisola. Cosa fare a Saint-Malo Il modo migliore per scoprire la citt\u00e0 \u00e8 sicuramente camminare! Preferisci una visita atipica e su misura? Alcune aziende, come \u201cleshorses of the sea\u201d, offrono gite in carrozza nei dintorni. Estendendosi solo pochi chilometri quadrati, Saint-Malo \u00e8 ricca di resti storici. Scopri i bastioni che dominano la citt\u00e0, offrendo una vista sulle navi al molo. Una passeggiata sui bastioni \u00e8 il modo migliore per immergersi nel tumulto discreto della vita intramurale. Pur conservando un aspetto medievale, questi bastioni furono in realt\u00e0 costruiti in gran parte dopo la Seconda Guerra Mondiale! TURISMO Saint-Malo non sarebbe quello che \u00e8 senza le sue maree impressionanti. Con la bassa marea, le spiagge sabbiose rivelano tutta la loro estensione e consentono l&#039;accesso al Fort National e al Fort du Petit B\u00e9. Con l\u2019alta marea, [\u2026]","protected":false},"author":2,"featured_media":0,"parent":0,"menu_order":0,"comment_status":"open","ping_status":"open","template":"page-fullwidth.php","meta":{"footnotes":""},"class_list":["post-310","page","type-page","status-publish","hentry"],"yoast_head":"<!-- This site is optimized with the Yoast SEO plugin v22.9 - https:\/\/yoast.com\/wordpress\/plugins\/seo\/ -->\n<title>Saint-Malo Histoire &amp; Tourisme - H\u00f4tel Elizabeth Saint-Malo<\/title>\n<meta name=\"description\" content=\"Infos touristiques sur Saint-Malo et les environs. Concernant votre h\u00f4tel, chambres et h\u00e9bergement s&#039;adresser directement \u00e0 nous via le formulaire.\" \/>\n<meta name=\"robots\" content=\"index, follow, max-snippet:-1, max-image-preview:large, max-video-preview:-1\" \/>\n<link rel=\"canonical\" href=\"https:\/\/saintmalo-hotel-elizabeth.com\/it\/turismo-a-saint-malo\/\" \/>\n<meta property=\"og:locale\" content=\"it_IT\" \/>\n<meta property=\"og:type\" content=\"article\" \/>\n<meta property=\"og:title\" content=\"Saint-Malo Histoire &amp; Tourisme - H\u00f4tel Elizabeth Saint-Malo\" \/>\n<meta property=\"og:description\" content=\"Infos touristiques sur Saint-Malo et les environs. Concernant votre h\u00f4tel, chambres et h\u00e9bergement s&#039;adresser directement \u00e0 nous via le formulaire.\" \/>\n<meta property=\"og:url\" content=\"https:\/\/saintmalo-hotel-elizabeth.com\/it\/turismo-a-saint-malo\/\" \/>\n<meta property=\"og:site_name\" content=\"H\u00f4tel Elizabeth Saint-Malo\" \/>\n<meta property=\"article:modified_time\" content=\"2024-05-13T16:32:58+00:00\" \/>\n<meta property=\"og:image\" content=\"https:\/\/saintmalo-hotel-elizabeth.com\/wp-content\/uploads\/2024\/05\/Saint-Malo-hotel-elizabeth-ameliegraphie-HD-013-200x300.jpg\" \/>\n<meta name=\"twitter:card\" content=\"summary_large_image\" \/>\n<meta name=\"twitter:label1\" content=\"Tempo di lettura stimato\" \/>\n\t<meta name=\"twitter:data1\" content=\"3 minuti\" \/>\n<script type=\"application\/ld+json\" class=\"yoast-schema-graph\">{\"@context\":\"https:\/\/schema.org\",\"@graph\":[{\"@type\":\"WebPage\",\"@id\":\"https:\/\/saintmalo-hotel-elizabeth.com\/saint-malo-tourisme\/\",\"url\":\"https:\/\/saintmalo-hotel-elizabeth.com\/saint-malo-tourisme\/\",\"name\":\"Saint-Malo Histoire & Tourisme - H\u00f4tel Elizabeth Saint-Malo\",\"isPartOf\":{\"@id\":\"https:\/\/saintmalo-hotel-elizabeth.com\/#website\"},\"primaryImageOfPage\":{\"@id\":\"https:\/\/saintmalo-hotel-elizabeth.com\/saint-malo-tourisme\/#primaryimage\"},\"image\":{\"@id\":\"https:\/\/saintmalo-hotel-elizabeth.com\/saint-malo-tourisme\/#primaryimage\"},\"thumbnailUrl\":\"https:\/\/saintmalo-hotel-elizabeth.com\/wp-content\/uploads\/2024\/05\/Saint-Malo-hotel-elizabeth-ameliegraphie-HD-013-200x300.jpg\",\"datePublished\":\"2013-12-23T10:45:13+00:00\",\"dateModified\":\"2024-05-13T16:32:58+00:00\",\"description\":\"Infos touristiques sur Saint-Malo et les environs. Concernant votre h\u00f4tel, chambres et h\u00e9bergement s'adresser directement \u00e0 nous via le formulaire.\",\"breadcrumb\":{\"@id\":\"https:\/\/saintmalo-hotel-elizabeth.com\/saint-malo-tourisme\/#breadcrumb\"},\"inLanguage\":\"it-IT\",\"potentialAction\":[{\"@type\":\"ReadAction\",\"target\":[\"https:\/\/saintmalo-hotel-elizabeth.com\/saint-malo-tourisme\/\"]}]},{\"@type\":\"ImageObject\",\"inLanguage\":\"it-IT\",\"@id\":\"https:\/\/saintmalo-hotel-elizabeth.com\/saint-malo-tourisme\/#primaryimage\",\"url\":\"https:\/\/saintmalo-hotel-elizabeth.com\/wp-content\/uploads\/2024\/05\/Saint-Malo-hotel-elizabeth-ameliegraphie-HD-013-200x300.jpg\",\"contentUrl\":\"https:\/\/saintmalo-hotel-elizabeth.com\/wp-content\/uploads\/2024\/05\/Saint-Malo-hotel-elizabeth-ameliegraphie-HD-013-200x300.jpg\"},{\"@type\":\"BreadcrumbList\",\"@id\":\"https:\/\/saintmalo-hotel-elizabeth.com\/saint-malo-tourisme\/#breadcrumb\",\"itemListElement\":[{\"@type\":\"ListItem\",\"position\":1,\"name\":\"Accueil\",\"item\":\"https:\/\/saintmalo-hotel-elizabeth.com\/\"},{\"@type\":\"ListItem\",\"position\":2,\"name\":\"Saint-Malo Histoire &#038; Tourisme\"}]},{\"@type\":\"WebSite\",\"@id\":\"https:\/\/saintmalo-hotel-elizabeth.com\/#website\",\"url\":\"https:\/\/saintmalo-hotel-elizabeth.com\/\",\"name\":\"H\u00f4tel Elizabeth Saint-Malo\",\"description\":\"H\u00f4tel centenaire au coeur de Saint-Malo, en bretagne\",\"potentialAction\":[{\"@type\":\"SearchAction\",\"target\":{\"@type\":\"EntryPoint\",\"urlTemplate\":\"https:\/\/saintmalo-hotel-elizabeth.com\/?s={search_term_string}\"},\"query-input\":\"required name=search_term_string\"}],\"inLanguage\":\"it-IT\"}]}<\/script>\n<!-- \/ Yoast SEO plugin. -->","yoast_head_json":{"title":"Saint-Malo Histoire & Tourisme - H\u00f4tel Elizabeth Saint-Malo","description":"Infos touristiques sur Saint-Malo et les environs. Concernant votre h\u00f4tel, chambres et h\u00e9bergement s'adresser directement \u00e0 nous via le formulaire.","robots":{"index":"index","follow":"follow","max-snippet":"max-snippet:-1","max-image-preview":"max-image-preview:large","max-video-preview":"max-video-preview:-1"},"canonical":"https:\/\/saintmalo-hotel-elizabeth.com\/it\/turismo-a-saint-malo\/","og_locale":"it_IT","og_type":"article","og_title":"Saint-Malo Histoire & Tourisme - H\u00f4tel Elizabeth Saint-Malo","og_description":"Infos touristiques sur Saint-Malo et les environs. Concernant votre h\u00f4tel, chambres et h\u00e9bergement s'adresser directement \u00e0 nous via le formulaire.","og_url":"https:\/\/saintmalo-hotel-elizabeth.com\/it\/turismo-a-saint-malo\/","og_site_name":"H\u00f4tel Elizabeth Saint-Malo","article_modified_time":"2024-05-13T16:32:58+00:00","og_image":[{"url":"https:\/\/saintmalo-hotel-elizabeth.com\/wp-content\/uploads\/2024\/05\/Saint-Malo-hotel-elizabeth-ameliegraphie-HD-013-200x300.jpg"}],"twitter_card":"summary_large_image","twitter_misc":{"Tempo di lettura stimato":"3 minuti"},"schema":{"@context":"https:\/\/schema.org","@graph":[{"@type":"WebPage","@id":"https:\/\/saintmalo-hotel-elizabeth.com\/saint-malo-tourisme\/","url":"https:\/\/saintmalo-hotel-elizabeth.com\/saint-malo-tourisme\/","name":"Saint-Malo Histoire & Tourisme - H\u00f4tel Elizabeth Saint-Malo","isPartOf":{"@id":"https:\/\/saintmalo-hotel-elizabeth.com\/#website"},"primaryImageOfPage":{"@id":"https:\/\/saintmalo-hotel-elizabeth.com\/saint-malo-tourisme\/#primaryimage"},"image":{"@id":"https:\/\/saintmalo-hotel-elizabeth.com\/saint-malo-tourisme\/#primaryimage"},"thumbnailUrl":"https:\/\/saintmalo-hotel-elizabeth.com\/wp-content\/uploads\/2024\/05\/Saint-Malo-hotel-elizabeth-ameliegraphie-HD-013-200x300.jpg","datePublished":"2013-12-23T10:45:13+00:00","dateModified":"2024-05-13T16:32:58+00:00","description":"Infos touristiques sur Saint-Malo et les environs. Concernant votre h\u00f4tel, chambres et h\u00e9bergement s'adresser directement \u00e0 nous via le formulaire.","breadcrumb":{"@id":"https:\/\/saintmalo-hotel-elizabeth.com\/saint-malo-tourisme\/#breadcrumb"},"inLanguage":"it-IT","potentialAction":[{"@type":"ReadAction","target":["https:\/\/saintmalo-hotel-elizabeth.com\/saint-malo-tourisme\/"]}]},{"@type":"ImageObject","inLanguage":"it-IT","@id":"https:\/\/saintmalo-hotel-elizabeth.com\/saint-malo-tourisme\/#primaryimage","url":"https:\/\/saintmalo-hotel-elizabeth.com\/wp-content\/uploads\/2024\/05\/Saint-Malo-hotel-elizabeth-ameliegraphie-HD-013-200x300.jpg","contentUrl":"https:\/\/saintmalo-hotel-elizabeth.com\/wp-content\/uploads\/2024\/05\/Saint-Malo-hotel-elizabeth-ameliegraphie-HD-013-200x300.jpg"},{"@type":"BreadcrumbList","@id":"https:\/\/saintmalo-hotel-elizabeth.com\/saint-malo-tourisme\/#breadcrumb","itemListElement":[{"@type":"ListItem","position":1,"name":"Accueil","item":"https:\/\/saintmalo-hotel-elizabeth.com\/"},{"@type":"ListItem","position":2,"name":"Saint-Malo Histoire &#038; Tourisme"}]},{"@type":"WebSite","@id":"https:\/\/saintmalo-hotel-elizabeth.com\/#website","url":"https:\/\/saintmalo-hotel-elizabeth.com\/","name":"H\u00f4tel Elizabeth Saint-Malo","description":"H\u00f4tel centenaire au coeur de Saint-Malo, en bretagne","potentialAction":[{"@type":"SearchAction","target":{"@type":"EntryPoint","urlTemplate":"https:\/\/saintmalo-hotel-elizabeth.com\/?s={search_term_string}"},"query-input":"required name=search_term_string"}],"inLanguage":"it-IT"}]}},"_links":{"self":[{"href":"https:\/\/saintmalo-hotel-elizabeth.com\/it\/wp-json\/wp\/v2\/pages\/310","targetHints":{"allow":["GET"]}}],"collection":[{"href":"https:\/\/saintmalo-hotel-elizabeth.com\/it\/wp-json\/wp\/v2\/pages"}],"about":[{"href":"https:\/\/saintmalo-hotel-elizabeth.com\/it\/wp-json\/wp\/v2\/types\/page"}],"author":[{"embeddable":true,"href":"https:\/\/saintmalo-hotel-elizabeth.com\/it\/wp-json\/wp\/v2\/users\/2"}],"replies":[{"embeddable":true,"href":"https:\/\/saintmalo-hotel-elizabeth.com\/it\/wp-json\/wp\/v2\/comments?post=310"}],"version-history":[{"count":0,"href":"https:\/\/saintmalo-hotel-elizabeth.com\/it\/wp-json\/wp\/v2\/pages\/310\/revisions"}],"wp:attachment":[{"href":"https:\/\/saintmalo-hotel-elizabeth.com\/it\/wp-json\/wp\/v2\/media?parent=310"}],"curies":[{"name":"wp","href":"https:\/\/api.w.org\/{rel}","templated":true}]}}