{"id":523,"date":"2014-02-06T12:43:59","date_gmt":"2014-02-06T12:43:59","guid":{"rendered":"http:\/\/raybreaker-theme.com\/wpnationimp\/?page_id=2"},"modified":"2026-02-19T16:52:08","modified_gmt":"2026-02-19T15:52:08","slug":"mentions-legales","status":"publish","type":"page","link":"https:\/\/saintmalo-hotel-elizabeth.com\/it\/avviso-legale\/","title":{"rendered":"Avviso legale"},"content":{"rendered":"<div class=\"wpb-content-wrapper\"><div class=\"vc_row wpb_row vc_row-fluid\"><div class=\"wpb_column vc_column_container vc_col-sm-12\"><div class=\"vc_column-inner\"><div class=\"wpb_wrapper\">\n\t<div class=\"wpb_text_column wpb_content_element\" >\n\t\t<div class=\"wpb_wrapper\">\n\t\t\t<p>CGV<\/p>\n<p>Clausola 1 \u2013 Disponibilit\u00e0 ed errore tecnico<\/p>\n<p>Clausola di disponibilit\u00e0<\/p>\n<p>Le prenotazioni sono effettuate con riserva di effettiva disponibilit\u00e0 delle camere.<br \/>\nIn caso di errore tecnico, malfunzionamento del sistema di prenotazione o doppia assegnazione indipendente dalla volont\u00e0 della struttura, l\u2019hotel si riserva la possibilit\u00e0 di annullare la prenotazione interessata.<br \/>\nIn tale ipotesi, il cliente sar\u00e0 integralmente rimborsato delle somme versate senza che possa essere richiesta alcuna indennit\u00e0 supplementare.<\/p>\n<p>Clausola 2 \u2013 Modifica eccezionale da parte della struttura<\/p>\n<p>In caso di circostanze eccezionali che incidano sull\u2019organizzazione della struttura (grave incidente tecnico, chiusura amministrativa, impossibilit\u00e0 di esercizio), l\u2019hotel potr\u00e0 proporre una modifica o l\u2019annullamento della prenotazione.<br \/>\nIl cliente potr\u00e0 quindi scegliere tra il rimborso integrale o una soluzione alternativa proposta dall\u2019hotel.<\/p>\n<p>Clausola 3 \u2013 Tariffe eccezionali eventi maggiori<\/p>\n<p>Durante i periodi di eventi maggiori (festival, competizioni nautiche, manifestazioni internazionali), le tariffe possono essere soggette a convalida definitiva da parte della struttura entro 72 ore dalla prenotazione.<br \/>\nIn mancanza di conferma espressa, la prenotazione potr\u00e0 essere annullata senza spese per il cliente.<\/p>\n<div class=\"yj6qo\">\n<\/div>\n<p>In applicazione del Codice Francese della Propriet\u00e0 Intellettuale (copyright), la riproduzione per un uso diverso da quello privato, la vendita, la diffusione, la pubblicazione, l\u2019adattamento o la comunicazione, parziali o integrali, dei dati (presentazione, organizzazione del sito, foto, testi e illustrazioni protetti dal diritto d\u2019autore) sono strettamente soggetti all\u2019autorizzazione scritta e preventiva dei titolari dei diritti, di fatto il webmaster del sito internet: info @ hotel-webdesign.com<\/p>\n<p>Creazione del sito:<\/p>\n<p><a href=\"https:\/\/hotel-webdesign.com\/\">Web design alberghiero<\/a><\/p>\n<p><a href=\"https:\/\/www.france-webdesign.com\/\">Creazione di siti per PMI e artigiani<\/a><\/p>\n<p>Accedendo a questo sito, si viene informati che l&#039;uso di Internet richiede il rispetto di una serie di normative relative in particolare al diritto d&#039;autore e alla legge sulla protezione dei dati.<br \/>\nSARL JOLINE e Hotel web design non possono assumersi alcuna responsabilit\u00e0 a causa di errori o omissioni, l&#039;editore si riserva inoltre il diritto di modificare e aggiornare i dati sul sito in qualsiasi momento.<\/p>\n<p><b><strong>Denominazione della societ\u00e0 operativa:<\/strong><\/b>SARL JOLINE<b><br \/>\n<strong>E-mail :<\/strong> <\/b>contact@saintmalo-hotel-elizabeth.com<b><br \/>\n<strong>Telefono :<\/strong> <\/b>+33 2 99 56 24 98<b><br \/>\n<\/b><b><strong>Numero Siret: <\/strong><\/b>49782338500016<b><br \/>\n<\/b><b>Capitale sociale:\u00a0<\/b>15000\u20ac<\/p>\n<p><b><br \/>\n<strong>COMPUTER E LIBERT\u00c0<br \/>\n<\/strong><\/b>Qualsiasi utente che abbia fornito direttamente o indirettamente informazioni nominative dispone di un diritto di accesso e di rettifica ai sensi della legge n. 7817 del 01\/06\/78 (Informatique et Libert\u00e9s) presso l&#039;amministratore del sito.<\/p>\n<p>&nbsp;<\/p>\n<p><b>Collegamenti ipertestuali<br \/>\n<\/b>I siti esterni a SARL JOLINE che hanno un collegamento ipertestuale con questo sito non sono sotto il controllo di SARL JOLINE, che declina pertanto ogni responsabilit\u00e0 per il loro contenuto. L&#039;utente \u00e8 l&#039;unico responsabile del loro utilizzo.<\/p>\n<p>&nbsp;<\/p>\n<p><strong>Responsabile della pubblicazione<\/strong>:<br \/>\nSARL JOLINE<\/p>\n<p>&nbsp;<\/p>\n<p><strong>Ospite<\/strong>:<br \/>\nOVH \u2013 2 rue Kellermann BP 80157<br \/>\n59100 Roubaix<br \/>\nTelefono: 1007<\/p>\n<p><a href=\"https:\/\/hotel-webdesign.com\">Realizzazione sito web alberghiero<\/a> | <a href=\"https:\/\/hotel-webdesign.com\">Web design alberghiero <\/a> | <a href=\"https:\/\/france-webdesign.com\/\">Francia Web Design<\/a> | <a href=\"https:\/\/www.wordpress-maintenance.org\/\">Manutenzione WordPress<\/a> | <a href=\"https:\/\/www.referencement-annuaire.fr\/\">SEO aziendale<\/a><\/p>\n\n\t\t<\/div>\n\t<\/div>\n<\/div><\/div><\/div><\/div>\n<\/div>","protected":false},"excerpt":{"rendered":"CGV Clausola 1 \u2013 Disponibilit\u00e0 ed errore tecnico Clausola di disponibilit\u00e0 Le prenotazioni sono effettuate con riserva di effettiva disponibilit\u00e0 delle camere. In caso di errore tecnico, di malfunzionamento del sistema di prenotazione o di doppia assegnazione indipendente dalla volont\u00e0 della struttura, l\u2019hotel si riserva la possibilit\u00e0 di annullare la prenotazione interessata. In tale ipotesi, il cliente sar\u00e0 integralmente rimborsato delle somme versate senza che possa essere richiesta alcuna indennit\u00e0 complementare. Clausola 2 \u2013 Modifica eccezionale da parte della struttura In caso di circostanze eccezionali che incidano sull\u2019organizzazione della struttura (grave incidente tecnico, chiusura amministrativa, impossibilit\u00e0 di esercizio), l\u2019hotel potr\u00e0 proporre una modifica o l\u2019annullamento della prenotazione. Il cliente potr\u00e0 allora scegliere tra il rimborso integrale o una soluzione alternativa proposta dall\u2019hotel. Clausola 3 \u2013 Tariffe eccezionali eventi maggiori Durante i periodi di eventi maggiori (festival, competizioni nautiche, manifestazioni internazionali), le tariffe possono essere soggette a convalida definitiva da parte della struttura entro 72 ore dalla prenotazione. In mancanza di conferma espressa, la prenotazione potr\u00e0 essere annullata senza spese per il cliente. In applicazione del Codice Francese della Propriet\u00e0 Intellettuale (copyright), la riproduzione per un uso diverso da quello privato, la vendita, la diffusione, la pubblicazione, l\u2019adattamento o la comunicazione, parziali o [...]","protected":false},"author":2,"featured_media":0,"parent":0,"menu_order":0,"comment_status":"closed","ping_status":"closed","template":"","meta":{"footnotes":""},"class_list":["post-523","page","type-page","status-publish","hentry"],"yoast_head":"<!-- This site is optimized with the Yoast SEO plugin v22.9 - https:\/\/yoast.com\/wordpress\/plugins\/seo\/ -->\n<title>Mentions legales - H\u00f4tel Elizabeth Saint-Malo<\/title>\n<meta name=\"description\" content=\"H\u00f4tel \u00e0 Saint-Malo, h\u00e9bergement intra muros proche commerces. Chambres \u00e0 Saint Malo\" \/>\n<meta name=\"robots\" content=\"index, follow, max-snippet:-1, max-image-preview:large, max-video-preview:-1\" \/>\n<link rel=\"canonical\" href=\"https:\/\/saintmalo-hotel-elizabeth.com\/it\/avviso-legale\/\" \/>\n<meta property=\"og:locale\" content=\"it_IT\" \/>\n<meta property=\"og:type\" content=\"article\" \/>\n<meta property=\"og:title\" content=\"Mentions legales - H\u00f4tel Elizabeth Saint-Malo\" \/>\n<meta property=\"og:description\" content=\"H\u00f4tel \u00e0 Saint-Malo, h\u00e9bergement intra muros proche commerces. Chambres \u00e0 Saint Malo\" \/>\n<meta property=\"og:url\" content=\"https:\/\/saintmalo-hotel-elizabeth.com\/it\/avviso-legale\/\" \/>\n<meta property=\"og:site_name\" content=\"H\u00f4tel Elizabeth Saint-Malo\" \/>\n<meta property=\"article:modified_time\" content=\"2026-02-19T15:52:08+00:00\" \/>\n<meta name=\"twitter:card\" content=\"summary_large_image\" \/>\n<meta name=\"twitter:label1\" content=\"Tempo di lettura stimato\" \/>\n\t<meta name=\"twitter:data1\" content=\"3 minuti\" \/>\n<script type=\"application\/ld+json\" class=\"yoast-schema-graph\">{\"@context\":\"https:\/\/schema.org\",\"@graph\":[{\"@type\":\"WebPage\",\"@id\":\"https:\/\/saintmalo-hotel-elizabeth.com\/mentions-legales\/\",\"url\":\"https:\/\/saintmalo-hotel-elizabeth.com\/mentions-legales\/\",\"name\":\"Mentions legales - H\u00f4tel Elizabeth Saint-Malo\",\"isPartOf\":{\"@id\":\"https:\/\/saintmalo-hotel-elizabeth.com\/#website\"},\"datePublished\":\"2014-02-06T12:43:59+00:00\",\"dateModified\":\"2026-02-19T15:52:08+00:00\",\"description\":\"H\u00f4tel \u00e0 Saint-Malo, h\u00e9bergement intra muros proche commerces. Chambres \u00e0 Saint Malo\",\"breadcrumb\":{\"@id\":\"https:\/\/saintmalo-hotel-elizabeth.com\/mentions-legales\/#breadcrumb\"},\"inLanguage\":\"it-IT\",\"potentialAction\":[{\"@type\":\"ReadAction\",\"target\":[\"https:\/\/saintmalo-hotel-elizabeth.com\/mentions-legales\/\"]}]},{\"@type\":\"BreadcrumbList\",\"@id\":\"https:\/\/saintmalo-hotel-elizabeth.com\/mentions-legales\/#breadcrumb\",\"itemListElement\":[{\"@type\":\"ListItem\",\"position\":1,\"name\":\"Accueil\",\"item\":\"https:\/\/saintmalo-hotel-elizabeth.com\/\"},{\"@type\":\"ListItem\",\"position\":2,\"name\":\"Mentions legales\"}]},{\"@type\":\"WebSite\",\"@id\":\"https:\/\/saintmalo-hotel-elizabeth.com\/#website\",\"url\":\"https:\/\/saintmalo-hotel-elizabeth.com\/\",\"name\":\"H\u00f4tel Elizabeth Saint-Malo\",\"description\":\"H\u00f4tel centenaire au coeur de Saint-Malo, en bretagne\",\"potentialAction\":[{\"@type\":\"SearchAction\",\"target\":{\"@type\":\"EntryPoint\",\"urlTemplate\":\"https:\/\/saintmalo-hotel-elizabeth.com\/?s={search_term_string}\"},\"query-input\":\"required name=search_term_string\"}],\"inLanguage\":\"it-IT\"}]}<\/script>\n<!-- \/ Yoast SEO plugin. -->","yoast_head_json":{"title":"Mentions legales - H\u00f4tel Elizabeth Saint-Malo","description":"H\u00f4tel \u00e0 Saint-Malo, h\u00e9bergement intra muros proche commerces. Chambres \u00e0 Saint Malo","robots":{"index":"index","follow":"follow","max-snippet":"max-snippet:-1","max-image-preview":"max-image-preview:large","max-video-preview":"max-video-preview:-1"},"canonical":"https:\/\/saintmalo-hotel-elizabeth.com\/it\/avviso-legale\/","og_locale":"it_IT","og_type":"article","og_title":"Mentions legales - H\u00f4tel Elizabeth Saint-Malo","og_description":"H\u00f4tel \u00e0 Saint-Malo, h\u00e9bergement intra muros proche commerces. Chambres \u00e0 Saint Malo","og_url":"https:\/\/saintmalo-hotel-elizabeth.com\/it\/avviso-legale\/","og_site_name":"H\u00f4tel Elizabeth Saint-Malo","article_modified_time":"2026-02-19T15:52:08+00:00","twitter_card":"summary_large_image","twitter_misc":{"Tempo di lettura stimato":"3 minuti"},"schema":{"@context":"https:\/\/schema.org","@graph":[{"@type":"WebPage","@id":"https:\/\/saintmalo-hotel-elizabeth.com\/mentions-legales\/","url":"https:\/\/saintmalo-hotel-elizabeth.com\/mentions-legales\/","name":"Mentions legales - H\u00f4tel Elizabeth Saint-Malo","isPartOf":{"@id":"https:\/\/saintmalo-hotel-elizabeth.com\/#website"},"datePublished":"2014-02-06T12:43:59+00:00","dateModified":"2026-02-19T15:52:08+00:00","description":"H\u00f4tel \u00e0 Saint-Malo, h\u00e9bergement intra muros proche commerces. Chambres \u00e0 Saint Malo","breadcrumb":{"@id":"https:\/\/saintmalo-hotel-elizabeth.com\/mentions-legales\/#breadcrumb"},"inLanguage":"it-IT","potentialAction":[{"@type":"ReadAction","target":["https:\/\/saintmalo-hotel-elizabeth.com\/mentions-legales\/"]}]},{"@type":"BreadcrumbList","@id":"https:\/\/saintmalo-hotel-elizabeth.com\/mentions-legales\/#breadcrumb","itemListElement":[{"@type":"ListItem","position":1,"name":"Accueil","item":"https:\/\/saintmalo-hotel-elizabeth.com\/"},{"@type":"ListItem","position":2,"name":"Mentions legales"}]},{"@type":"WebSite","@id":"https:\/\/saintmalo-hotel-elizabeth.com\/#website","url":"https:\/\/saintmalo-hotel-elizabeth.com\/","name":"H\u00f4tel Elizabeth Saint-Malo","description":"H\u00f4tel centenaire au coeur de Saint-Malo, en bretagne","potentialAction":[{"@type":"SearchAction","target":{"@type":"EntryPoint","urlTemplate":"https:\/\/saintmalo-hotel-elizabeth.com\/?s={search_term_string}"},"query-input":"required name=search_term_string"}],"inLanguage":"it-IT"}]}},"_links":{"self":[{"href":"https:\/\/saintmalo-hotel-elizabeth.com\/it\/wp-json\/wp\/v2\/pages\/523","targetHints":{"allow":["GET"]}}],"collection":[{"href":"https:\/\/saintmalo-hotel-elizabeth.com\/it\/wp-json\/wp\/v2\/pages"}],"about":[{"href":"https:\/\/saintmalo-hotel-elizabeth.com\/it\/wp-json\/wp\/v2\/types\/page"}],"author":[{"embeddable":true,"href":"https:\/\/saintmalo-hotel-elizabeth.com\/it\/wp-json\/wp\/v2\/users\/2"}],"replies":[{"embeddable":true,"href":"https:\/\/saintmalo-hotel-elizabeth.com\/it\/wp-json\/wp\/v2\/comments?post=523"}],"version-history":[{"count":0,"href":"https:\/\/saintmalo-hotel-elizabeth.com\/it\/wp-json\/wp\/v2\/pages\/523\/revisions"}],"wp:attachment":[{"href":"https:\/\/saintmalo-hotel-elizabeth.com\/it\/wp-json\/wp\/v2\/media?parent=523"}],"curies":[{"name":"wp","href":"https:\/\/api.w.org\/{rel}","templated":true}]}}