{"id":857,"date":"2017-05-15T12:22:41","date_gmt":"2017-05-15T10:22:41","guid":{"rendered":"http:\/\/elizabeth.hotel-webdesign.com\/?page_id=857"},"modified":"2024-06-03T15:47:14","modified_gmt":"2024-06-03T13:47:14","slug":"les-armateurs-saint-malo","status":"publish","type":"page","link":"https:\/\/saintmalo-hotel-elizabeth.com\/it\/armatori-di-saint-malo\/","title":{"rendered":"Edificio \u201cLes Armateurs\u201d."},"content":{"rendered":"<div class=\"wpb-content-wrapper\"><div data-vc-full-width=\"true\" data-vc-full-width-init=\"false\" data-vc-stretch-content=\"true\" class=\"vc_row wpb_row vc_row-fluid parallaxit vc_custom_1715683169036 vc_row-has-fill vc_row-no-padding\"><div class=\"wpb_column vc_column_container vc_col-sm-12\"><div class=\"vc_column-inner\"><div class=\"wpb_wrapper\">\n\t<div class=\"wpb_text_column wpb_content_element\" >\n\t\t<div class=\"wpb_wrapper\">\n\t\t\t<h1 style=\"text-align: center;\"><\/h1>\n<h1 style=\"text-align: center;\"><span style=\"color: #ffffff;\">ARMATORI DI NAVI<\/span><\/h1>\n\n\t\t<\/div>\n\t<\/div>\n<\/div><\/div><\/div><\/div><div class=\"vc_row-full-width vc_clearfix\"><\/div><div class=\"vc_row wpb_row vc_row-fluid vc_column-gap-3\"><div class=\"wpb_column vc_column_container vc_col-sm-6\"><div class=\"vc_column-inner\"><div class=\"wpb_wrapper\">\n\t<div class=\"wpb_text_column wpb_content_element\" >\n\t\t<div class=\"wpb_wrapper\">\n\t\t\t\n\t\t\t<!-- START Armateurs REVOLUTION SLIDER 6.6.15 --><p class=\"rs-p-wp-fix\"><\/p>\n\t\t\t<rs-module-wrap id=\"rev_slider_7_1_wrapper\" data-source=\"gallery\" style=\"visibility:hidden;background:transparent;padding:0;margin:0px auto;margin-top:0;margin-bottom:0;\">\n\t\t\t\t<rs-module id=\"rev_slider_7_1\" style=\"\" data-version=\"6.6.15\">\n\t\t\t\t\t<rs-slides style=\"overflow: hidden; position: absolute;\">\n\t\t\t\t\t\t<rs-slide style=\"position: absolute;\" data-key=\"rs-27\" data-title=\"Slide\" data-thumb=\"\/\/saintmalo-hotel-elizabeth.com\/wp-content\/uploads\/2024\/05\/Saint-Malo-hotel-elizabeth-ameliegraphie-HD-005-100x50.jpg\" data-anim=\"adpr:false;\" data-in=\"o:0;\" data-out=\"a:false;\">\n\t\t\t\t\t\t\t<img decoding=\"async\" src=\"\/\/saintmalo-hotel-elizabeth.com\/wp-content\/plugins\/revslider\/public\/assets\/assets\/dummy.png\" alt=\"\" title=\"Saint Malo hotel-elizabeth-ameliegraphie-HD-005\" width=\"2500\" height=\"1667\" class=\"rev-slidebg tp-rs-img rs-lazyload\" data-lazyload=\"\/\/saintmalo-hotel-elizabeth.com\/wp-content\/uploads\/2024\/05\/Saint-Malo-hotel-elizabeth-ameliegraphie-HD-005.jpg\" data-no-retina>\n<!---->\t\t\t\t\t\t<\/rs-slide>\n\t\t\t\t\t\t<rs-slide style=\"position: absolute;\" data-key=\"rs-29\" data-title=\"Slide\" data-thumb=\"\/\/saintmalo-hotel-elizabeth.com\/wp-content\/uploads\/2024\/05\/Saint-Malo-hotel-elizabeth-ameliegraphie-HD-011-100x50.jpg\" data-anim=\"adpr:false;\" data-in=\"o:0;\" data-out=\"a:false;\">\n\t\t\t\t\t\t\t<img decoding=\"async\" src=\"\/\/saintmalo-hotel-elizabeth.com\/wp-content\/plugins\/revslider\/public\/assets\/assets\/dummy.png\" alt=\"\" title=\"Saint Malo hotel-elizabeth-ameliegraphie-HD-011\" width=\"2500\" height=\"1667\" class=\"rev-slidebg tp-rs-img rs-lazyload\" data-lazyload=\"\/\/saintmalo-hotel-elizabeth.com\/wp-content\/uploads\/2024\/05\/Saint-Malo-hotel-elizabeth-ameliegraphie-HD-011.jpg\" data-no-retina>\n<!---->\t\t\t\t\t\t<\/rs-slide>\n\t\t\t\t\t\t<rs-slide style=\"position: absolute;\" data-key=\"rs-51\" data-title=\"Slide\" data-thumb=\"\/\/saintmalo-hotel-elizabeth.com\/wp-content\/uploads\/2024\/05\/Saint-Malo-hotel-elizabeth-ameliegraphie-HD-047-100x50.jpg\" data-anim=\"adpr:false;\" data-in=\"o:0;\" data-out=\"a:false;\">\n\t\t\t\t\t\t\t<img decoding=\"async\" src=\"\/\/saintmalo-hotel-elizabeth.com\/wp-content\/plugins\/revslider\/public\/assets\/assets\/dummy.png\" alt=\"\" title=\"Saint Malo hotel-elizabeth-ameliegraphie-HD-047\" width=\"2500\" height=\"1667\" class=\"rev-slidebg tp-rs-img rs-lazyload\" data-lazyload=\"\/\/saintmalo-hotel-elizabeth.com\/wp-content\/uploads\/2024\/05\/Saint-Malo-hotel-elizabeth-ameliegraphie-HD-047.jpg\" data-no-retina>\n<!---->\t\t\t\t\t\t<\/rs-slide>\n\t\t\t\t\t\t<rs-slide style=\"position: absolute;\" data-key=\"rs-52\" data-title=\"Slide\" data-thumb=\"\/\/saintmalo-hotel-elizabeth.com\/wp-content\/uploads\/2024\/05\/Saint-Malo-hotel-elizabeth-ameliegraphie-HD-014-100x50.jpg\" data-anim=\"adpr:false;\" data-in=\"o:0;\" data-out=\"a:false;\">\n\t\t\t\t\t\t\t<img decoding=\"async\" src=\"\/\/saintmalo-hotel-elizabeth.com\/wp-content\/plugins\/revslider\/public\/assets\/assets\/dummy.png\" alt=\"\" title=\"Saint Malo hotel-elizabeth-ameliegraphie-HD-014\" width=\"2500\" height=\"1667\" class=\"rev-slidebg tp-rs-img rs-lazyload\" data-lazyload=\"\/\/saintmalo-hotel-elizabeth.com\/wp-content\/uploads\/2024\/05\/Saint-Malo-hotel-elizabeth-ameliegraphie-HD-014.jpg\" data-no-retina>\n<!---->\t\t\t\t\t\t<\/rs-slide>\n\t\t\t\t\t\t<rs-slide style=\"position: absolute;\" data-key=\"rs-31\" data-title=\"Slide\" data-thumb=\"\/\/saintmalo-hotel-elizabeth.com\/wp-content\/uploads\/2024\/05\/Saint-Malo-hotel-elizabeth-ameliegraphie-HD-078-100x50.jpg\" data-anim=\"adpr:false;\" data-in=\"o:0;\" data-out=\"a:false;\">\n\t\t\t\t\t\t\t<img decoding=\"async\" src=\"\/\/saintmalo-hotel-elizabeth.com\/wp-content\/plugins\/revslider\/public\/assets\/assets\/dummy.png\" alt=\"\" title=\"Saint Malo hotel-elizabeth-ameliegraphie-HD-078\" width=\"2500\" height=\"1667\" class=\"rev-slidebg tp-rs-img rs-lazyload\" data-lazyload=\"\/\/saintmalo-hotel-elizabeth.com\/wp-content\/uploads\/2024\/05\/Saint-Malo-hotel-elizabeth-ameliegraphie-HD-078.jpg\" data-no-retina>\n<!---->\t\t\t\t\t\t<\/rs-slide>\n\t\t\t\t\t\t<rs-slide style=\"position: absolute;\" data-key=\"rs-32\" data-title=\"Slide\" data-thumb=\"\/\/saintmalo-hotel-elizabeth.com\/wp-content\/uploads\/2024\/05\/Saint-Malo-hotel-elizabeth-ameliegraphie-HD-002-100x50.jpg\" data-anim=\"adpr:false;\" data-in=\"o:0;\" data-out=\"a:false;\">\n\t\t\t\t\t\t\t<img decoding=\"async\" src=\"\/\/saintmalo-hotel-elizabeth.com\/wp-content\/plugins\/revslider\/public\/assets\/assets\/dummy.png\" alt=\"\" title=\"Saint Malo hotel-elizabeth-ameliegraphie-HD-002\" width=\"2500\" height=\"1667\" class=\"rev-slidebg tp-rs-img rs-lazyload\" data-lazyload=\"\/\/saintmalo-hotel-elizabeth.com\/wp-content\/uploads\/2024\/05\/Saint-Malo-hotel-elizabeth-ameliegraphie-HD-002.jpg\" data-no-retina>\n<!---->\t\t\t\t\t\t<\/rs-slide>\n\t\t\t\t\t\t<rs-slide style=\"position: absolute;\" data-key=\"rs-53\" data-title=\"Slide\" data-thumb=\"\/\/saintmalo-hotel-elizabeth.com\/wp-content\/uploads\/2024\/05\/Saint-Malo-hotel-elizabeth-ameliegraphie-HD-020-100x50.jpg\" data-anim=\"adpr:false;\" data-in=\"o:0;\" data-out=\"a:false;\">\n\t\t\t\t\t\t\t<img decoding=\"async\" src=\"\/\/saintmalo-hotel-elizabeth.com\/wp-content\/plugins\/revslider\/public\/assets\/assets\/dummy.png\" alt=\"\" title=\"Saint Malo hotel-elizabeth-ameliegraphie-HD-020\" width=\"2500\" height=\"1667\" class=\"rev-slidebg tp-rs-img rs-lazyload\" data-lazyload=\"\/\/saintmalo-hotel-elizabeth.com\/wp-content\/uploads\/2024\/05\/Saint-Malo-hotel-elizabeth-ameliegraphie-HD-020.jpg\" data-no-retina>\n<!---->\t\t\t\t\t\t<\/rs-slide>\n\t\t\t\t\t\t<rs-slide style=\"position: absolute;\" data-key=\"rs-54\" data-title=\"Slide\" data-thumb=\"\/\/saintmalo-hotel-elizabeth.com\/wp-content\/uploads\/2024\/05\/Saint-Malo-hotel-elizabeth-ameliegraphie-HD-015-100x50.jpg\" data-anim=\"adpr:false;\" data-in=\"o:0;\" data-out=\"a:false;\">\n\t\t\t\t\t\t\t<img decoding=\"async\" src=\"\/\/saintmalo-hotel-elizabeth.com\/wp-content\/plugins\/revslider\/public\/assets\/assets\/dummy.png\" alt=\"\" title=\"Saint Malo hotel-elizabeth-ameliegraphie-HD-015\" width=\"2500\" height=\"1667\" class=\"rev-slidebg tp-rs-img rs-lazyload\" data-lazyload=\"\/\/saintmalo-hotel-elizabeth.com\/wp-content\/uploads\/2024\/05\/Saint-Malo-hotel-elizabeth-ameliegraphie-HD-015.jpg\" data-no-retina>\n<!---->\t\t\t\t\t\t<\/rs-slide>\n\t\t\t\t\t\t<rs-slide style=\"position: absolute;\" data-key=\"rs-30\" data-title=\"Slide\" data-thumb=\"\/\/saintmalo-hotel-elizabeth.com\/wp-content\/uploads\/2024\/05\/Saint-Malo-hotel-elizabeth-ameliegraphie-HD-083-100x50.jpg\" data-anim=\"adpr:false;\" data-in=\"o:0;\" data-out=\"a:false;\">\n\t\t\t\t\t\t\t<img decoding=\"async\" src=\"\/\/saintmalo-hotel-elizabeth.com\/wp-content\/plugins\/revslider\/public\/assets\/assets\/dummy.png\" alt=\"\" title=\"Saint Malo hotel-elizabeth-ameliegraphie-HD-083\" width=\"2500\" height=\"1667\" class=\"rev-slidebg tp-rs-img rs-lazyload\" data-lazyload=\"\/\/saintmalo-hotel-elizabeth.com\/wp-content\/uploads\/2024\/05\/Saint-Malo-hotel-elizabeth-ameliegraphie-HD-083.jpg\" data-no-retina>\n<!---->\t\t\t\t\t\t<\/rs-slide>\n\t\t\t\t\t\t<rs-slide style=\"position: absolute;\" data-key=\"rs-41\" data-title=\"Slide\" data-thumb=\"\/\/saintmalo-hotel-elizabeth.com\/wp-content\/uploads\/2024\/05\/Saint-Malo-hotel-elizabeth-ameliegraphie-HD-074-100x50.jpg\" data-anim=\"adpr:false;\" data-in=\"o:0;\" data-out=\"a:false;\">\n\t\t\t\t\t\t\t<img decoding=\"async\" src=\"\/\/saintmalo-hotel-elizabeth.com\/wp-content\/plugins\/revslider\/public\/assets\/assets\/dummy.png\" alt=\"\" title=\"Saint Malo hotel-elizabeth-ameliegraphie-HD-074\" width=\"2500\" height=\"1667\" class=\"rev-slidebg tp-rs-img rs-lazyload\" data-lazyload=\"\/\/saintmalo-hotel-elizabeth.com\/wp-content\/uploads\/2024\/05\/Saint-Malo-hotel-elizabeth-ameliegraphie-HD-074.jpg\" data-no-retina>\n<!---->\t\t\t\t\t\t<\/rs-slide>\n\t\t\t\t\t<\/rs-slides>\n\t\t\t\t<\/rs-module>\n\t\t\t\t<script>\n\t\t\t\t\tsetREVStartSize({c: 'rev_slider_7_1',rl:[1240,1024,1024,1024],el:[800,800,800,800],gw:[800,800,800,800],gh:[800,800,800,800],type:'standard',justify:'',layout:'fullwidth',mh:\"0\"});if (window.RS_MODULES!==undefined && window.RS_MODULES.modules!==undefined && window.RS_MODULES.modules[\"revslider71\"]!==undefined) {window.RS_MODULES.modules[\"revslider71\"].once = false;window.revapi7 = undefined;if (window.RS_MODULES.checkMinimal!==undefined) window.RS_MODULES.checkMinimal()}\n\t\t\t\t<\/script>\n\t\t\t<\/rs-module-wrap>\n\t\t\t<!-- END REVOLUTION SLIDER -->\n\n\n\t\t<\/div>\n\t<\/div>\n<\/div><\/div><\/div><div class=\"wpb_column vc_column_container vc_col-sm-6 vc_col-has-fill\"><div class=\"vc_column-inner vc_custom_1494843102678\"><div class=\"wpb_wrapper\">\n\t<div class=\"wpb_text_column wpb_content_element\" >\n\t\t<div class=\"wpb_wrapper\">\n\t\t\t<h2> Edificio \u201cLES ARMATEURS\u201d.\u00a0<\/h2>\n<p>Lasciatevi coinvolgere da un edificio del XVII secolo, il pi\u00f9 antico di Saint-Malo. Le nostre 10 confortevoli camere sono decorate nello stile dell'epoca dei \"Messieurs de Saint-Malo\".<\/p>\n<p>Sono a vostra disposizione diverse categorie di camere: doppie o matrimoniali (tutte con bagno), ascensore, televisore a schermo piatto, satellite, accesso Wi-Fi, vassoio di benvenuto (t\u00e8, caff\u00e8, ecc.).<\/p>\n<p>Bevande disponibili alla reception: acqua, succhi di frutta, vino, champagne ecc\u2026 (a pagamento).<\/p>\n<p>Alcune hanno un letto aggiunto e possono essere trasformate in camere triple.<\/p>\n<p><strong>Superfici della stanza e dimensioni dei letti<\/strong><u><\/u><u><\/u><\/p>\n<p>- 5 doppie \"Superior\" con bagno e WC separato: 20 m\u00b2 letto 160 x 200<br \/>\n- 4 triple \"Superior\" con bagno e WC separato: 22 m\u00b2 letto 160 x 200 + 1 letto 90 x190<br \/>\n- 1 tripla \"Superior\" con bagno e WC separato: 22 m\u00b2 letto 180 x 200<\/p>\n\n\t\t<\/div>\n\t<\/div>\n<div class=\"vc_row wpb_row vc_inner vc_row-fluid\"><div class=\"wpb_column vc_column_container vc_col-sm-12\"><div class=\"vc_column-inner\"><div class=\"wpb_wrapper\"><div class=\"vc_btn3-container vc_btn3-left\" ><a class=\"vc_general vc_btn3 vc_btn3-size-lg vc_btn3-shape-rounded vc_btn3-style-3d vc_btn3-icon-left vc_btn3-color-grey\" href=\"https:\/\/secure.reservit.com\/fo\/booking\/2\/13126?specialMode=default&#038;langcode=FR&#038;partid=0&#038;custid=2&#038;hotelid=13126&#038;m=booking\" title=\"\" target=\"_blank\" rel=\"nofollow\"><i class=\"vc_btn3-icon far fa-calendar-alt\"><\/i> PRENOTARE<\/a><\/div><\/div><\/div><\/div><\/div><\/div><\/div><\/div><\/div>\n<\/div>","protected":false},"excerpt":{"rendered":"Edificio LES ARMATEURS \u201cLES ARMATEURS\u201d Lasciatevi trasportare in un edificio del XVII secolo, uno degli edifici pi\u00f9 antichi di Saint-Malo. Le nostre 10 confortevoli camere sono arredate nello stile dell&#039;epoca dei \u201cGentiluomini di Saint-Malo\u201d. Sono a vostra disposizione diverse categorie di camere: doppie o matrimoniali (tutte con bagno), ascensore, televisore a schermo piatto, satellite, accesso Wi-Fi, vassoio di benvenuto (t\u00e8, caff\u00e8, ecc.). Bevande disponibili alla reception: acqua, succhi di frutta, vino, champagne ecc... (a pagamento). Alcune hanno un letto aggiunto e possono essere trasformate in camere triple. Superfici delle camere e dimensioni dei letti - 5 doppie &quot;Superior&quot; con bagno e WC separati: 20 m\u00b2 letto 160 x 200 - 4 triple &quot;Superior&quot; con bagno e WC separati: 22 m\u00b2 letto 160 x 200 + 1 letto 90 x 190 - 1 Doppia &quot;Superior&quot; con bagno e WC separati: 22 m\u00b2 letto 180 x 200 PRENOTA CAMERE","protected":false},"author":2,"featured_media":0,"parent":0,"menu_order":0,"comment_status":"closed","ping_status":"closed","template":"page-fullwidth.php","meta":{"footnotes":""},"class_list":["post-857","page","type-page","status-publish","hentry"],"yoast_head":"<!-- This site is optimized with the Yoast SEO plugin v22.9 - https:\/\/yoast.com\/wordpress\/plugins\/seo\/ -->\n<title>B\u00e2timent &quot;Les Armateurs&quot; - H\u00f4tel Elizabeth Saint-Malo<\/title>\n<meta name=\"description\" content=\"Notre h\u00f4tel \u00e0 Saint-Malo est compos\u00e9 de deux b\u00e2timents, dont LES ARMATEURS, d&#039;\u00e9poque, d\u00e9cor\u00e9 avec style. Notre h\u00e9bergement se trouve au centre ville\" \/>\n<meta name=\"robots\" content=\"index, follow, max-snippet:-1, max-image-preview:large, max-video-preview:-1\" \/>\n<link rel=\"canonical\" href=\"https:\/\/saintmalo-hotel-elizabeth.com\/it\/armatori-di-saint-malo\/\" \/>\n<meta property=\"og:locale\" content=\"it_IT\" \/>\n<meta property=\"og:type\" content=\"article\" \/>\n<meta property=\"og:title\" content=\"B\u00e2timent &quot;Les Armateurs&quot; - H\u00f4tel Elizabeth Saint-Malo\" \/>\n<meta property=\"og:description\" content=\"Notre h\u00f4tel \u00e0 Saint-Malo est compos\u00e9 de deux b\u00e2timents, dont LES ARMATEURS, d&#039;\u00e9poque, d\u00e9cor\u00e9 avec style. Notre h\u00e9bergement se trouve au centre ville\" \/>\n<meta property=\"og:url\" content=\"https:\/\/saintmalo-hotel-elizabeth.com\/it\/armatori-di-saint-malo\/\" \/>\n<meta property=\"og:site_name\" content=\"H\u00f4tel Elizabeth Saint-Malo\" \/>\n<meta property=\"article:modified_time\" content=\"2024-06-03T13:47:14+00:00\" \/>\n<meta name=\"twitter:card\" content=\"summary_large_image\" \/>\n<meta name=\"twitter:label1\" content=\"Tempo di lettura stimato\" \/>\n\t<meta name=\"twitter:data1\" content=\"1 minuto\" \/>\n<script type=\"application\/ld+json\" class=\"yoast-schema-graph\">{\"@context\":\"https:\/\/schema.org\",\"@graph\":[{\"@type\":\"WebPage\",\"@id\":\"https:\/\/saintmalo-hotel-elizabeth.com\/les-armateurs-saint-malo\/\",\"url\":\"https:\/\/saintmalo-hotel-elizabeth.com\/les-armateurs-saint-malo\/\",\"name\":\"B\u00e2timent \\\"Les Armateurs\\\" - H\u00f4tel Elizabeth Saint-Malo\",\"isPartOf\":{\"@id\":\"https:\/\/saintmalo-hotel-elizabeth.com\/#website\"},\"datePublished\":\"2017-05-15T10:22:41+00:00\",\"dateModified\":\"2024-06-03T13:47:14+00:00\",\"description\":\"Notre h\u00f4tel \u00e0 Saint-Malo est compos\u00e9 de deux b\u00e2timents, dont LES ARMATEURS, d'\u00e9poque, d\u00e9cor\u00e9 avec style. Notre h\u00e9bergement se trouve au centre ville\",\"breadcrumb\":{\"@id\":\"https:\/\/saintmalo-hotel-elizabeth.com\/les-armateurs-saint-malo\/#breadcrumb\"},\"inLanguage\":\"it-IT\",\"potentialAction\":[{\"@type\":\"ReadAction\",\"target\":[\"https:\/\/saintmalo-hotel-elizabeth.com\/les-armateurs-saint-malo\/\"]}]},{\"@type\":\"BreadcrumbList\",\"@id\":\"https:\/\/saintmalo-hotel-elizabeth.com\/les-armateurs-saint-malo\/#breadcrumb\",\"itemListElement\":[{\"@type\":\"ListItem\",\"position\":1,\"name\":\"Accueil\",\"item\":\"https:\/\/saintmalo-hotel-elizabeth.com\/\"},{\"@type\":\"ListItem\",\"position\":2,\"name\":\"B\u00e2timent \u00ab\u00a0Les Armateurs\u00a0\u00bb\"}]},{\"@type\":\"WebSite\",\"@id\":\"https:\/\/saintmalo-hotel-elizabeth.com\/#website\",\"url\":\"https:\/\/saintmalo-hotel-elizabeth.com\/\",\"name\":\"H\u00f4tel Elizabeth Saint-Malo\",\"description\":\"H\u00f4tel centenaire au coeur de Saint-Malo, en bretagne\",\"potentialAction\":[{\"@type\":\"SearchAction\",\"target\":{\"@type\":\"EntryPoint\",\"urlTemplate\":\"https:\/\/saintmalo-hotel-elizabeth.com\/?s={search_term_string}\"},\"query-input\":\"required name=search_term_string\"}],\"inLanguage\":\"it-IT\"}]}<\/script>\n<!-- \/ Yoast SEO plugin. -->","yoast_head_json":{"title":"B\u00e2timent \"Les Armateurs\" - H\u00f4tel Elizabeth Saint-Malo","description":"Notre h\u00f4tel \u00e0 Saint-Malo est compos\u00e9 de deux b\u00e2timents, dont LES ARMATEURS, d'\u00e9poque, d\u00e9cor\u00e9 avec style. Notre h\u00e9bergement se trouve au centre ville","robots":{"index":"index","follow":"follow","max-snippet":"max-snippet:-1","max-image-preview":"max-image-preview:large","max-video-preview":"max-video-preview:-1"},"canonical":"https:\/\/saintmalo-hotel-elizabeth.com\/it\/armatori-di-saint-malo\/","og_locale":"it_IT","og_type":"article","og_title":"B\u00e2timent \"Les Armateurs\" - H\u00f4tel Elizabeth Saint-Malo","og_description":"Notre h\u00f4tel \u00e0 Saint-Malo est compos\u00e9 de deux b\u00e2timents, dont LES ARMATEURS, d'\u00e9poque, d\u00e9cor\u00e9 avec style. Notre h\u00e9bergement se trouve au centre ville","og_url":"https:\/\/saintmalo-hotel-elizabeth.com\/it\/armatori-di-saint-malo\/","og_site_name":"H\u00f4tel Elizabeth Saint-Malo","article_modified_time":"2024-06-03T13:47:14+00:00","twitter_card":"summary_large_image","twitter_misc":{"Tempo di lettura stimato":"1 minuto"},"schema":{"@context":"https:\/\/schema.org","@graph":[{"@type":"WebPage","@id":"https:\/\/saintmalo-hotel-elizabeth.com\/les-armateurs-saint-malo\/","url":"https:\/\/saintmalo-hotel-elizabeth.com\/les-armateurs-saint-malo\/","name":"B\u00e2timent \"Les Armateurs\" - H\u00f4tel Elizabeth Saint-Malo","isPartOf":{"@id":"https:\/\/saintmalo-hotel-elizabeth.com\/#website"},"datePublished":"2017-05-15T10:22:41+00:00","dateModified":"2024-06-03T13:47:14+00:00","description":"Notre h\u00f4tel \u00e0 Saint-Malo est compos\u00e9 de deux b\u00e2timents, dont LES ARMATEURS, d'\u00e9poque, d\u00e9cor\u00e9 avec style. Notre h\u00e9bergement se trouve au centre ville","breadcrumb":{"@id":"https:\/\/saintmalo-hotel-elizabeth.com\/les-armateurs-saint-malo\/#breadcrumb"},"inLanguage":"it-IT","potentialAction":[{"@type":"ReadAction","target":["https:\/\/saintmalo-hotel-elizabeth.com\/les-armateurs-saint-malo\/"]}]},{"@type":"BreadcrumbList","@id":"https:\/\/saintmalo-hotel-elizabeth.com\/les-armateurs-saint-malo\/#breadcrumb","itemListElement":[{"@type":"ListItem","position":1,"name":"Accueil","item":"https:\/\/saintmalo-hotel-elizabeth.com\/"},{"@type":"ListItem","position":2,"name":"B\u00e2timent \u00ab\u00a0Les Armateurs\u00a0\u00bb"}]},{"@type":"WebSite","@id":"https:\/\/saintmalo-hotel-elizabeth.com\/#website","url":"https:\/\/saintmalo-hotel-elizabeth.com\/","name":"H\u00f4tel Elizabeth Saint-Malo","description":"H\u00f4tel centenaire au coeur de Saint-Malo, en bretagne","potentialAction":[{"@type":"SearchAction","target":{"@type":"EntryPoint","urlTemplate":"https:\/\/saintmalo-hotel-elizabeth.com\/?s={search_term_string}"},"query-input":"required name=search_term_string"}],"inLanguage":"it-IT"}]}},"_links":{"self":[{"href":"https:\/\/saintmalo-hotel-elizabeth.com\/it\/wp-json\/wp\/v2\/pages\/857","targetHints":{"allow":["GET"]}}],"collection":[{"href":"https:\/\/saintmalo-hotel-elizabeth.com\/it\/wp-json\/wp\/v2\/pages"}],"about":[{"href":"https:\/\/saintmalo-hotel-elizabeth.com\/it\/wp-json\/wp\/v2\/types\/page"}],"author":[{"embeddable":true,"href":"https:\/\/saintmalo-hotel-elizabeth.com\/it\/wp-json\/wp\/v2\/users\/2"}],"replies":[{"embeddable":true,"href":"https:\/\/saintmalo-hotel-elizabeth.com\/it\/wp-json\/wp\/v2\/comments?post=857"}],"version-history":[{"count":0,"href":"https:\/\/saintmalo-hotel-elizabeth.com\/it\/wp-json\/wp\/v2\/pages\/857\/revisions"}],"wp:attachment":[{"href":"https:\/\/saintmalo-hotel-elizabeth.com\/it\/wp-json\/wp\/v2\/media?parent=857"}],"curies":[{"name":"wp","href":"https:\/\/api.w.org\/{rel}","templated":true}]}}